{"id":69470,"date":"2025-02-04T17:38:05","date_gmt":"2025-02-04T17:38:05","guid":{"rendered":"https:\/\/brandss.com.py\/index\/?post_type=product&#038;p=69470"},"modified":"2025-02-04T17:43:09","modified_gmt":"2025-02-04T17:43:09","slug":"tenis-asics-femenino","status":"publish","type":"product","link":"https:\/\/brandss.com.py\/index\/producto\/tenis-asics-femenino\/","title":{"rendered":"CALZADO DEPORTIVO ASICS FEMENINO"},"content":{"rendered":"<p><strong><img loading=\"lazy\" decoding=\"async\" class=\"\" src=\"https:\/\/www.logo.wine\/a\/logo\/Asics\/Asics-Logo.wine.svg\" alt=\"Download ASICS Logo in SVG Vector or PNG File Format - Logo.wine\" width=\"138\" height=\"92\" \/><\/strong><\/p>\n<h1>1012A908-3<\/h1>\n<div class=\"flex max-w-full flex-col flex-grow\">\n<div class=\"min-h-8 text-message flex w-full flex-col items-end gap-2 whitespace-normal break-words text-start [.text-message+&amp;]:mt-5\" dir=\"auto\" data-message-author-role=\"assistant\" data-message-id=\"1de20b1c-50de-4434-aa2d-907e9e4b777b\" data-message-model-slug=\"gpt-4o\">\n<div class=\"flex w-full flex-col gap-1 empty:hidden first:pt-[3px]\">\n<div class=\"markdown prose w-full break-words dark:prose-invert light\">\n<p>Descubre el equilibrio perfecto entre confort, estilo y rendimiento con estas zapatillas ASICS dise\u00f1adas para acompa\u00f1arte en cada entrenamiento y salida casual. Su dise\u00f1o en tonos celestes con detalles en azul marino aporta un toque fresco y moderno, ideal para quienes buscan destacar sin sacrificar funcionalidad.<\/p>\n<h3><strong>Caracter\u00edsticas destacadas:<\/strong><\/h3>\n<p>\u2714 <strong>Material transpirable:<\/strong> Capellada de malla ligera que favorece la ventilaci\u00f3n, manteniendo tus pies frescos y c\u00f3modos.<br \/>\n\u2714 <strong>Amortiguaci\u00f3n \u00f3ptima:<\/strong> Suela intermedia con tecnolog\u00eda de absorci\u00f3n de impactos que proporciona mayor suavidad en cada pisada.<br \/>\n\u2714 <strong>Dise\u00f1o ergon\u00f3mico:<\/strong> Ajuste c\u00f3modo con cordones reforzados para un mejor soporte y estabilidad.<br \/>\n\u2714 <strong>Suela de alto agarre:<\/strong> Base de goma con patr\u00f3n de tracci\u00f3n para mayor seguridad en distintos tipos de superficies.<br \/>\n\u2714 <strong>Versatilidad total:<\/strong> Perfectas tanto para correr como para el d\u00eda a d\u00eda, combinando con atuendos deportivos y casuales.<\/p>\n<p>Lleva tu rendimiento y estilo al siguiente nivel con estas zapatillas ASICS, dise\u00f1adas para brindarte el soporte y la comodidad que necesitas en cada paso. \u00a1Hazlas tuyas hoy! \ud83c\udfc3\u200d\u2640\ufe0f\u2728<\/p>\n<\/div>\n<\/div>\n<\/div>\n<\/div>\n","protected":false},"excerpt":{"rendered":"<p>1012A908-3 Descubre el equilibrio perfecto entre confort, estilo y rendimiento con estas zapatillas ASICS dise\u00f1adas para acompa\u00f1arte en cada entrenamiento<\/p>\n","protected":false},"featured_media":69476,"comment_status":"open","ping_status":"closed","template":"","meta":{"nf_dc_page":""},"product_brand":[],"product_cat":[73],"product_tag":[],"class_list":{"0":"post-69470","1":"product","2":"type-product","3":"status-publish","4":"has-post-thumbnail","6":"product_cat-femenino","8":"first","9":"instock","10":"shipping-taxable","11":"purchasable","12":"product-type-simple"},"_links":{"self":[{"href":"https:\/\/brandss.com.py\/index\/wp-json\/wp\/v2\/product\/69470","targetHints":{"allow":["GET"]}}],"collection":[{"href":"https:\/\/brandss.com.py\/index\/wp-json\/wp\/v2\/product"}],"about":[{"href":"https:\/\/brandss.com.py\/index\/wp-json\/wp\/v2\/types\/product"}],"replies":[{"embeddable":true,"href":"https:\/\/brandss.com.py\/index\/wp-json\/wp\/v2\/comments?post=69470"}],"version-history":[{"count":2,"href":"https:\/\/brandss.com.py\/index\/wp-json\/wp\/v2\/product\/69470\/revisions"}],"predecessor-version":[{"id":69483,"href":"https:\/\/brandss.com.py\/index\/wp-json\/wp\/v2\/product\/69470\/revisions\/69483"}],"wp:featuredmedia":[{"embeddable":true,"href":"https:\/\/brandss.com.py\/index\/wp-json\/wp\/v2\/media\/69476"}],"wp:attachment":[{"href":"https:\/\/brandss.com.py\/index\/wp-json\/wp\/v2\/media?parent=69470"}],"wp:term":[{"taxonomy":"product_brand","embeddable":true,"href":"https:\/\/brandss.com.py\/index\/wp-json\/wp\/v2\/product_brand?post=69470"},{"taxonomy":"product_cat","embeddable":true,"href":"https:\/\/brandss.com.py\/index\/wp-json\/wp\/v2\/product_cat?post=69470"},{"taxonomy":"product_tag","embeddable":true,"href":"https:\/\/brandss.com.py\/index\/wp-json\/wp\/v2\/product_tag?post=69470"}],"curies":[{"name":"wp","href":"https:\/\/api.w.org\/{rel}","templated":true}]}}