{"id":69482,"date":"2025-02-04T17:51:34","date_gmt":"2025-02-04T17:51:34","guid":{"rendered":"https:\/\/brandss.com.py\/index\/?post_type=product&#038;p=69482"},"modified":"2026-04-22T18:24:59","modified_gmt":"2026-04-22T18:24:59","slug":"calzado-deportivo-femenino-nike-metcon-8","status":"publish","type":"product","link":"https:\/\/brandss.com.py\/index\/producto\/calzado-deportivo-femenino-nike-metcon-8\/","title":{"rendered":"CALZADO DEPORTIVO FEMENINO NIKE METCON 8"},"content":{"rendered":"<p><img loading=\"lazy\" decoding=\"async\" class=\"\" src=\"https:\/\/1000marcas.net\/wp-content\/uploads\/2019\/11\/Logo-Nike.jpg\" alt=\"Logo de Nike: la historia y el significado del logotipo, la marca y el  s\u00edmbolo. | png, vector\" width=\"110\" height=\"62\" \/><\/p>\n<h1>METCON 8<\/h1>\n<p><span>El calzado <\/span>Nike Metcon 8<span> es tu aliado imprescindible para afrontar nuevos retos durante tus\u00a0<\/span>sesiones de entrenamiento. Esta nueva\u00a0versi\u00f3n m\u00e1s\u00a0ligera y transpirable se adapta a tus ejercicios favoritos. <span>La espuma Nike React en la entresuela proporciona una excelente\u00a0<\/span>amortiguaci\u00f3n\u00a0y absorbe eficazmente los impactos. Te beneficias del\u00a0retorno de energ\u00eda<span> reactiva al encadenar tus repeticiones. Su acolchado Hyperlift mantiene tu tobillo estable y te brinda mayor movilidad.\u00a0<\/span><span>Sus refuerzos ensanchados en el tal\u00f3n y el mediopi\u00e9 garantizan una mayor\u00a0<\/span>estabilidad\u00a0y una buena\u00a0sujeci\u00f3n<span> del pie.\u00a0Est\u00e1 equipado con una placa interna que le promete una distribuci\u00f3n equilibrada del peso. <\/span><span>La malla liviana te brinda\u00a0<\/span>transpirabilidad\u00a0constante para una mayor\u00a0frescura\u00a0durante tus circuitos cardiovasculares. Los insertos colocados en \u00e1reas de desgaste proporcionan mayor\u00a0resistencia<span>. Tiene una tira autoadherente en la leng\u00fceta que asegura los cordones para que puedas moverte con tranquilidad.\u00a0<\/span><span>Su suela de goma te proporciona\u00a0<\/span>un agarre\u00a0duradero tanto en interiores como en asfalto. Las ranuras en el antepi\u00e9 promueven tu\u00a0flexibilidad.<strong><br \/>\n<\/strong><\/p>\n<h4><span class=\"m-accordion__header\"><span class=\"m-accordion__header__title\"><span>Tecnolog\u00edas<\/span><\/span><\/span><\/h4>\n<div class=\"m-accordion__content js-readMore\">\n<div class=\"m-readMore__content js-readMore-container\">\n<div class=\"prdDtl__contentSection__content\">\n<dl>\n<dt><strong>Nike React<\/strong><\/dt>\n<dt><\/dt>\n<dd><span>La amortiguaci\u00f3n Nike React proporciona un dinamismo excepcional. Cuando tu pie toca el suelo, la espuma responde al impacto de tu paso volviendo a su forma. Cuanto m\u00e1s energ\u00eda pongas en tu paso, mayor ser\u00e1 el retorno energ\u00e9tico.<\/span><\/dd>\n<dd><\/dd>\n<dt><strong>Hiperelevador<\/strong><\/dt>\n<dd><span>Acolchado que se coloca en el tal\u00f3n. Aumenta el drop en un tama\u00f1o que var\u00eda seg\u00fan el modelo y proporciona una ganancia en estabilidad.<\/span><\/dd>\n<\/dl>\n<\/div>\n<\/div>\n<\/div>\n<p>&nbsp;<\/p>\n<ul>\n<li>Espuma Nike React: retorno de energ\u00eda, amortiguaci\u00f3n y absorci\u00f3n de impactos.<\/li>\n<li>Hyperlift: estabilidad.<\/li>\n<li>Placa interna y tal\u00f3n ensanchado<span>: distribuci\u00f3n del peso.<\/span><\/li>\n<li>Refuerzos en el mediopi\u00e9: soporte.<\/li>\n<li>Parte superior de malla: transpirabilidad.<\/li>\n<li>Insertos en zonas de desgaste: resistencia y durabilidad.<\/li>\n<li>Clip de tal\u00f3n: evita resbalones al hacer ejercicio contra una pared.<\/li>\n<li>Tira de velcro en la leng\u00fceta: fijaci\u00f3n de los cordones.<\/li>\n<li>Suela\u00a0de goma: agarre.<\/li>\n<li>Refuerzos laterales de caucho: agarre (escalada con cuerda).<\/li>\n<li>Ranuras en el antepi\u00e9: flexibilidad.<\/li>\n<li>Plantilla extra\u00edble.<\/li>\n<li>Ca\u00edda: 4 mm.<\/li>\n<li>Color<span>: Citron Tint Cool Grey.<\/span><\/li>\n<li>Modelo: DO9327-801<\/li>\n<\/ul>\n","protected":false},"excerpt":{"rendered":"<p>METCON 8 El calzado Nike Metcon 8 es tu aliado imprescindible para afrontar nuevos retos durante tus\u00a0sesiones de entrenamiento. Esta<\/p>\n","protected":false},"featured_media":69484,"comment_status":"open","ping_status":"closed","template":"","meta":{"nf_dc_page":""},"product_brand":[],"product_cat":[73],"product_tag":[],"class_list":{"0":"post-69482","1":"product","2":"type-product","3":"status-publish","4":"has-post-thumbnail","6":"product_cat-femenino","8":"first","9":"outofstock","10":"shipping-taxable","11":"purchasable","12":"product-type-simple"},"_links":{"self":[{"href":"https:\/\/brandss.com.py\/index\/wp-json\/wp\/v2\/product\/69482","targetHints":{"allow":["GET"]}}],"collection":[{"href":"https:\/\/brandss.com.py\/index\/wp-json\/wp\/v2\/product"}],"about":[{"href":"https:\/\/brandss.com.py\/index\/wp-json\/wp\/v2\/types\/product"}],"replies":[{"embeddable":true,"href":"https:\/\/brandss.com.py\/index\/wp-json\/wp\/v2\/comments?post=69482"}],"version-history":[{"count":1,"href":"https:\/\/brandss.com.py\/index\/wp-json\/wp\/v2\/product\/69482\/revisions"}],"predecessor-version":[{"id":69495,"href":"https:\/\/brandss.com.py\/index\/wp-json\/wp\/v2\/product\/69482\/revisions\/69495"}],"wp:featuredmedia":[{"embeddable":true,"href":"https:\/\/brandss.com.py\/index\/wp-json\/wp\/v2\/media\/69484"}],"wp:attachment":[{"href":"https:\/\/brandss.com.py\/index\/wp-json\/wp\/v2\/media?parent=69482"}],"wp:term":[{"taxonomy":"product_brand","embeddable":true,"href":"https:\/\/brandss.com.py\/index\/wp-json\/wp\/v2\/product_brand?post=69482"},{"taxonomy":"product_cat","embeddable":true,"href":"https:\/\/brandss.com.py\/index\/wp-json\/wp\/v2\/product_cat?post=69482"},{"taxonomy":"product_tag","embeddable":true,"href":"https:\/\/brandss.com.py\/index\/wp-json\/wp\/v2\/product_tag?post=69482"}],"curies":[{"name":"wp","href":"https:\/\/api.w.org\/{rel}","templated":true}]}}