{"id":69496,"date":"2025-02-04T18:09:21","date_gmt":"2025-02-04T18:09:21","guid":{"rendered":"https:\/\/brandss.com.py\/index\/?post_type=product&#038;p=69496"},"modified":"2025-02-04T18:10:02","modified_gmt":"2025-02-04T18:10:02","slug":"calzado-deportivo-femenino-nike-air-zoom-pegasus-40","status":"publish","type":"product","link":"https:\/\/brandss.com.py\/index\/producto\/calzado-deportivo-femenino-nike-air-zoom-pegasus-40\/","title":{"rendered":"CALZADO DEPORTIVO FEMENINO NIKE AIR ZOOM PEGASUS 40"},"content":{"rendered":"<p><img loading=\"lazy\" decoding=\"async\" class=\"\" src=\"https:\/\/1000marcas.net\/wp-content\/uploads\/2019\/11\/Logo-Nike.jpg\" alt=\"Logo de Nike: la historia y el significado del logotipo, la marca y el  s\u00edmbolo. | png, vector\" width=\"121\" height=\"68\" \/><\/p>\n<h1>AIR ZOOM PEGASUS 40<\/h1>\n<div class=\"experience-component experience-productText\">\n<div class=\"product-text-wrapper hide-empty  \">\n<div class=\"product-text-content     \">\n<div class=\"product-text  released    \" data-product-field=\"longDescription\">\n<p>Con una pisada el\u00e1stica para cualquier tipo de carrera, vuelve la sensaci\u00f3n familiar e ideal para ti que ofrece el Peg para ayudarte a alcanzar tus objetivos. Esta versi\u00f3n cuenta con la misma responsividad y soporte neutro que te encanta, pero con comodidad mejorada en las zonas sensibles del pie, como el arco y los dedos. Ya sea que recorras muchos kil\u00f3metros en un marat\u00f3n, que te hagas un tiempo para una carrera de velocidad antes de que se ponga el sol o que te unas a un grupo espont\u00e1neo de excursionistas, se trata de un calzado de carretera con una trayectoria fija, en el que puedes confiar, d\u00eda tras d\u00eda, carrera tras carrera.<\/p>\n<div style=\"width: 1920px;\" class=\"wp-video\"><video class=\"wp-video-shortcode\" id=\"video-69496-1\" width=\"1920\" height=\"1000\" preload=\"metadata\" controls=\"controls\"><source type=\"video\/mp4\" src=\"https:\/\/brandss.com.py\/index\/wp-content\/uploads\/2025\/02\/desktop-pegasus-1.mp4?_=1\" \/><a href=\"https:\/\/brandss.com.py\/index\/wp-content\/uploads\/2025\/02\/desktop-pegasus-1.mp4\">https:\/\/brandss.com.py\/index\/wp-content\/uploads\/2025\/02\/desktop-pegasus-1.mp4<\/a><\/video><\/div>\n<p><b>Soporte: neutro<\/b><\/p>\n<p>Cuanto m\u00e1s soporte ofrece el calzado, m\u00e1s estabilidad puede darle a tu pisada natural. La combinaci\u00f3n de soporte optimizado y amortiguaci\u00f3n colocada intencionalmente te ayuda a sentir seguridad en cada paso. El Peg 40 cuenta con un soporte neutro. Te brinda equilibrio, ya sea que pises con el tal\u00f3n o con el antepi\u00e9. Es ideal para carreras largas y cortas, lo que proporciona una transici\u00f3n suave desde el tal\u00f3n hasta la punta.<\/p>\n<p><b>Amortiguaci\u00f3n: media<\/b><\/p>\n<p>Cuanta m\u00e1s amortiguaci\u00f3n tengas en la planta del pie, m\u00e1s suave y c\u00f3moda puede ser tu experiencia de running. La amortiguaci\u00f3n suaviza el impacto cuando los pies llegan al suelo. Siente la conexi\u00f3n con el suelo gracias a la tecnolog\u00eda Nike React, una espuma ligera y duradera que proporciona una pisada c\u00f3moda con respuesta inmediata. Mantiene su forma carrera tras carrera para brindarte una sensaci\u00f3n uniforme.<\/p>\n<p><b>Responsividad: alta<\/b><\/p>\n<p>Cuanto m\u00e1s responsivo sea el calzado, m\u00e1s retorno de energ\u00eda obtendr\u00e1s con cada paso. Ya sea que quieras correr un poco m\u00e1s r\u00e1pido o con un poco menos de esfuerzo, un calzado responsivo te brinda m\u00e1s elasticidad en tu pisada para que aproveches al m\u00e1ximo tu carrera. Combinamos la tecnolog\u00eda Nike React con dos unidades Zoom Air (una en el antepi\u00e9 y otra en el tal\u00f3n) para ofrecer una sensaci\u00f3n el\u00e1stica y amortiguada, as\u00ed como un poco de energ\u00eda al despegar la punta.<\/p>\n<p><b>Ajuste y sensaci\u00f3n c\u00f3modos<\/b><\/p>\n<p>La malla de una sola capa altamente afinada crea una sensaci\u00f3n y un ajuste c\u00f3modos. Redise\u00f1amos la correa del mediopi\u00e9 para brindar un ajuste m\u00e1s moldeado al pie, con una forma para arcos de todos los tama\u00f1os.<\/p>\n<p><b>\u00bfQu\u00e9 hay nuevo en el Peg 40?<\/b><\/p>\n<p>Cuando nos pusimos a dise\u00f1ar el Peg 40, adoptamos un enfoque de adentro hacia afuera, literalmente, y empezamos por poner una banda en el mediopi\u00e9 para brindar una sensaci\u00f3n de mayor seguridad e indulgencia a la vez, como si el Peg le diera al arco del pie un abrazo suave y acogedor. Quer\u00edamos hacer los l\u00edmites interiores del calzado c\u00f3modos, transpirables y agradables en los dedos, el arco y el tal\u00f3n, donde tus pies son m\u00e1s sensibles, con un patr\u00f3n gr\u00e1fico circular de dise\u00f1o avanzado que le permite adaptarse al pie.<\/p>\n<p><b>M\u00e1s beneficios<\/b><\/p>\n<ul>\n<li>La zona del tal\u00f3n optimiza el espacio de aterrizaje y mejora la transici\u00f3n y la durabilidad.<\/li>\n<li>El patr\u00f3n gr\u00e1fico tipo waffle proporciona tracci\u00f3n en la carretera.<\/li>\n<li>Las ranuras extraflexibles proporcionan suavidad al despegar la punta del pie.<\/li>\n<\/ul>\n<p><b>Datos del producto<\/b><\/p>\n<ul>\n<li>Este producto no est\u00e1 dise\u00f1ado para usarse como equipo de protecci\u00f3n personal (EPP)<\/li>\n<li>Color: Guayaba hielo\/Marr\u00f3n \u00e1mbar\/Polvo fot\u00f3n\/Morado vivo<\/li>\n<li>Modelo: DV3854-800<\/li>\n<\/ul>\n<\/div>\n<\/div>\n<\/div>\n<\/div>\n","protected":false},"excerpt":{"rendered":"<p>AIR ZOOM PEGASUS 40 Con una pisada el\u00e1stica para cualquier tipo de carrera, vuelve la sensaci\u00f3n familiar e ideal para<\/p>\n","protected":false},"featured_media":69497,"comment_status":"open","ping_status":"closed","template":"","meta":{"nf_dc_page":""},"product_brand":[],"product_cat":[73],"product_tag":[],"class_list":{"0":"post-69496","1":"product","2":"type-product","3":"status-publish","4":"has-post-thumbnail","6":"product_cat-femenino","8":"first","9":"instock","10":"shipping-taxable","11":"purchasable","12":"product-type-simple"},"_links":{"self":[{"href":"https:\/\/brandss.com.py\/index\/wp-json\/wp\/v2\/product\/69496","targetHints":{"allow":["GET"]}}],"collection":[{"href":"https:\/\/brandss.com.py\/index\/wp-json\/wp\/v2\/product"}],"about":[{"href":"https:\/\/brandss.com.py\/index\/wp-json\/wp\/v2\/types\/product"}],"replies":[{"embeddable":true,"href":"https:\/\/brandss.com.py\/index\/wp-json\/wp\/v2\/comments?post=69496"}],"version-history":[{"count":1,"href":"https:\/\/brandss.com.py\/index\/wp-json\/wp\/v2\/product\/69496\/revisions"}],"predecessor-version":[{"id":69507,"href":"https:\/\/brandss.com.py\/index\/wp-json\/wp\/v2\/product\/69496\/revisions\/69507"}],"wp:featuredmedia":[{"embeddable":true,"href":"https:\/\/brandss.com.py\/index\/wp-json\/wp\/v2\/media\/69497"}],"wp:attachment":[{"href":"https:\/\/brandss.com.py\/index\/wp-json\/wp\/v2\/media?parent=69496"}],"wp:term":[{"taxonomy":"product_brand","embeddable":true,"href":"https:\/\/brandss.com.py\/index\/wp-json\/wp\/v2\/product_brand?post=69496"},{"taxonomy":"product_cat","embeddable":true,"href":"https:\/\/brandss.com.py\/index\/wp-json\/wp\/v2\/product_cat?post=69496"},{"taxonomy":"product_tag","embeddable":true,"href":"https:\/\/brandss.com.py\/index\/wp-json\/wp\/v2\/product_tag?post=69496"}],"curies":[{"name":"wp","href":"https:\/\/api.w.org\/{rel}","templated":true}]}}