{"id":69528,"date":"2025-02-05T10:57:32","date_gmt":"2025-02-05T10:57:32","guid":{"rendered":"https:\/\/brandss.com.py\/index\/?post_type=product&#038;p=69528"},"modified":"2025-02-05T10:58:03","modified_gmt":"2025-02-05T10:58:03","slug":"camiseta-deportivo-femenino-nike-dri-fit-one-swoosh-sin-mangas","status":"publish","type":"product","link":"https:\/\/brandss.com.py\/index\/producto\/camiseta-deportivo-femenino-nike-dri-fit-one-swoosh-sin-mangas\/","title":{"rendered":"CAMISETA DEPORTIVO FEMENINO NIKE DRI-FIT ONE SWOOSH SIN MANGAS"},"content":{"rendered":"<p><img loading=\"lazy\" decoding=\"async\" class=\"\" src=\"https:\/\/1000marcas.net\/wp-content\/uploads\/2019\/11\/Logo-Nike.jpg\" alt=\"Logo de Nike: la historia y el significado del logotipo, la marca y el  s\u00edmbolo. | png, vector\" width=\"121\" height=\"68\" \/><\/p>\n<h1>DRI-FIT ONE SWOOSH<\/h1>\n<p><span>Vuelve a los d\u00edas de atletismo en la escuela secundaria con esta camiseta Nike One. La tela suave y lisa viene en una silueta transpirable para mantenerte fresca y seca de principio a fin.<\/span><\/p>\n<p><span>La tecnolog\u00eda Nike Dri-Fit aleja el sudor de tu piel para una evaporaci\u00f3n m\u00e1s r\u00e1pida, lo que te ayuda a mantenerte seca y c\u00f3moda.<\/span><br \/>\n<span>El dise\u00f1o de espalda cruzada y las peque\u00f1as aberturas en los costados crean una flexibilidad adicional mientras te mueves.<\/span><\/p>\n<p><b><span>M\u00e1s detalles<\/span><\/b><\/p>\n<ul>\n<li><span>100% poli\u00e9ster.<\/span><\/li>\n<li><span>Lavado a m\u00e1quina.<\/span><\/li>\n<li><span>Importado.<\/span><\/li>\n<li>Color: Rojo Picante.<\/li>\n<li>Modelo: DX1027-633.<\/li>\n<\/ul>\n","protected":false},"excerpt":{"rendered":"<p>DRI-FIT ONE SWOOSH Vuelve a los d\u00edas de atletismo en la escuela secundaria con esta camiseta Nike One. La tela<\/p>\n","protected":false},"featured_media":69529,"comment_status":"open","ping_status":"closed","template":"","meta":{"nf_dc_page":""},"product_brand":[],"product_cat":[73],"product_tag":[],"class_list":{"0":"post-69528","1":"product","2":"type-product","3":"status-publish","4":"has-post-thumbnail","6":"product_cat-femenino","8":"first","9":"instock","10":"shipping-taxable","11":"purchasable","12":"product-type-simple"},"_links":{"self":[{"href":"https:\/\/brandss.com.py\/index\/wp-json\/wp\/v2\/product\/69528","targetHints":{"allow":["GET"]}}],"collection":[{"href":"https:\/\/brandss.com.py\/index\/wp-json\/wp\/v2\/product"}],"about":[{"href":"https:\/\/brandss.com.py\/index\/wp-json\/wp\/v2\/types\/product"}],"replies":[{"embeddable":true,"href":"https:\/\/brandss.com.py\/index\/wp-json\/wp\/v2\/comments?post=69528"}],"version-history":[{"count":1,"href":"https:\/\/brandss.com.py\/index\/wp-json\/wp\/v2\/product\/69528\/revisions"}],"predecessor-version":[{"id":69534,"href":"https:\/\/brandss.com.py\/index\/wp-json\/wp\/v2\/product\/69528\/revisions\/69534"}],"wp:featuredmedia":[{"embeddable":true,"href":"https:\/\/brandss.com.py\/index\/wp-json\/wp\/v2\/media\/69529"}],"wp:attachment":[{"href":"https:\/\/brandss.com.py\/index\/wp-json\/wp\/v2\/media?parent=69528"}],"wp:term":[{"taxonomy":"product_brand","embeddable":true,"href":"https:\/\/brandss.com.py\/index\/wp-json\/wp\/v2\/product_brand?post=69528"},{"taxonomy":"product_cat","embeddable":true,"href":"https:\/\/brandss.com.py\/index\/wp-json\/wp\/v2\/product_cat?post=69528"},{"taxonomy":"product_tag","embeddable":true,"href":"https:\/\/brandss.com.py\/index\/wp-json\/wp\/v2\/product_tag?post=69528"}],"curies":[{"name":"wp","href":"https:\/\/api.w.org\/{rel}","templated":true}]}}