{"id":69535,"date":"2025-02-05T11:23:30","date_gmt":"2025-02-05T11:23:30","guid":{"rendered":"https:\/\/brandss.com.py\/index\/?post_type=product&#038;p=69535"},"modified":"2025-02-05T11:24:05","modified_gmt":"2025-02-05T11:24:05","slug":"conjunto-deportivo-infantil-nike-fc-barcelona-visitante-23-24-3pzs","status":"publish","type":"product","link":"https:\/\/brandss.com.py\/index\/producto\/conjunto-deportivo-infantil-nike-fc-barcelona-visitante-23-24-3pzs\/","title":{"rendered":"CONJUNTO DEPORTIVO INFANTIL NIKE FC BARCELONA VISITANTE 23\/24 3PZS"},"content":{"rendered":"<p><img loading=\"lazy\" decoding=\"async\" class=\"\" src=\"https:\/\/1000marcas.net\/wp-content\/uploads\/2019\/11\/Logo-Nike.jpg\" alt=\"Logo de Nike: la historia y el significado del logotipo, la marca y el  s\u00edmbolo. | png, vector\" width=\"112\" height=\"63\" \/><\/p>\n<h1>FC BARCELONA VISITANTE 23\/24<\/h1>\n<p><span>Viste a tus peque\u00f1as estrellas con este conjunto de tres piezas. Este conjunto, inspirado en los uniformes que usan los jugadores profesionales durante el juego, consta de una camiseta, pantalones cortos y medias a juego. Est\u00e1 confeccionado con un tejido ligero que absorbe la humedad y proporciona una sensaci\u00f3n de sequedad y un aspecto deportivo.<\/span><\/p>\n<p>&nbsp;<\/p>\n<div class=\"rows-container\">\n<section id=\"text-main0\" class=\"Fiichatecnica row pv-row\">\n<div class=\"product-details-items-container\">\n<div id=\"mCSB_13\" class=\"mCustomScrollBox mCS-dark-3 mCSB_horizontal mCSB_inside\">\n<div id=\"mCSB_13_container\" class=\"mCSB_container\" dir=\"ltr\">\n<ul>\n<li>Dise\u00f1o novedoso en color blanco con detalles en color azulgrana inspirado en la segunda equipaci\u00f3n de la temporada 1977-78.<\/li>\n<li>Logotipo de marca y escudo usado entre 1975 y 2002 estampados.<\/li>\n<li>La tela liviana absorbe la humedad de la piel, lo que permite que se evapore r\u00e1pidamente y brinde una sensaci\u00f3n de sequedad y comodidad.<\/li>\n<li>El tejido de punto transpirable es suave y liso al tacto.<\/li>\n<li>Un modelo inspirado en los atuendos que usan los jugadores durante los partidos.<\/li>\n<li>Tejido de poli\u00e9ster que incorpora la tecnolog\u00eda Dri-Fit que te mantiene fresco y seco durante la actividad f\u00edsica.<\/li>\n<li>Composici\u00f3n: 100% poli\u00e9ster<\/li>\n<li>Color: Blanco\/ Azul\/ Rojo.<\/li>\n<li>Modelo: DX2800-101<\/li>\n<\/ul>\n<\/div>\n<\/div>\n<\/div>\n<\/section>\n<\/div>\n","protected":false},"excerpt":{"rendered":"<p>FC BARCELONA VISITANTE 23\/24 Viste a tus peque\u00f1as estrellas con este conjunto de tres piezas. Este conjunto, inspirado en los<\/p>\n","protected":false},"featured_media":69536,"comment_status":"open","ping_status":"closed","template":"","meta":{"nf_dc_page":""},"product_brand":[],"product_cat":[75],"product_tag":[],"class_list":{"0":"post-69535","1":"product","2":"type-product","3":"status-publish","4":"has-post-thumbnail","6":"product_cat-infantil","8":"first","9":"instock","10":"shipping-taxable","11":"purchasable","12":"product-type-simple"},"_links":{"self":[{"href":"https:\/\/brandss.com.py\/index\/wp-json\/wp\/v2\/product\/69535","targetHints":{"allow":["GET"]}}],"collection":[{"href":"https:\/\/brandss.com.py\/index\/wp-json\/wp\/v2\/product"}],"about":[{"href":"https:\/\/brandss.com.py\/index\/wp-json\/wp\/v2\/types\/product"}],"replies":[{"embeddable":true,"href":"https:\/\/brandss.com.py\/index\/wp-json\/wp\/v2\/comments?post=69535"}],"version-history":[{"count":1,"href":"https:\/\/brandss.com.py\/index\/wp-json\/wp\/v2\/product\/69535\/revisions"}],"predecessor-version":[{"id":69543,"href":"https:\/\/brandss.com.py\/index\/wp-json\/wp\/v2\/product\/69535\/revisions\/69543"}],"wp:featuredmedia":[{"embeddable":true,"href":"https:\/\/brandss.com.py\/index\/wp-json\/wp\/v2\/media\/69536"}],"wp:attachment":[{"href":"https:\/\/brandss.com.py\/index\/wp-json\/wp\/v2\/media?parent=69535"}],"wp:term":[{"taxonomy":"product_brand","embeddable":true,"href":"https:\/\/brandss.com.py\/index\/wp-json\/wp\/v2\/product_brand?post=69535"},{"taxonomy":"product_cat","embeddable":true,"href":"https:\/\/brandss.com.py\/index\/wp-json\/wp\/v2\/product_cat?post=69535"},{"taxonomy":"product_tag","embeddable":true,"href":"https:\/\/brandss.com.py\/index\/wp-json\/wp\/v2\/product_tag?post=69535"}],"curies":[{"name":"wp","href":"https:\/\/api.w.org\/{rel}","templated":true}]}}