{"id":69544,"date":"2025-02-05T11:46:07","date_gmt":"2025-02-05T11:46:07","guid":{"rendered":"https:\/\/brandss.com.py\/index\/?post_type=product&#038;p=69544"},"modified":"2025-02-05T11:50:07","modified_gmt":"2025-02-05T11:50:07","slug":"boxer-deportivo-masculino-adidas-performance-fit-bx-bos-para-nadar","status":"publish","type":"product","link":"https:\/\/brandss.com.py\/index\/producto\/boxer-deportivo-masculino-adidas-performance-fit-bx-bos-para-nadar\/","title":{"rendered":"BOXER DEPORTIVO MASCULINO ADIDAS FITNESS BADGE BX BOS PARA NADAR"},"content":{"rendered":"<p><img loading=\"lazy\" decoding=\"async\" class=\"\" src=\"https:\/\/encrypted-tbn0.gstatic.com\/images?q=tbn:ANd9GcSGLJC-hmcfN9t5pvZRmFrTBktTfr4lpdWKTA&amp;s\" alt=\"Archivo:Adidas Logo.svg - Wikipedia, la enciclopedia libre\" width=\"66\" height=\"44\" \/><\/p>\n<h1>FITNESS BADGE BX BOS<\/h1>\n<h3 class=\"subtitle___9ljbp\">Resistente al cloro, para nataci\u00f3n diaria.<\/h3>\n<p class=\"gl-vspace\">Estos calzoncillos tipo b\u00f3xer de nataci\u00f3n tienen un dise\u00f1o atrevido desarrollado para tus entrenamientos diarios de nataci\u00f3n. Est\u00e1 fabricado con tejido resistente al cloro utilizando hilos producidos a partir de residuos de nailon recuperados. Una cintura con cord\u00f3n mantiene el ajuste en su lugar.<\/p>\n<div class=\"accordion__header-text___2o9Im\">\n<h2 class=\"accordion-title___2sTgR\">Cuidado<\/h2>\n<\/div>\n<div class=\"accordion__header-icon___2FuRa\"><\/div>\n<div class=\"accordion__content___29x9h\">\n<div class=\"content-padding___2kVWQ\">\n<div class=\"care___2GwB4\" data-auto-id=\"pdp-content-care\">\n<div class=\"care-instructions___3scEd\">\n<h4 class=\"care-title___2YJe1 gl-no-margin-bottom\">Instrucciones de lavado<\/h4>\n<ul class=\"\">\n<li class=\"gl-vspace-bpall-small\"><img loading=\"lazy\" decoding=\"async\" src=\"https:\/\/www.adidas.com.br\/glass\/react\/9c53080\/assets\/img\/washing-instructions\/B1.svg\" alt=\"\" width=\"24\" height=\"24\" \/>No usa blanqueador<\/li>\n<li class=\"gl-vspace-bpall-small\"><img loading=\"lazy\" decoding=\"async\" src=\"https:\/\/www.adidas.com.br\/glass\/react\/9c53080\/assets\/img\/washing-instructions\/C1.svg\" alt=\"\" width=\"24\" height=\"24\" \/>No utilice secadora<\/li>\n<li class=\"gl-vspace-bpall-small\"><img loading=\"lazy\" decoding=\"async\" src=\"https:\/\/www.adidas.com.br\/glass\/react\/9c53080\/assets\/img\/washing-instructions\/E1.svg\" alt=\"\" width=\"24\" height=\"24\" \/>No lavar en seco<\/li>\n<li class=\"gl-vspace-bpall-small\"><img loading=\"lazy\" decoding=\"async\" src=\"https:\/\/www.adidas.com.br\/glass\/react\/9c53080\/assets\/img\/washing-instructions\/D1.svg\" alt=\"\" width=\"24\" height=\"24\" \/>No planchar<\/li>\n<li class=\"gl-vspace-bpall-small\"><img loading=\"lazy\" decoding=\"async\" src=\"https:\/\/www.adidas.com.br\/glass\/react\/9c53080\/assets\/img\/washing-instructions\/A4.svg\" alt=\"\" width=\"24\" height=\"24\" \/>Lavar a m\u00e1quina en ciclo delicado.<\/li>\n<\/ul>\n<\/div>\n<div class=\"extra-instructions___2TR8b\">\n<h4 class=\"care-title___2YJe1 gl-no-margin-bottom\">Informaci\u00f3n adicional sobre cuidados<\/h4>\n<ul class=\"gl-list gl-vspace-bpall-small\">\n<li class=\"gl-vspace-bpall-small\">Enjuagar inmediatamente despu\u00e9s de usar con jab\u00f3n suave.<\/li>\n<li class=\"gl-vspace-bpall-small\">No utilice suavizante de telas.<\/li>\n<li class=\"gl-vspace-bpall-small\">No almacenar mojado<\/li>\n<\/ul>\n<div class=\"accordion__header-text___2o9Im\">\n<h2 class=\"accordion-title___2sTgR\">Detalles<\/h2>\n<\/div>\n<div class=\"accordion__header-icon___2FuRa\"><\/div>\n<div class=\"accordion__content___29x9h\">\n<div class=\"content-padding___2kVWQ\">\n<div class=\"bullets___3bsSs\" data-auto-id=\"specifications-section\">\n<ul class=\"gl-list\">\n<li class=\"gl-vspace-bpall-small\">Malla 78% nailon reciclado \/ 22% elastano<\/li>\n<li class=\"gl-vspace-bpall-small\">Tejido ultraplano y suave.<\/li>\n<li class=\"gl-vspace-bpall-small\">Cord\u00f3n interior en la cintura el\u00e1stica.<\/li>\n<li class=\"gl-vspace-bpall-small\">Tejido Infinitex Fitness Eco resistente al cloro<\/li>\n<li class=\"gl-vspace-bpall-small\">Estos calzoncillos tipo b\u00f3xer para nataci\u00f3n est\u00e1n fabricados con hilos ECONYL\u00ae regenerados fabricados a partir de redes de pesca recicladas y otros materiales de nailon desechados.<\/li>\n<li class=\"gl-vspace-bpall-small\">Color: negro\/blanco<\/li>\n<li class=\"gl-vspace-bpall-small\">Modelo: DY5078<\/li>\n<\/ul>\n<\/div>\n<\/div>\n<\/div>\n<\/div>\n<\/div>\n<\/div>\n<\/div>\n","protected":false},"excerpt":{"rendered":"<p>FITNESS BADGE BX BOS Resistente al cloro, para nataci\u00f3n diaria. Estos calzoncillos tipo b\u00f3xer de nataci\u00f3n tienen un dise\u00f1o atrevido<\/p>\n","protected":false},"featured_media":69545,"comment_status":"open","ping_status":"closed","template":"","meta":{"nf_dc_page":""},"product_brand":[],"product_cat":[76],"product_tag":[],"class_list":{"0":"post-69544","1":"product","2":"type-product","3":"status-publish","4":"has-post-thumbnail","6":"product_cat-masculino","8":"first","9":"instock","10":"shipping-taxable","11":"purchasable","12":"product-type-simple"},"_links":{"self":[{"href":"https:\/\/brandss.com.py\/index\/wp-json\/wp\/v2\/product\/69544","targetHints":{"allow":["GET"]}}],"collection":[{"href":"https:\/\/brandss.com.py\/index\/wp-json\/wp\/v2\/product"}],"about":[{"href":"https:\/\/brandss.com.py\/index\/wp-json\/wp\/v2\/types\/product"}],"replies":[{"embeddable":true,"href":"https:\/\/brandss.com.py\/index\/wp-json\/wp\/v2\/comments?post=69544"}],"version-history":[{"count":2,"href":"https:\/\/brandss.com.py\/index\/wp-json\/wp\/v2\/product\/69544\/revisions"}],"predecessor-version":[{"id":69553,"href":"https:\/\/brandss.com.py\/index\/wp-json\/wp\/v2\/product\/69544\/revisions\/69553"}],"wp:featuredmedia":[{"embeddable":true,"href":"https:\/\/brandss.com.py\/index\/wp-json\/wp\/v2\/media\/69545"}],"wp:attachment":[{"href":"https:\/\/brandss.com.py\/index\/wp-json\/wp\/v2\/media?parent=69544"}],"wp:term":[{"taxonomy":"product_brand","embeddable":true,"href":"https:\/\/brandss.com.py\/index\/wp-json\/wp\/v2\/product_brand?post=69544"},{"taxonomy":"product_cat","embeddable":true,"href":"https:\/\/brandss.com.py\/index\/wp-json\/wp\/v2\/product_cat?post=69544"},{"taxonomy":"product_tag","embeddable":true,"href":"https:\/\/brandss.com.py\/index\/wp-json\/wp\/v2\/product_tag?post=69544"}],"curies":[{"name":"wp","href":"https:\/\/api.w.org\/{rel}","templated":true}]}}