{"id":69574,"date":"2025-02-05T13:10:30","date_gmt":"2025-02-05T13:10:30","guid":{"rendered":"https:\/\/brandss.com.py\/index\/?post_type=product&#038;p=69574"},"modified":"2025-02-05T13:11:01","modified_gmt":"2025-02-05T13:11:01","slug":"calzado-deportivo-infantil-adidas-continental-80","status":"publish","type":"product","link":"https:\/\/brandss.com.py\/index\/producto\/calzado-deportivo-infantil-adidas-continental-80\/","title":{"rendered":"CALZADO DEPORTIVO INFANTIL ADIDAS CONTINENTAL 80"},"content":{"rendered":"<p><img loading=\"lazy\" decoding=\"async\" class=\"\" src=\"https:\/\/encrypted-tbn0.gstatic.com\/images?q=tbn:ANd9GcSGLJC-hmcfN9t5pvZRmFrTBktTfr4lpdWKTA&amp;s\" alt=\"Archivo:Adidas Logo.svg - Wikipedia, la enciclopedia libre\" width=\"95\" height=\"64\" \/><\/p>\n<h1>CONTINENTAL 80<\/h1>\n<h3 class=\"subtitle___9ljbp\"><span>Zapatillas inspiradas en los dise\u00f1os de canchas de la d\u00e9cada de los 80.<\/span><\/h3>\n<p class=\"gl-vspace\"><span>El estilo retro de tenis de los a\u00f1os 80 inspira el dise\u00f1o Continental 80&#8217;s. Estas zapatillas de ca\u00f1a baja tienen un aspecto nost\u00e1lgico con una franja bicolor ondulada en el lateral y una ventana con el logotipo cerca de los cordones. Una suela de goma dividida con un inserto de EVA proporciona una sensaci\u00f3n c\u00f3moda y flexible.<\/span><\/p>\n<div class=\"accordion__header-text___2o9Im\">\n<h2 class=\"accordion-title___2sTgR\"><span>Detalles<\/span><\/h2>\n<\/div>\n<div class=\"accordion__header-icon___2FuRa\"><\/div>\n<div class=\"accordion__content___29x9h\">\n<div class=\"content-padding___2kVWQ\">\n<div class=\"bullets___3bsSs\" data-auto-id=\"specifications-section\">\n<ul class=\"gl-list\">\n<li class=\"gl-vspace-bpall-small\"><span>Ajuste regular.<\/span><\/li>\n<li class=\"gl-vspace-bpall-small\"><span>Cierre de encaje.<\/span><\/li>\n<li class=\"gl-vspace-bpall-small\"><span>Parte superior de cuero con superposiciones de cuero sint\u00e9tico.<\/span><\/li>\n<li class=\"gl-vspace-bpall-small\"><span>Suela de goma dividida.<\/span><\/li>\n<li class=\"gl-vspace-bpall-small\"><span>Disfrute de la comodidad y el rendimiento de la plantilla OrthoLite\u00ae; inserto de entresuela de EVA liviano.<\/span><\/li>\n<li class=\"gl-vspace-bpall-small\"><span>Tacto suave.<\/span><\/li>\n<li class=\"gl-vspace-bpall-small\"><span>Color: Negro b\u00e1sico \/ Escarlata \/ Azul marino universitario.<\/span><\/li>\n<li class=\"gl-vspace-bpall-small\"><span>Modelo: F99786.<\/span><\/li>\n<\/ul>\n<\/div>\n<\/div>\n<\/div>\n","protected":false},"excerpt":{"rendered":"<p>CONTINENTAL 80 Zapatillas inspiradas en los dise\u00f1os de canchas de la d\u00e9cada de los 80. El estilo retro de tenis<\/p>\n","protected":false},"featured_media":69575,"comment_status":"open","ping_status":"closed","template":"","meta":{"nf_dc_page":""},"product_brand":[],"product_cat":[75],"product_tag":[],"class_list":{"0":"post-69574","1":"product","2":"type-product","3":"status-publish","4":"has-post-thumbnail","6":"product_cat-infantil","8":"first","9":"instock","10":"shipping-taxable","11":"purchasable","12":"product-type-simple"},"_links":{"self":[{"href":"https:\/\/brandss.com.py\/index\/wp-json\/wp\/v2\/product\/69574","targetHints":{"allow":["GET"]}}],"collection":[{"href":"https:\/\/brandss.com.py\/index\/wp-json\/wp\/v2\/product"}],"about":[{"href":"https:\/\/brandss.com.py\/index\/wp-json\/wp\/v2\/types\/product"}],"replies":[{"embeddable":true,"href":"https:\/\/brandss.com.py\/index\/wp-json\/wp\/v2\/comments?post=69574"}],"version-history":[{"count":1,"href":"https:\/\/brandss.com.py\/index\/wp-json\/wp\/v2\/product\/69574\/revisions"}],"predecessor-version":[{"id":69585,"href":"https:\/\/brandss.com.py\/index\/wp-json\/wp\/v2\/product\/69574\/revisions\/69585"}],"wp:featuredmedia":[{"embeddable":true,"href":"https:\/\/brandss.com.py\/index\/wp-json\/wp\/v2\/media\/69575"}],"wp:attachment":[{"href":"https:\/\/brandss.com.py\/index\/wp-json\/wp\/v2\/media?parent=69574"}],"wp:term":[{"taxonomy":"product_brand","embeddable":true,"href":"https:\/\/brandss.com.py\/index\/wp-json\/wp\/v2\/product_brand?post=69574"},{"taxonomy":"product_cat","embeddable":true,"href":"https:\/\/brandss.com.py\/index\/wp-json\/wp\/v2\/product_cat?post=69574"},{"taxonomy":"product_tag","embeddable":true,"href":"https:\/\/brandss.com.py\/index\/wp-json\/wp\/v2\/product_tag?post=69574"}],"curies":[{"name":"wp","href":"https:\/\/api.w.org\/{rel}","templated":true}]}}