{"id":69597,"date":"2025-02-05T13:46:37","date_gmt":"2025-02-05T13:46:37","guid":{"rendered":"https:\/\/brandss.com.py\/index\/?post_type=product&#038;p=69597"},"modified":"2025-02-05T13:47:07","modified_gmt":"2025-02-05T13:47:07","slug":"top-deportivo-femenino-adidas-dont-rest-torch","status":"publish","type":"product","link":"https:\/\/brandss.com.py\/index\/producto\/top-deportivo-femenino-adidas-dont-rest-torch\/","title":{"rendered":"TOP DEPORTIVO FEMENINO ADIDAS DON&#8217;T REST TORCH"},"content":{"rendered":"<p><img loading=\"lazy\" decoding=\"async\" class=\"\" src=\"https:\/\/encrypted-tbn0.gstatic.com\/images?q=tbn:ANd9GcSGLJC-hmcfN9t5pvZRmFrTBktTfr4lpdWKTA&amp;s\" alt=\"Archivo:Adidas Logo.svg - Wikipedia, la enciclopedia libre\" width=\"101\" height=\"68\" \/><\/p>\n<h1>DON&#8217;T REST TORCH<\/h1>\n<p><span>El adidas DONT REST TORCH BRA es un sujetador deportivo para mujer con un nivel de sujeci\u00f3n medio. <\/span><span>Es ideal para todo tipo de ejercicios en el gimnasio o al aire libre, incluido el entrenamiento cardiovascular. <\/span><span>Est\u00e1 confeccionado con tejido el\u00e1stico AEROREADY que absorbe el sudor de la piel y ayuda a mantenerte seco cuando aumentas la intensidad de tu entrenamiento. <\/span><span>Las correas que mantienen tus senos firmemente en su lugar te ayudan a concentrarte en tu entrenamiento, no en tu ropa interior que te detiene. <\/span><span>La construcci\u00f3n interna de doble malla Power Mesh brindar\u00e1 alto soporte y transpirabilidad, y el escote m\u00e1s alto brinda cobertura y soporte desde todos los \u00e1ngulos. <\/span><span>El sujetador tiene almohadillas extra\u00edbles que brindan cobertura adicional y dan forma a una silueta elegante.<\/span><\/p>\n<p>&nbsp;<\/p>\n<h4><span>Detalles:<\/span><\/h4>\n<ul>\n<li><span>Sujetador deportivo para mujer<\/span><\/li>\n<li><span>Soporte de pecho mediano<\/span><\/li>\n<li><span>Construcci\u00f3n interna doble Power Mesh con malla<\/span><\/li>\n<li><span>El escote m\u00e1s alto proporciona cobertura.<\/span><\/li>\n<li><span>Almohadillas extra\u00edbles<\/span><\/li>\n<li><span>Tejidos el\u00e1sticos AEROREADY<\/span><\/li>\n<li><span>Esta prenda est\u00e1 confeccionada con poli\u00e9ster reciclado para conservar los recursos naturales y reducir las emisiones de residuos nocivos.<\/span><\/li>\n<li><span>Composici\u00f3n: 70% poli\u00e9ster reciclado, 19% poli\u00e9ster, 11% elastano.<\/span><\/li>\n<li><span>Color: P\u00farpura legado<\/span><\/li>\n<li>Modelo: FI6584<\/li>\n<\/ul>\n","protected":false},"excerpt":{"rendered":"<p>DON&#8217;T REST TORCH El adidas DONT REST TORCH BRA es un sujetador deportivo para mujer con un nivel de sujeci\u00f3n<\/p>\n","protected":false},"featured_media":69599,"comment_status":"open","ping_status":"closed","template":"","meta":{"nf_dc_page":""},"product_brand":[],"product_cat":[73],"product_tag":[],"class_list":{"0":"post-69597","1":"product","2":"type-product","3":"status-publish","4":"has-post-thumbnail","6":"product_cat-femenino","8":"first","9":"instock","10":"shipping-taxable","11":"purchasable","12":"product-type-simple"},"_links":{"self":[{"href":"https:\/\/brandss.com.py\/index\/wp-json\/wp\/v2\/product\/69597","targetHints":{"allow":["GET"]}}],"collection":[{"href":"https:\/\/brandss.com.py\/index\/wp-json\/wp\/v2\/product"}],"about":[{"href":"https:\/\/brandss.com.py\/index\/wp-json\/wp\/v2\/types\/product"}],"replies":[{"embeddable":true,"href":"https:\/\/brandss.com.py\/index\/wp-json\/wp\/v2\/comments?post=69597"}],"version-history":[{"count":1,"href":"https:\/\/brandss.com.py\/index\/wp-json\/wp\/v2\/product\/69597\/revisions"}],"predecessor-version":[{"id":69608,"href":"https:\/\/brandss.com.py\/index\/wp-json\/wp\/v2\/product\/69597\/revisions\/69608"}],"wp:featuredmedia":[{"embeddable":true,"href":"https:\/\/brandss.com.py\/index\/wp-json\/wp\/v2\/media\/69599"}],"wp:attachment":[{"href":"https:\/\/brandss.com.py\/index\/wp-json\/wp\/v2\/media?parent=69597"}],"wp:term":[{"taxonomy":"product_brand","embeddable":true,"href":"https:\/\/brandss.com.py\/index\/wp-json\/wp\/v2\/product_brand?post=69597"},{"taxonomy":"product_cat","embeddable":true,"href":"https:\/\/brandss.com.py\/index\/wp-json\/wp\/v2\/product_cat?post=69597"},{"taxonomy":"product_tag","embeddable":true,"href":"https:\/\/brandss.com.py\/index\/wp-json\/wp\/v2\/product_tag?post=69597"}],"curies":[{"name":"wp","href":"https:\/\/api.w.org\/{rel}","templated":true}]}}