{"id":69658,"date":"2025-02-05T16:19:39","date_gmt":"2025-02-05T16:19:39","guid":{"rendered":"https:\/\/brandss.com.py\/index\/?post_type=product&#038;p=69658"},"modified":"2025-02-05T16:20:07","modified_gmt":"2025-02-05T16:20:07","slug":"top-deportivo-femenino-adidas-believe-this-2-0","status":"publish","type":"product","link":"https:\/\/brandss.com.py\/index\/producto\/top-deportivo-femenino-adidas-believe-this-2-0\/","title":{"rendered":"TOP DEPORTIVO FEMENINO ADIDAS BELIEVE THIS 2.0"},"content":{"rendered":"<p><img loading=\"lazy\" decoding=\"async\" class=\"\" src=\"https:\/\/encrypted-tbn0.gstatic.com\/images?q=tbn:ANd9GcSGLJC-hmcfN9t5pvZRmFrTBktTfr4lpdWKTA&amp;s\" alt=\"Archivo:Adidas Logo.svg - Wikipedia, la enciclopedia libre\" width=\"121\" height=\"81\" \/><\/p>\n<h1>BELIEVE THIS 2.0<\/h1>\n<p><span>Practica senderismo, monta en bicicleta o ve al gimnasio. Entrena con comodidad con el sujetador adidas Believe This. El tejido el\u00e1stico que absorbe la humedad te mantiene seca durante sesiones intensas. Los tirantes que reducen el rebote te hacen sentir segura y concentrada en tu entrenamiento.<\/span><\/p>\n<p><span>Caracter\u00edsticas:<\/span><\/p>\n<ul>\n<li><span>Soporte medio.<\/span><\/li>\n<li><span>Cuello redondo.<\/span><\/li>\n<li><span>Almohadillas extra\u00edbles.<\/span><\/li>\n<li><span>Espalda cruzada con estabilizadores en la correa delantera.<\/span><\/li>\n<li><span>Forro interior de malla resistente de doble capa.<\/span><\/li>\n<li><span>AEROREADY que absorbe la humedad.<\/span><\/li>\n<li><span>Inserciones laterales de malla.<\/span><\/li>\n<li><span>Composici\u00f3n: 70% poli\u00e9ster reciclado, 19% poli\u00e9ster, 11% elastano interlock.<\/span><\/li>\n<li>Color: Negro\/ Blanco.<\/li>\n<li>Modelo: FS9375.<\/li>\n<\/ul>\n","protected":false},"excerpt":{"rendered":"<p>BELIEVE THIS 2.0 Practica senderismo, monta en bicicleta o ve al gimnasio. Entrena con comodidad con el sujetador adidas Believe<\/p>\n","protected":false},"featured_media":69659,"comment_status":"open","ping_status":"closed","template":"","meta":{"nf_dc_page":""},"product_brand":[],"product_cat":[73],"product_tag":[],"class_list":{"0":"post-69658","1":"product","2":"type-product","3":"status-publish","4":"has-post-thumbnail","6":"product_cat-femenino","8":"first","9":"instock","10":"shipping-taxable","11":"purchasable","12":"product-type-simple"},"_links":{"self":[{"href":"https:\/\/brandss.com.py\/index\/wp-json\/wp\/v2\/product\/69658","targetHints":{"allow":["GET"]}}],"collection":[{"href":"https:\/\/brandss.com.py\/index\/wp-json\/wp\/v2\/product"}],"about":[{"href":"https:\/\/brandss.com.py\/index\/wp-json\/wp\/v2\/types\/product"}],"replies":[{"embeddable":true,"href":"https:\/\/brandss.com.py\/index\/wp-json\/wp\/v2\/comments?post=69658"}],"version-history":[{"count":1,"href":"https:\/\/brandss.com.py\/index\/wp-json\/wp\/v2\/product\/69658\/revisions"}],"predecessor-version":[{"id":69669,"href":"https:\/\/brandss.com.py\/index\/wp-json\/wp\/v2\/product\/69658\/revisions\/69669"}],"wp:featuredmedia":[{"embeddable":true,"href":"https:\/\/brandss.com.py\/index\/wp-json\/wp\/v2\/media\/69659"}],"wp:attachment":[{"href":"https:\/\/brandss.com.py\/index\/wp-json\/wp\/v2\/media?parent=69658"}],"wp:term":[{"taxonomy":"product_brand","embeddable":true,"href":"https:\/\/brandss.com.py\/index\/wp-json\/wp\/v2\/product_brand?post=69658"},{"taxonomy":"product_cat","embeddable":true,"href":"https:\/\/brandss.com.py\/index\/wp-json\/wp\/v2\/product_cat?post=69658"},{"taxonomy":"product_tag","embeddable":true,"href":"https:\/\/brandss.com.py\/index\/wp-json\/wp\/v2\/product_tag?post=69658"}],"curies":[{"name":"wp","href":"https:\/\/api.w.org\/{rel}","templated":true}]}}