{"id":69721,"date":"2025-02-05T17:45:27","date_gmt":"2025-02-05T17:45:27","guid":{"rendered":"https:\/\/brandss.com.py\/index\/?post_type=product&#038;p=69721"},"modified":"2025-02-05T17:45:52","modified_gmt":"2025-02-05T17:45:52","slug":"calzado-deportivo-infantil-adidas-continental-80-2","status":"publish","type":"product","link":"https:\/\/brandss.com.py\/index\/producto\/calzado-deportivo-infantil-adidas-continental-80-2\/","title":{"rendered":"CALZADO DEPORTIVO INFANTIL ADIDAS CONTINENTAL 80"},"content":{"rendered":"<p><img loading=\"lazy\" decoding=\"async\" class=\"\" src=\"https:\/\/encrypted-tbn0.gstatic.com\/images?q=tbn:ANd9GcSGLJC-hmcfN9t5pvZRmFrTBktTfr4lpdWKTA&amp;s\" alt=\"Archivo:Adidas Logo.svg - Wikipedia, la enciclopedia libre\" width=\"128\" height=\"86\" \/><\/p>\n<h1>CONTINENTAL 80<\/h1>\n<h3 class=\"subtitle___9ljbp\"><span>Zapatillas de uso diario con detalles iridiscentes.<\/span><\/h3>\n<p class=\"gl-vspace\"><span>Zapatillas adidas retro con un brillo extra. Estas zapatillas Continental 80 para j\u00f3venes se inspiran en el dise\u00f1o de la ropa deportiva de los a\u00f1os 80. La parte superior de cuero supersuave tiene una franja iridiscente en el lateral para darle el brillo justo. La forma de la suela exterior proviene directamente de los archivos.<\/span><\/p>\n<div class=\"accordion__header-text___2o9Im\">\n<h2 class=\"accordion-title___2sTgR\"><span>Detalles<\/span><\/h2>\n<\/div>\n<div class=\"accordion__header-icon___2FuRa\"><\/div>\n<div class=\"accordion__content___29x9h\">\n<div class=\"content-padding___2kVWQ\">\n<div class=\"bullets___3bsSs\" data-auto-id=\"specifications-section\">\n<ul class=\"gl-list\">\n<li class=\"gl-vspace-bpall-small\"><span>Ajuste regular.<\/span><\/li>\n<li class=\"gl-vspace-bpall-small\"><span>Cierre de encaje.<\/span><\/li>\n<li class=\"gl-vspace-bpall-small\"><span>Parte superior de cuero con capas sint\u00e9ticas.<\/span><\/li>\n<li class=\"gl-vspace-bpall-small\"><span>Tacto suave.<\/span><\/li>\n<li class=\"gl-vspace-bpall-small\"><span>Zapatillas retro.<\/span><\/li>\n<li class=\"gl-vspace-bpall-small\"><span>Plantilla OrthoLite\u00ae.<\/span><\/li>\n<li class=\"gl-vspace-bpall-small\"><span>Suela de goma.<\/span><\/li>\n<li class=\"gl-vspace-bpall-small\"><span>Color: Blanco nube \/ Blanco nube \/ Negro n\u00facleo.<\/span><\/li>\n<li class=\"gl-vspace-bpall-small\"><span>Modelo: FU6669.<\/span><\/li>\n<\/ul>\n<\/div>\n<\/div>\n<\/div>\n","protected":false},"excerpt":{"rendered":"<p>CONTINENTAL 80 Zapatillas de uso diario con detalles iridiscentes. Zapatillas adidas retro con un brillo extra. Estas zapatillas Continental 80<\/p>\n","protected":false},"featured_media":69722,"comment_status":"open","ping_status":"closed","template":"","meta":{"nf_dc_page":""},"product_brand":[],"product_cat":[75],"product_tag":[],"class_list":{"0":"post-69721","1":"product","2":"type-product","3":"status-publish","4":"has-post-thumbnail","6":"product_cat-infantil","8":"first","9":"instock","10":"shipping-taxable","11":"purchasable","12":"product-type-simple"},"_links":{"self":[{"href":"https:\/\/brandss.com.py\/index\/wp-json\/wp\/v2\/product\/69721","targetHints":{"allow":["GET"]}}],"collection":[{"href":"https:\/\/brandss.com.py\/index\/wp-json\/wp\/v2\/product"}],"about":[{"href":"https:\/\/brandss.com.py\/index\/wp-json\/wp\/v2\/types\/product"}],"replies":[{"embeddable":true,"href":"https:\/\/brandss.com.py\/index\/wp-json\/wp\/v2\/comments?post=69721"}],"version-history":[{"count":1,"href":"https:\/\/brandss.com.py\/index\/wp-json\/wp\/v2\/product\/69721\/revisions"}],"predecessor-version":[{"id":69732,"href":"https:\/\/brandss.com.py\/index\/wp-json\/wp\/v2\/product\/69721\/revisions\/69732"}],"wp:featuredmedia":[{"embeddable":true,"href":"https:\/\/brandss.com.py\/index\/wp-json\/wp\/v2\/media\/69722"}],"wp:attachment":[{"href":"https:\/\/brandss.com.py\/index\/wp-json\/wp\/v2\/media?parent=69721"}],"wp:term":[{"taxonomy":"product_brand","embeddable":true,"href":"https:\/\/brandss.com.py\/index\/wp-json\/wp\/v2\/product_brand?post=69721"},{"taxonomy":"product_cat","embeddable":true,"href":"https:\/\/brandss.com.py\/index\/wp-json\/wp\/v2\/product_cat?post=69721"},{"taxonomy":"product_tag","embeddable":true,"href":"https:\/\/brandss.com.py\/index\/wp-json\/wp\/v2\/product_tag?post=69721"}],"curies":[{"name":"wp","href":"https:\/\/api.w.org\/{rel}","templated":true}]}}