{"id":69746,"date":"2025-02-05T18:46:04","date_gmt":"2025-02-05T18:46:04","guid":{"rendered":"https:\/\/brandss.com.py\/index\/?post_type=product&#038;p=69746"},"modified":"2025-02-05T18:46:34","modified_gmt":"2025-02-05T18:46:34","slug":"calzado-deportivo-masculino-adidas-top-ten","status":"publish","type":"product","link":"https:\/\/brandss.com.py\/index\/producto\/calzado-deportivo-masculino-adidas-top-ten\/","title":{"rendered":"CALZADO DEPORTIVO MASCULINO ADIDAS TOP TEN"},"content":{"rendered":"<p><img loading=\"lazy\" decoding=\"async\" class=\"\" src=\"https:\/\/encrypted-tbn0.gstatic.com\/images?q=tbn:ANd9GcSGLJC-hmcfN9t5pvZRmFrTBktTfr4lpdWKTA&amp;s\" alt=\"Archivo:Adidas Logo.svg - Wikipedia, la enciclopedia libre\" width=\"95\" height=\"64\" \/><\/p>\n<h1>TOP TEN<\/h1>\n<p><b>ESTOS TENIS INSPIRADOS EN EL B\u00c1SQUET EXUDEN ESTILO CL\u00c1SICO<\/b><\/p>\n<p>Tan \u00fanicos como tu estilo. Estos tenis Top Ten son verdaderos \u00edconos. Lanzados en 1979 para los mejores jugadores de la NBA, pasaron de las canchas de b\u00e1squet al mundo del hip-hop y la moda urbana con facilidad. Marca tu propio ritmo y roba todas las miradas.<\/p>\n<p><b>DETALLES<\/b><\/p>\n<ul>\n<li>Sistema de amarre de cordones.<\/li>\n<li>Exterior en cuero y gamuza.<\/li>\n<li>Tenis de corte alto inspirados en el b\u00e1squet.<\/li>\n<li>Suela tipo cupsole de caucho.<\/li>\n<li>Color del art\u00edculo: Cloud White \/ Chalk White \/ Cloud White.<\/li>\n<li>Modelo: FV6131<\/li>\n<\/ul>\n","protected":false},"excerpt":{"rendered":"<p>TOP TEN ESTOS TENIS INSPIRADOS EN EL B\u00c1SQUET EXUDEN ESTILO CL\u00c1SICO Tan \u00fanicos como tu estilo. Estos tenis Top Ten<\/p>\n","protected":false},"featured_media":69747,"comment_status":"open","ping_status":"closed","template":"","meta":{"nf_dc_page":""},"product_brand":[],"product_cat":[76],"product_tag":[],"class_list":{"0":"post-69746","1":"product","2":"type-product","3":"status-publish","4":"has-post-thumbnail","6":"product_cat-masculino","8":"first","9":"instock","10":"shipping-taxable","11":"purchasable","12":"product-type-simple"},"_links":{"self":[{"href":"https:\/\/brandss.com.py\/index\/wp-json\/wp\/v2\/product\/69746","targetHints":{"allow":["GET"]}}],"collection":[{"href":"https:\/\/brandss.com.py\/index\/wp-json\/wp\/v2\/product"}],"about":[{"href":"https:\/\/brandss.com.py\/index\/wp-json\/wp\/v2\/types\/product"}],"replies":[{"embeddable":true,"href":"https:\/\/brandss.com.py\/index\/wp-json\/wp\/v2\/comments?post=69746"}],"version-history":[{"count":1,"href":"https:\/\/brandss.com.py\/index\/wp-json\/wp\/v2\/product\/69746\/revisions"}],"predecessor-version":[{"id":69753,"href":"https:\/\/brandss.com.py\/index\/wp-json\/wp\/v2\/product\/69746\/revisions\/69753"}],"wp:featuredmedia":[{"embeddable":true,"href":"https:\/\/brandss.com.py\/index\/wp-json\/wp\/v2\/media\/69747"}],"wp:attachment":[{"href":"https:\/\/brandss.com.py\/index\/wp-json\/wp\/v2\/media?parent=69746"}],"wp:term":[{"taxonomy":"product_brand","embeddable":true,"href":"https:\/\/brandss.com.py\/index\/wp-json\/wp\/v2\/product_brand?post=69746"},{"taxonomy":"product_cat","embeddable":true,"href":"https:\/\/brandss.com.py\/index\/wp-json\/wp\/v2\/product_cat?post=69746"},{"taxonomy":"product_tag","embeddable":true,"href":"https:\/\/brandss.com.py\/index\/wp-json\/wp\/v2\/product_tag?post=69746"}],"curies":[{"name":"wp","href":"https:\/\/api.w.org\/{rel}","templated":true}]}}