{"id":69775,"date":"2025-02-06T11:55:26","date_gmt":"2025-02-06T11:55:26","guid":{"rendered":"https:\/\/brandss.com.py\/index\/?post_type=product&#038;p=69775"},"modified":"2025-02-06T11:55:55","modified_gmt":"2025-02-06T11:55:55","slug":"calzado-deportivo-masculino-adidas-supernova","status":"publish","type":"product","link":"https:\/\/brandss.com.py\/index\/producto\/calzado-deportivo-masculino-adidas-supernova\/","title":{"rendered":"CALZADO DEPORTIVO MASCULINO ADIDAS SUPERNOVA"},"content":{"rendered":"<p><img loading=\"lazy\" decoding=\"async\" class=\"\" src=\"https:\/\/encrypted-tbn0.gstatic.com\/images?q=tbn:ANd9GcSGLJC-hmcfN9t5pvZRmFrTBktTfr4lpdWKTA&amp;s\" alt=\"Archivo:Adidas Logo.svg - Wikipedia, la enciclopedia libre\" width=\"115\" height=\"77\" \/><\/p>\n<h1>SUPERNOVA<\/h1>\n<h3 class=\"subtitle___9ljbp\"><span>Calzados de running de alto rendimiento para carreras cortas y largas.<\/span><\/h3>\n<p class=\"gl-vspace\"><span>Tu carrera comienza antes de que tus pies toquen el pavimento. Con una chispa, un objetivo o el deseo de ser la mejor versi\u00f3n de ti mismo. Ponte estos calzados de running de adidas y comienza a correr ahora. Los elementos de alto rendimiento, como la amortiguaci\u00f3n reactiva y las capas de soporte, te permiten correr con comodidad. La parte superior transpirable y sin costuras te permite mantener los pies frescos incluso cuando aumentas la velocidad.<\/span><\/p>\n<div class=\"highlight___3fa4r\">\n<div class=\"highlight-text___lgoJI\">\n<h3 class=\"highlight-text__headline___25B2G\"><span>Primegreen<\/span><\/h3>\n<p><span>Este producto est\u00e1 fabricado con Primegreen, una serie de materiales reciclados de alto rendimiento.<\/span><\/p>\n<\/div>\n<\/div>\n<div class=\"highlight___3fa4r\">\n<div class=\"highlight-text___lgoJI\">\n<h3 class=\"highlight-text__headline___25B2G\"><span>Entresuela h\u00edbrida<\/span><\/h3>\n<p><span>La entresuela combina el incre\u00edble retorno de energ\u00eda de Boost con la sensaci\u00f3n el\u00e1stica de Bounce.<\/span><\/p>\n<\/div>\n<\/div>\n<div class=\"highlight___3fa4r\">\n<div class=\"highlight-text___lgoJI\">\n<h3 class=\"highlight-text__headline___25B2G\">Supernova<\/h3>\n<p>Dise\u00f1ado para corredores principiantes, Supernova ofrece una comodidad revolucionaria para los atletas que entrenan para su primera carrera.<\/p>\n<div class=\"accordion__header-text___2o9Im\">\n<h2 class=\"accordion-title___2sTgR\">Caracter\u00edsticas<\/h2>\n<\/div>\n<div class=\"accordion__header-icon___2FuRa\"><\/div>\n<div class=\"accordion__content___29x9h\">\n<div class=\"content-padding___2kVWQ\">\n<div class=\"features-section___1pumR\">\n<div class=\"item___1X-1_\"><img decoding=\"async\" class=\"img_with_fallback___2aHBu feature-icon___3S9eQ\" src=\"https:\/\/brand.assets.adidas.com\/image\/upload\/neutral_16b16d1637.png\" alt=\"\" data-auto-id=\"image\" \/><\/p>\n<p class=\"feature-icon-text___3Owgv\">Neutral<\/p>\n<p class=\"feature-icon-summary-small___31Rc0\">Neutral<\/p>\n<\/div>\n<div class=\"item___1X-1_\"><img decoding=\"async\" class=\"img_with_fallback___2aHBu feature-icon___3S9eQ\" src=\"https:\/\/brand.assets.adidas.com\/image\/upload\/regular_a176d1f2d6.png\" alt=\"\" data-auto-id=\"image\" \/><\/p>\n<p class=\"feature-icon-text___3Owgv\">Hombres de ancho regular<\/p>\n<p class=\"feature-icon-summary-small___31Rc0\">Ancho regular<\/p>\n<div class=\"accordion__header-text___2o9Im\">\n<h2 class=\"accordion-title___2sTgR\"><span>Detalles<\/span><\/h2>\n<\/div>\n<div class=\"accordion__header-icon___2FuRa\"><\/div>\n<div class=\"accordion__content___29x9h\">\n<div class=\"content-padding___2kVWQ\">\n<div class=\"bullets___3bsSs\" data-auto-id=\"specifications-section\">\n<ul class=\"gl-list\">\n<li class=\"gl-vspace-bpall-small\"><span>Ajuste regular.<\/span><\/li>\n<li class=\"gl-vspace-bpall-small\"><span>Cierre de encaje.<\/span><\/li>\n<li class=\"gl-vspace-bpall-small\"><span>Parte superior de malla dise\u00f1ada.<\/span><\/li>\n<li class=\"gl-vspace-bpall-small\"><span>Sensaci\u00f3n el\u00e1stica sin costuras.<\/span><\/li>\n<li class=\"gl-vspace-bpall-small\"><span>Soporte lineal y lateral.<\/span><\/li>\n<li class=\"gl-vspace-bpall-small\"><span>Entresuela Boost and Bounce.<\/span><\/li>\n<li class=\"gl-vspace-bpall-small\"><span>Drop de entresuela: 10 mm.<\/span><\/li>\n<li class=\"gl-vspace-bpall-small\"><span>Suela de goma.<\/span><\/li>\n<li class=\"gl-vspace-bpall-small\"><span>Primegreen.<\/span><\/li>\n<li class=\"gl-vspace-bpall-small\"><span>Color: Negro b\u00e1sico \/ \u00d3xido azul \/ Azul f\u00fatbol.<\/span><\/li>\n<li class=\"gl-vspace-bpall-small\"><span>Modeloo: FW1197.<\/span><\/li>\n<\/ul>\n<\/div>\n<\/div>\n<\/div>\n<\/div>\n<\/div>\n<\/div>\n<\/div>\n<\/div>\n<\/div>\n","protected":false},"excerpt":{"rendered":"<p>SUPERNOVA Calzados de running de alto rendimiento para carreras cortas y largas. Tu carrera comienza antes de que tus pies<\/p>\n","protected":false},"featured_media":69776,"comment_status":"open","ping_status":"closed","template":"","meta":{"nf_dc_page":""},"product_brand":[],"product_cat":[76],"product_tag":[],"class_list":{"0":"post-69775","1":"product","2":"type-product","3":"status-publish","4":"has-post-thumbnail","6":"product_cat-masculino","8":"first","9":"instock","10":"shipping-taxable","11":"purchasable","12":"product-type-simple"},"_links":{"self":[{"href":"https:\/\/brandss.com.py\/index\/wp-json\/wp\/v2\/product\/69775","targetHints":{"allow":["GET"]}}],"collection":[{"href":"https:\/\/brandss.com.py\/index\/wp-json\/wp\/v2\/product"}],"about":[{"href":"https:\/\/brandss.com.py\/index\/wp-json\/wp\/v2\/types\/product"}],"replies":[{"embeddable":true,"href":"https:\/\/brandss.com.py\/index\/wp-json\/wp\/v2\/comments?post=69775"}],"version-history":[{"count":1,"href":"https:\/\/brandss.com.py\/index\/wp-json\/wp\/v2\/product\/69775\/revisions"}],"predecessor-version":[{"id":69787,"href":"https:\/\/brandss.com.py\/index\/wp-json\/wp\/v2\/product\/69775\/revisions\/69787"}],"wp:featuredmedia":[{"embeddable":true,"href":"https:\/\/brandss.com.py\/index\/wp-json\/wp\/v2\/media\/69776"}],"wp:attachment":[{"href":"https:\/\/brandss.com.py\/index\/wp-json\/wp\/v2\/media?parent=69775"}],"wp:term":[{"taxonomy":"product_brand","embeddable":true,"href":"https:\/\/brandss.com.py\/index\/wp-json\/wp\/v2\/product_brand?post=69775"},{"taxonomy":"product_cat","embeddable":true,"href":"https:\/\/brandss.com.py\/index\/wp-json\/wp\/v2\/product_cat?post=69775"},{"taxonomy":"product_tag","embeddable":true,"href":"https:\/\/brandss.com.py\/index\/wp-json\/wp\/v2\/product_tag?post=69775"}],"curies":[{"name":"wp","href":"https:\/\/api.w.org\/{rel}","templated":true}]}}