{"id":69827,"date":"2025-02-06T14:52:07","date_gmt":"2025-02-06T14:52:07","guid":{"rendered":"https:\/\/brandss.com.py\/index\/?post_type=product&#038;p=69827"},"modified":"2025-02-06T14:52:23","modified_gmt":"2025-02-06T14:52:23","slug":"legging-deportivo-femenino-under-armour-ua-rush-heatgear","status":"publish","type":"product","link":"https:\/\/brandss.com.py\/index\/producto\/legging-deportivo-femenino-under-armour-ua-rush-heatgear\/","title":{"rendered":"LEGGING DEPORTIVO FEMENINO UNDER ARMOUR UA RUSH\u2122 HeatGear\u00ae"},"content":{"rendered":"<p><img decoding=\"async\" src=\"https:\/\/encrypted-tbn0.gstatic.com\/images?q=tbn:ANd9GcR-3Q3SI_BOA7HsNe6MW2RyQYa_R8iBB_VqCQ&amp;s\" alt=\"Archivo:Under armour logo.svg - Wikipedia, la enciclopedia libre\" \/><\/p>\n<h1>1365729<\/h1>\n<p>Ya sea que te est\u00e9s dando vueltas en la postura del perro boca abajo o te est\u00e9s agachando lentamente durante una sentadilla, las cinturillas rebeldes te roban la concentraci\u00f3n y el impulso mientras te ejercitas. Por eso, creamos una con un estampado especial oculto que ayuda a que se mantenga en su lugar para que puedas esforzarte m\u00e1s.<\/p>\n<ul class=\"t-tabs_data\">\n<li class=\"t-tabs_list\"><span>UA RUSH\u2122 es una tecnolog\u00eda infrarroja que refleja la energ\u00eda de tu cuerpo para ayudarte a trabajar m\u00e1s duro y recuperarte de forma m\u00e1s inteligente.<\/span><\/li>\n<li class=\"t-tabs_list\"><span>El material absorbe el sudor y se seca muy r\u00e1pido.<\/span><\/li>\n<li class=\"t-tabs_list\"><span>Colocaci\u00f3n avanzada de costuras para eliminar puntos de presi\u00f3n y rozaduras.<\/span><\/li>\n<li class=\"t-tabs_list\"><span>Cintura alta antideslizante UA para una cobertura y un soporte \u00f3ptimos que se mantienen en su lugar con cada movimiento que realizas<\/span><\/li>\n<li class=\"t-tabs_list\"><span><span>Estilo #: 1365729<\/span><\/span><\/li>\n<li class=\"t-tabs_list\"><span><span>Entrepierna: 29&#8243;<\/span><\/span><\/li>\n<li class=\"t-tabs_list\"><span><span>Bolsillos: No<\/span><\/span><\/li>\n<li class=\"t-tabs_list\"><span><span>Desarrollado por Celliant<\/span><\/span><\/li>\n<li class=\"t-tabs_list\"><span><span>77 % poli\u00e9ster\/23 % elastano<\/span><\/span><\/li>\n<li class=\"t-tabs_list\"><span><span>Importado<\/span><\/span><\/li>\n<li class=\"t-tabs_list\"><span class=\"t-bold_font\"><span><span>Compresi\u00f3n:\u00a0<\/span><\/span><\/span><span><span>\u00a0Ajuste ultra ajustado, como una segunda piel.<\/span><\/span><\/li>\n<li class=\"t-tabs_list\"><span><span>Lavar la prenda del rev\u00e9s<\/span><\/span><\/li>\n<li class=\"t-tabs_list\"><span><span>Lavar a m\u00e1quina con agua fr\u00eda y colores similares.<\/span><\/span><\/li>\n<li class=\"t-tabs_list\"><span><span>Utilice \u00fanicamente blanqueador sin cloro cuando sea necesario<\/span><\/span><\/li>\n<li class=\"t-tabs_list\"><span><span>Secar en secadora a temperatura baja<\/span><\/span><\/li>\n<li class=\"t-tabs_list\"><span><span>No planchar<\/span><\/span><\/li>\n<li class=\"t-tabs_list\"><span><span>No utilice suavizantes<\/span><\/span><\/li>\n<li class=\"t-tabs_list\"><span><span>No lavar en seco<\/span><\/span><\/li>\n<\/ul>\n","protected":false},"excerpt":{"rendered":"<p>1365729 Ya sea que te est\u00e9s dando vueltas en la postura del perro boca abajo o te est\u00e9s agachando lentamente<\/p>\n","protected":false},"featured_media":69828,"comment_status":"open","ping_status":"closed","template":"","meta":{"nf_dc_page":""},"product_brand":[],"product_cat":[73],"product_tag":[],"class_list":{"0":"post-69827","1":"product","2":"type-product","3":"status-publish","4":"has-post-thumbnail","6":"product_cat-femenino","8":"first","9":"instock","10":"shipping-taxable","11":"purchasable","12":"product-type-simple"},"_links":{"self":[{"href":"https:\/\/brandss.com.py\/index\/wp-json\/wp\/v2\/product\/69827","targetHints":{"allow":["GET"]}}],"collection":[{"href":"https:\/\/brandss.com.py\/index\/wp-json\/wp\/v2\/product"}],"about":[{"href":"https:\/\/brandss.com.py\/index\/wp-json\/wp\/v2\/types\/product"}],"replies":[{"embeddable":true,"href":"https:\/\/brandss.com.py\/index\/wp-json\/wp\/v2\/comments?post=69827"}],"version-history":[{"count":1,"href":"https:\/\/brandss.com.py\/index\/wp-json\/wp\/v2\/product\/69827\/revisions"}],"predecessor-version":[{"id":69839,"href":"https:\/\/brandss.com.py\/index\/wp-json\/wp\/v2\/product\/69827\/revisions\/69839"}],"wp:featuredmedia":[{"embeddable":true,"href":"https:\/\/brandss.com.py\/index\/wp-json\/wp\/v2\/media\/69828"}],"wp:attachment":[{"href":"https:\/\/brandss.com.py\/index\/wp-json\/wp\/v2\/media?parent=69827"}],"wp:term":[{"taxonomy":"product_brand","embeddable":true,"href":"https:\/\/brandss.com.py\/index\/wp-json\/wp\/v2\/product_brand?post=69827"},{"taxonomy":"product_cat","embeddable":true,"href":"https:\/\/brandss.com.py\/index\/wp-json\/wp\/v2\/product_cat?post=69827"},{"taxonomy":"product_tag","embeddable":true,"href":"https:\/\/brandss.com.py\/index\/wp-json\/wp\/v2\/product_tag?post=69827"}],"curies":[{"name":"wp","href":"https:\/\/api.w.org\/{rel}","templated":true}]}}