{"id":69881,"date":"2025-02-06T16:47:40","date_gmt":"2025-02-06T16:47:40","guid":{"rendered":"https:\/\/brandss.com.py\/index\/?post_type=product&#038;p=69881"},"modified":"2026-03-17T12:19:48","modified_gmt":"2026-03-17T12:19:48","slug":"perfume-unisex-lattafa-badee-al-oud-noble-blush-edp-100ml","status":"publish","type":"product","link":"https:\/\/brandss.com.py\/index\/producto\/perfume-unisex-lattafa-badee-al-oud-noble-blush-edp-100ml\/","title":{"rendered":"PERFUME UNISEX LATTAFA BADE&#8217;E AL OUD NOBLE BLUSH EDP 100ML"},"content":{"rendered":"<h1><img loading=\"lazy\" decoding=\"async\" class=\"\" src=\"https:\/\/seeklogo.com\/images\/L\/lattafa-logo-BF4C5EB5A4-seeklogo.com.png\" width=\"147\" height=\"194\" \/><\/h1>\n<h1>BADE&#8217;E AL OUD NOBLE BLUSH<\/h1>\n<h4><em>Una delicia dulce y de ensue\u00f1o.<\/em><\/h4>\n<p>Lattafa Perfumes, famosa por sus creaciones opulentas y cautivadoras, ha vuelto a captar la atenci\u00f3n del mundo de las fragancias con Badee Al Oud Noble Blush. Este nuevo y encantador lanzamiento es una sinfon\u00eda de notas dulces y de ensue\u00f1o, una mezcla armoniosa de delicadas flores, acordes cremosos y gourmand y maderas c\u00e1lidas que crean una experiencia olfativa verdaderamente atractiva e inolvidable.<\/p>\n<p>BADEE AL OUD Noble Blush es un perfume que representa la esencia de una fantas\u00eda dulce y caprichosa. Es una mezcla magistral de notas que crean un viaje olfativo armonioso y seductor.<\/p>\n<p><strong>Este perfume es imprescindible para:<\/strong><\/p>\n<ul>\n<li>Para aquellos que aprecian los aromas con un car\u00e1cter dulce y goloso.<\/li>\n<li>Fan\u00e1ticos de los delicados aromas florales y cremosos de vainilla.<\/li>\n<li>Expertos en perfumes que buscan un aroma \u00fanico y atractivo.<\/li>\n<li>Cualquier persona que disfrute de aromas que evocan una sensaci\u00f3n de fantas\u00eda y placer.<\/li>\n<\/ul>\n<h2>Notas Olfativas<\/h2>\n<p>BADEE AL OUD Noble Blush es un perfume que evoca una sensaci\u00f3n de dulce fantas\u00eda y de ensue\u00f1o. Es un aroma que te transporta a un mundo de nubes esponjosas, delicadas flores y delicias deliciosas. La armoniosa combinaci\u00f3n de leche de rosas, merengue, almendras, vainilla, s\u00e1ndalo y almizcle crea un aroma atractivo y relajante que te dejar\u00e1 con una sensaci\u00f3n de encanto. Noble Blush de Lattafa es una fragancia de la familia olfativa Floral Frutal Gourmand para Mujeres. Esta fragancia es nueva, se lanz\u00f3 en 2024.<\/p>\n<ul>\n<li><strong>Notas de salida:<\/strong>\u00a0Leche de rosas.<\/li>\n<li><strong>Notas de coraz\u00f3n:<\/strong>\u00a0merengue, almendra.<\/li>\n<li><strong>Notas de fondo:<\/strong>\u00a0vainilla, s\u00e1ndalo y almizcle.<\/li>\n<\/ul>\n","protected":false},"excerpt":{"rendered":"<p>BADE&#8217;E AL OUD NOBLE BLUSH Una delicia dulce y de ensue\u00f1o. Lattafa Perfumes, famosa por sus creaciones opulentas y cautivadoras,<\/p>\n","protected":false},"featured_media":85202,"comment_status":"open","ping_status":"closed","template":"","meta":{"nf_dc_page":""},"product_brand":[109],"product_cat":[84],"product_tag":[625],"class_list":{"0":"post-69881","1":"product","2":"type-product","3":"status-publish","4":"has-post-thumbnail","6":"product_brand-lattafa","7":"product_cat-perfumeria","8":"product_tag-625","10":"first","11":"instock","12":"sale","13":"shipping-taxable","14":"purchasable","15":"product-type-simple"},"_links":{"self":[{"href":"https:\/\/brandss.com.py\/index\/wp-json\/wp\/v2\/product\/69881","targetHints":{"allow":["GET"]}}],"collection":[{"href":"https:\/\/brandss.com.py\/index\/wp-json\/wp\/v2\/product"}],"about":[{"href":"https:\/\/brandss.com.py\/index\/wp-json\/wp\/v2\/types\/product"}],"replies":[{"embeddable":true,"href":"https:\/\/brandss.com.py\/index\/wp-json\/wp\/v2\/comments?post=69881"}],"version-history":[{"count":3,"href":"https:\/\/brandss.com.py\/index\/wp-json\/wp\/v2\/product\/69881\/revisions"}],"predecessor-version":[{"id":85207,"href":"https:\/\/brandss.com.py\/index\/wp-json\/wp\/v2\/product\/69881\/revisions\/85207"}],"wp:featuredmedia":[{"embeddable":true,"href":"https:\/\/brandss.com.py\/index\/wp-json\/wp\/v2\/media\/85202"}],"wp:attachment":[{"href":"https:\/\/brandss.com.py\/index\/wp-json\/wp\/v2\/media?parent=69881"}],"wp:term":[{"taxonomy":"product_brand","embeddable":true,"href":"https:\/\/brandss.com.py\/index\/wp-json\/wp\/v2\/product_brand?post=69881"},{"taxonomy":"product_cat","embeddable":true,"href":"https:\/\/brandss.com.py\/index\/wp-json\/wp\/v2\/product_cat?post=69881"},{"taxonomy":"product_tag","embeddable":true,"href":"https:\/\/brandss.com.py\/index\/wp-json\/wp\/v2\/product_tag?post=69881"}],"curies":[{"name":"wp","href":"https:\/\/api.w.org\/{rel}","templated":true}]}}