{"id":69905,"date":"2025-02-06T17:04:36","date_gmt":"2025-02-06T17:04:36","guid":{"rendered":"https:\/\/brandss.com.py\/index\/?post_type=product&#038;p=69905"},"modified":"2025-02-06T17:05:06","modified_gmt":"2025-02-06T17:05:06","slug":"calzado-deportivo-femenino-adidas-zx-1k-boost","status":"publish","type":"product","link":"https:\/\/brandss.com.py\/index\/producto\/calzado-deportivo-femenino-adidas-zx-1k-boost\/","title":{"rendered":"CALZADO DEPORTIVO FEMENINO ADIDAS ZX 1K BOOST"},"content":{"rendered":"<p><img loading=\"lazy\" decoding=\"async\" class=\"\" src=\"https:\/\/encrypted-tbn0.gstatic.com\/images?q=tbn:ANd9GcSGLJC-hmcfN9t5pvZRmFrTBktTfr4lpdWKTA&amp;s\" alt=\"Archivo:Adidas Logo.svg - Wikipedia, la enciclopedia libre\" width=\"116\" height=\"78\" \/><\/p>\n<h1>ZX 1K BOOST<\/h1>\n<p><span>Mejora tu estilo adidas original. Estos calzados ZX son los puntos extra que estabas buscando. Mant\u00e9n tu estilo simple y cl\u00e1sico con un triple color negro o blanco. Domina el d\u00eda (o la noche) gracias a una c\u00f3moda combinaci\u00f3n de amortiguaci\u00f3n BOOST y EVA. Los detalles fusionados y la parte superior de malla son los toques finales.<\/span><\/p>\n<p>Color: Blanco.<\/p>\n<p>Modelo: FX6516.<\/p>\n<p>&nbsp;<\/p>\n","protected":false},"excerpt":{"rendered":"<p>ZX 1K BOOST Mejora tu estilo adidas original. Estos calzados ZX son los puntos extra que estabas buscando. Mant\u00e9n tu<\/p>\n","protected":false},"featured_media":69907,"comment_status":"open","ping_status":"closed","template":"","meta":{"nf_dc_page":""},"product_brand":[],"product_cat":[73],"product_tag":[],"class_list":{"0":"post-69905","1":"product","2":"type-product","3":"status-publish","4":"has-post-thumbnail","6":"product_cat-femenino","8":"first","9":"instock","10":"shipping-taxable","11":"purchasable","12":"product-type-simple"},"_links":{"self":[{"href":"https:\/\/brandss.com.py\/index\/wp-json\/wp\/v2\/product\/69905","targetHints":{"allow":["GET"]}}],"collection":[{"href":"https:\/\/brandss.com.py\/index\/wp-json\/wp\/v2\/product"}],"about":[{"href":"https:\/\/brandss.com.py\/index\/wp-json\/wp\/v2\/types\/product"}],"replies":[{"embeddable":true,"href":"https:\/\/brandss.com.py\/index\/wp-json\/wp\/v2\/comments?post=69905"}],"version-history":[{"count":1,"href":"https:\/\/brandss.com.py\/index\/wp-json\/wp\/v2\/product\/69905\/revisions"}],"predecessor-version":[{"id":69916,"href":"https:\/\/brandss.com.py\/index\/wp-json\/wp\/v2\/product\/69905\/revisions\/69916"}],"wp:featuredmedia":[{"embeddable":true,"href":"https:\/\/brandss.com.py\/index\/wp-json\/wp\/v2\/media\/69907"}],"wp:attachment":[{"href":"https:\/\/brandss.com.py\/index\/wp-json\/wp\/v2\/media?parent=69905"}],"wp:term":[{"taxonomy":"product_brand","embeddable":true,"href":"https:\/\/brandss.com.py\/index\/wp-json\/wp\/v2\/product_brand?post=69905"},{"taxonomy":"product_cat","embeddable":true,"href":"https:\/\/brandss.com.py\/index\/wp-json\/wp\/v2\/product_cat?post=69905"},{"taxonomy":"product_tag","embeddable":true,"href":"https:\/\/brandss.com.py\/index\/wp-json\/wp\/v2\/product_tag?post=69905"}],"curies":[{"name":"wp","href":"https:\/\/api.w.org\/{rel}","templated":true}]}}