{"id":69906,"date":"2025-02-06T17:12:57","date_gmt":"2025-02-06T17:12:57","guid":{"rendered":"https:\/\/brandss.com.py\/index\/?post_type=product&#038;p=69906"},"modified":"2026-03-17T11:03:06","modified_gmt":"2026-03-17T11:03:06","slug":"perfume-unisex-lattafa-khamram-edp-100ml","status":"publish","type":"product","link":"https:\/\/brandss.com.py\/index\/producto\/perfume-unisex-lattafa-khamram-edp-100ml\/","title":{"rendered":"PERFUME UNISEX LATTAFA KHAMRAH QAHWA EDP 100ML"},"content":{"rendered":"<h1><img loading=\"lazy\" decoding=\"async\" class=\"\" src=\"https:\/\/seeklogo.com\/images\/L\/lattafa-logo-BF4C5EB5A4-seeklogo.com.png\" width=\"153\" height=\"202\" \/><\/h1>\n<h1>KHAMRAM QAHWA<\/h1>\n<p>Es una fragancia cautivadora y sofisticada que combina notas orientales y gourmand. Es una oda a la tradici\u00f3n del caf\u00e9 \u00e1rabe, mezclando elementos de caf\u00e9 gourmet con especias y maderas nobles. Ideal para mujeres que buscan una fragancia envolvente y lujosa, el perfume destaca por su longevidad e intensidad. Las notas de salida son frescas y c\u00edtricas, evolucionando hacia un rico coraz\u00f3n de caf\u00e9 y especias ex\u00f3ticas, terminando con una base amaderada y ambarada, que proporciona un aroma c\u00e1lido y envolvente.<\/p>\n<h3><img loading=\"lazy\" decoding=\"async\" class=\"alignleft\" src=\"https:\/\/perfumeqatar.com\/wp-content\/uploads\/13836C.jpg\" width=\"398\" height=\"531\" \/><br \/>\nNotas olfativas:<\/h3>\n<p>&nbsp;<\/p>\n<p>El perfume Lattafa\u00a0<span dir=\"ltr\" lang=\"es-MX\">Khamrah Qahwa\u00a0<\/span>es una fragancia de la familia olfativa<span dir=\"ltr\" lang=\"es-MX\">\u00a0oriental gourmand\u00a0<\/span>para mujeres y hombres.\u00a0Con una concentraci\u00f3n del tipo Eau de Parfum, ofrece una duradera y alta intensidad arom\u00e1tica en la piel. Sus notas est\u00e1n compuestas por los siguientes ingredientes.<\/p>\n<p>&nbsp;<\/p>\n<ul>\n<li><span dir=\"ltr\" lang=\"es-MX\"><strong>Notas de salida:<\/strong><\/span>\u00a0<span dir=\"ltr\" lang=\"es-MX\"><span dir=\"ltr\" lang=\"es-MX\">Jengibre, canela y cardamomo.<\/span><\/span>&nbsp;<\/li>\n<li><strong>Nota<\/strong><span dir=\"ltr\" lang=\"es-MX\"><strong>s<\/strong><\/span><strong>\u00a0de coraz\u00f3n:<\/strong>\u00a0Pralin\u00e9, frutas confitadas<span dir=\"ltr\" lang=\"es-MX\">\u00a0y\u00a0<\/span>flores blancas.<\/li>\n<li><strong>Notas de fondo:<\/strong>\u00a0Caf\u00e9 ar\u00e1bica, vainilla, haba tonka, benju\u00ed<span dir=\"ltr\" lang=\"es-MX\">\u00a0y\u00a0<\/span>almizcle.<\/li>\n<\/ul>\n","protected":false},"excerpt":{"rendered":"<p>KHAMRAM QAHWA Es una fragancia cautivadora y sofisticada que combina notas orientales y gourmand. Es una oda a la tradici\u00f3n<\/p>\n","protected":false},"featured_media":87621,"comment_status":"open","ping_status":"closed","template":"","meta":{"nf_dc_page":""},"product_brand":[109],"product_cat":[84],"product_tag":[782],"class_list":{"0":"post-69906","1":"product","2":"type-product","3":"status-publish","4":"has-post-thumbnail","6":"product_brand-lattafa","7":"product_cat-perfumeria","8":"product_tag-782","10":"first","11":"instock","12":"sale","13":"shipping-taxable","14":"purchasable","15":"product-type-simple"},"_links":{"self":[{"href":"https:\/\/brandss.com.py\/index\/wp-json\/wp\/v2\/product\/69906","targetHints":{"allow":["GET"]}}],"collection":[{"href":"https:\/\/brandss.com.py\/index\/wp-json\/wp\/v2\/product"}],"about":[{"href":"https:\/\/brandss.com.py\/index\/wp-json\/wp\/v2\/types\/product"}],"replies":[{"embeddable":true,"href":"https:\/\/brandss.com.py\/index\/wp-json\/wp\/v2\/comments?post=69906"}],"version-history":[{"count":5,"href":"https:\/\/brandss.com.py\/index\/wp-json\/wp\/v2\/product\/69906\/revisions"}],"predecessor-version":[{"id":100299,"href":"https:\/\/brandss.com.py\/index\/wp-json\/wp\/v2\/product\/69906\/revisions\/100299"}],"wp:featuredmedia":[{"embeddable":true,"href":"https:\/\/brandss.com.py\/index\/wp-json\/wp\/v2\/media\/87621"}],"wp:attachment":[{"href":"https:\/\/brandss.com.py\/index\/wp-json\/wp\/v2\/media?parent=69906"}],"wp:term":[{"taxonomy":"product_brand","embeddable":true,"href":"https:\/\/brandss.com.py\/index\/wp-json\/wp\/v2\/product_brand?post=69906"},{"taxonomy":"product_cat","embeddable":true,"href":"https:\/\/brandss.com.py\/index\/wp-json\/wp\/v2\/product_cat?post=69906"},{"taxonomy":"product_tag","embeddable":true,"href":"https:\/\/brandss.com.py\/index\/wp-json\/wp\/v2\/product_tag?post=69906"}],"curies":[{"name":"wp","href":"https:\/\/api.w.org\/{rel}","templated":true}]}}