{"id":69938,"date":"2025-02-06T17:37:44","date_gmt":"2025-02-06T17:37:44","guid":{"rendered":"https:\/\/brandss.com.py\/index\/?post_type=product&#038;p=69938"},"modified":"2025-02-06T17:38:19","modified_gmt":"2025-02-06T17:38:19","slug":"calzado-deportivo-masculino-adidas-supernova-3","status":"publish","type":"product","link":"https:\/\/brandss.com.py\/index\/producto\/calzado-deportivo-masculino-adidas-supernova-3\/","title":{"rendered":"CALZADO DEPORTIVO MASCULINO ADIDAS SUPERNOVA+"},"content":{"rendered":"<p><img loading=\"lazy\" decoding=\"async\" class=\"\" src=\"https:\/\/encrypted-tbn0.gstatic.com\/images?q=tbn:ANd9GcSGLJC-hmcfN9t5pvZRmFrTBktTfr4lpdWKTA&amp;s\" alt=\"Archivo:Adidas Logo.svg - Wikipedia, la enciclopedia libre\" width=\"104\" height=\"70\" \/><\/p>\n<h1>SUPERNOVA+<\/h1>\n<h3 class=\"subtitle___9ljbp\"><span>Experimente una mayor comodidad<\/span><\/h3>\n<p class=\"gl-vspace\"><span>La carrera comienza de verdad en el momento en que te olvidas de que est\u00e1s corriendo. Estos calzados adidas ofrecen una comodidad total para ayudarte a liberar tu mente. Est\u00e1n dise\u00f1adas pensando en los corredores principiantes, con una parte superior de malla dise\u00f1ada que te brinda soporte y ventilaci\u00f3n espec\u00edficos. Una combinaci\u00f3n de Boost y Bounce en la entresuela proporciona una combinaci\u00f3n ideal de retorno de energ\u00eda y elasticidad.<\/span><\/p>\n<div class=\"highlight___3fa4r\"><img loading=\"lazy\" decoding=\"async\" class=\"alignleft\" src=\"https:\/\/assets.adidas.com\/images\/w_600,f_auto,q_auto\/e3f7929582074538ab02acbf00b51991_9366\/Supernova_Shoes_Grey_FX6651.jpg\" alt=\"Zapatillas Supernova+ de color gris\" width=\"403\" height=\"403\" \/><\/p>\n<div class=\"highlight-text___lgoJI\">\n<h3><\/h3>\n<h3><\/h3>\n<h3 class=\"highlight-text__headline___25B2G\"><span>Parte superior de malla dise\u00f1ada<\/span><\/h3>\n<p><span>La parte superior de malla de poli\u00e9ster 100 % reciclado, liviana y transpirable, crea flexibilidad y soporte.<\/span><\/p>\n<\/div>\n<\/div>\n<div class=\"highlight___3fa4r\"><img loading=\"lazy\" decoding=\"async\" class=\"alignright\" src=\"https:\/\/assets.adidas.com\/images\/w_600,f_auto,q_auto\/4c654f8fb7a54726b73dacbf00b506d6_9366\/Supernova_Shoes_Grey_FX6651.jpg\" alt=\"Zapatillas Supernova+ de color gris\" width=\"403\" height=\"403\" \/><\/p>\n<div class=\"highlight-text___lgoJI\">\n<h3><\/h3>\n<h3><\/h3>\n<h3><\/h3>\n<h3><\/h3>\n<h3><\/h3>\n<h3 class=\"highlight-text__headline___25B2G\"><span>Impulso mejorado<\/span><\/h3>\n<p><span>El refuerzo adicional en el antepi\u00e9 proporciona mayor retorno de energ\u00eda y comodidad.<\/span><\/p>\n<\/div>\n<\/div>\n<div class=\"highlight___3fa4r\"><img loading=\"lazy\" decoding=\"async\" class=\"alignleft\" src=\"https:\/\/assets.adidas.com\/images\/w_600,f_auto,q_auto\/ae74c8f8201448d8b186acbf00b50697_9366\/Supernova_Shoes_Grey_FX6651.jpg\" alt=\"Zapatillas Supernova+ de color gris\" width=\"403\" height=\"403\" \/><\/p>\n<div class=\"highlight-text___lgoJI\">\n<h3><\/h3>\n<h3><\/h3>\n<h3><\/h3>\n<h3 class=\"highlight-text__headline___25B2G\"><span>Supernova<\/span><\/h3>\n<p><span>Dise\u00f1ado para corredores principiantes, Supernova ofrece una comodidad revolucionaria para los atletas que entrenan para su primera carrera.<\/span><\/p>\n<\/div>\n<\/div>\n<p>&nbsp;<\/p>\n<p>&nbsp;<\/p>\n<p>&nbsp;<\/p>\n<p>&nbsp;<\/p>\n<div class=\"accordion__header-text___2o9Im\">\n<h2 class=\"accordion-title___2sTgR\"><span>Caracter\u00edsticas<\/span><\/h2>\n<\/div>\n<div class=\"accordion__header-icon___2FuRa\"><\/div>\n<div class=\"accordion__content___29x9h\">\n<div class=\"content-padding___2kVWQ\">\n<div class=\"features-section___1pumR\">\n<div class=\"item___1X-1_\"><img decoding=\"async\" class=\"img_with_fallback___2aHBu feature-icon___3S9eQ\" src=\"https:\/\/brand.assets.adidas.com\/image\/upload\/neutral_16b16d1637.png\" alt=\"\" data-auto-id=\"image\" \/><\/p>\n<p class=\"feature-icon-text___3Owgv\">Neutral<\/p>\n<p class=\"feature-icon-summary-small___31Rc0\">Neutral<\/p>\n<\/div>\n<div class=\"item___1X-1_\"><img decoding=\"async\" class=\"img_with_fallback___2aHBu feature-icon___3S9eQ\" src=\"https:\/\/brand.assets.adidas.com\/image\/upload\/regular_a176d1f2d6.png\" alt=\"\" data-auto-id=\"image\" \/><\/p>\n<p class=\"feature-icon-text___3Owgv\">Hombres de ancho regular<\/p>\n<div class=\"accordion__header-text___2o9Im\">\n<h2 class=\"accordion-title___2sTgR\"><span>Detalles<\/span><\/h2>\n<\/div>\n<div class=\"accordion__header-icon___2FuRa\"><\/div>\n<div class=\"accordion__content___29x9h\">\n<div class=\"content-padding___2kVWQ\">\n<div class=\"bullets___3bsSs\" data-auto-id=\"specifications-section\">\n<ul class=\"gl-list\">\n<li class=\"gl-vspace-bpall-small\"><span>Ajuste regular.<\/span><\/li>\n<li class=\"gl-vspace-bpall-small\"><span>Cierre de encaje.<\/span><\/li>\n<li class=\"gl-vspace-bpall-small\"><span>Parte superior de malla dise\u00f1ada.<\/span><\/li>\n<li class=\"gl-vspace-bpall-small\"><span>Sensaci\u00f3n el\u00e1stica sin costuras.<\/span><\/li>\n<li class=\"gl-vspace-bpall-small\"><span>Soporte lineal y lateral.<\/span><\/li>\n<li class=\"gl-vspace-bpall-small\"><span>Entresuela Boost and Bounce.<\/span><\/li>\n<li class=\"gl-vspace-bpall-small\"><span>Drop de entresuela: 10 mm.<\/span><\/li>\n<li class=\"gl-vspace-bpall-small\"><span>Suela de goma.<\/span><\/li>\n<li class=\"gl-vspace-bpall-small\"><span>Primegreen.<\/span><\/li>\n<li class=\"gl-vspace-bpall-small\"><span>Color: Gris pizarra \/ Blanco nube \/ Naranja chill\u00f3n.<\/span><\/li>\n<li class=\"gl-vspace-bpall-small\"><span>Modelo: FX6651.<\/span><\/li>\n<\/ul>\n<\/div>\n<\/div>\n<\/div>\n<\/div>\n<\/div>\n<\/div>\n<\/div>\n","protected":false},"excerpt":{"rendered":"<p>SUPERNOVA+ Experimente una mayor comodidad La carrera comienza de verdad en el momento en que te olvidas de que est\u00e1s<\/p>\n","protected":false},"featured_media":69942,"comment_status":"open","ping_status":"closed","template":"","meta":{"nf_dc_page":""},"product_brand":[],"product_cat":[76],"product_tag":[],"class_list":{"0":"post-69938","1":"product","2":"type-product","3":"status-publish","4":"has-post-thumbnail","6":"product_cat-masculino","8":"first","9":"instock","10":"shipping-taxable","11":"purchasable","12":"product-type-simple"},"_links":{"self":[{"href":"https:\/\/brandss.com.py\/index\/wp-json\/wp\/v2\/product\/69938","targetHints":{"allow":["GET"]}}],"collection":[{"href":"https:\/\/brandss.com.py\/index\/wp-json\/wp\/v2\/product"}],"about":[{"href":"https:\/\/brandss.com.py\/index\/wp-json\/wp\/v2\/types\/product"}],"replies":[{"embeddable":true,"href":"https:\/\/brandss.com.py\/index\/wp-json\/wp\/v2\/comments?post=69938"}],"version-history":[{"count":1,"href":"https:\/\/brandss.com.py\/index\/wp-json\/wp\/v2\/product\/69938\/revisions"}],"predecessor-version":[{"id":69954,"href":"https:\/\/brandss.com.py\/index\/wp-json\/wp\/v2\/product\/69938\/revisions\/69954"}],"wp:featuredmedia":[{"embeddable":true,"href":"https:\/\/brandss.com.py\/index\/wp-json\/wp\/v2\/media\/69942"}],"wp:attachment":[{"href":"https:\/\/brandss.com.py\/index\/wp-json\/wp\/v2\/media?parent=69938"}],"wp:term":[{"taxonomy":"product_brand","embeddable":true,"href":"https:\/\/brandss.com.py\/index\/wp-json\/wp\/v2\/product_brand?post=69938"},{"taxonomy":"product_cat","embeddable":true,"href":"https:\/\/brandss.com.py\/index\/wp-json\/wp\/v2\/product_cat?post=69938"},{"taxonomy":"product_tag","embeddable":true,"href":"https:\/\/brandss.com.py\/index\/wp-json\/wp\/v2\/product_tag?post=69938"}],"curies":[{"name":"wp","href":"https:\/\/api.w.org\/{rel}","templated":true}]}}