{"id":69957,"date":"2025-02-06T17:52:08","date_gmt":"2025-02-06T17:52:08","guid":{"rendered":"https:\/\/brandss.com.py\/index\/?post_type=product&#038;p=69957"},"modified":"2025-02-06T17:52:40","modified_gmt":"2025-02-06T17:52:40","slug":"calzado-deportivo-masculino-adidas-x9000l4","status":"publish","type":"product","link":"https:\/\/brandss.com.py\/index\/producto\/calzado-deportivo-masculino-adidas-x9000l4\/","title":{"rendered":"CALZADO DEPORTIVO MASCULINO ADIDAS X9000L4"},"content":{"rendered":"<p><img loading=\"lazy\" decoding=\"async\" class=\"\" src=\"https:\/\/encrypted-tbn0.gstatic.com\/images?q=tbn:ANd9GcSGLJC-hmcfN9t5pvZRmFrTBktTfr4lpdWKTA&amp;s\" alt=\"Archivo:Adidas Logo.svg - Wikipedia, la enciclopedia libre\" width=\"77\" height=\"52\" \/><\/p>\n<h1>X9000L4<\/h1>\n<h3 class=\"subtitle___9ljbp\">Calzado de alta tecnolog\u00eda para correr distancias cortas en la ciudad<\/h3>\n<p class=\"gl-vspace\">El mundo es tu patio de recreo. Estos calzados de running adidas son perfectos para los atletas de ciudad, quienes convierten parques en gimnasios y salidas a correr en encuentros sociales. El exterior tejido se adapta a la forma de tu pie, ofreciendo sujeci\u00f3n y soporte en d\u00f3nde m\u00e1s los necesitas. La mediasuela Boost ofrece un incre\u00edble retorno de energ\u00eda a cada paso y tiene una silueta esculpida y moderna.<\/p>\n<h3 class=\"highlight-text__headline___25B2G\">Primegreen<\/h3>\n<p>Este producto est\u00e1 confeccionado con Primegreen, una serie de materiales reciclados de alto desempe\u00f1o<\/p>\n<div class=\"highlight___3fa4r\">\n<div class=\"highlight-text___lgoJI\">\n<h3 class=\"highlight-text__headline___25B2G\">Los l\u00edmites te los pones t\u00fa.<\/h3>\n<p>El incre\u00edble retorno de energ\u00eda de la tecnolog\u00eda Boost se crea gracias a las peque\u00f1as c\u00e1psulas que componen la suela y te permiten avanzar con m\u00e1s fuerza.<\/p>\n<\/div>\n<\/div>\n<div class=\"highlight___3fa4r\">\n<div class=\"highlight-text___lgoJI\">\n<h3 class=\"highlight-text__headline___25B2G\">X9000<\/h3>\n<p>Los X9000 son para los corredores de ciudad que buscan rendimiento y estilo.<\/p>\n<div class=\"accordion__header-text___2o9Im\">\n<h2 class=\"accordion-title___2sTgR\">Detalles<\/h2>\n<\/div>\n<div class=\"accordion__header-icon___2FuRa\"><\/div>\n<div class=\"accordion__content___29x9h\">\n<div class=\"content-padding___2kVWQ\">\n<div class=\"bullets___3bsSs\" data-auto-id=\"specifications-section\">\n<ul class=\"gl-list\">\n<li class=\"gl-vspace-bpall-small\">Horma cl\u00e1sica.<\/li>\n<li class=\"gl-vspace-bpall-small\">Sistema de amarre de cordones.<\/li>\n<li class=\"gl-vspace-bpall-small\">Exterior en tejido t\u00e9cnico.<\/li>\n<li class=\"gl-vspace-bpall-small\">Mediasuela Boost.<\/li>\n<li class=\"gl-vspace-bpall-small\">Refuerzos en TPU.<\/li>\n<li class=\"gl-vspace-bpall-small\">Color: Dash Grey \/ Silver Metallic \/ Football Blue.<\/li>\n<li class=\"gl-vspace-bpall-small\">Modelo: FX8439.<\/li>\n<\/ul>\n<\/div>\n<\/div>\n<\/div>\n<\/div>\n<\/div>\n","protected":false},"excerpt":{"rendered":"<p>X9000L4 Calzado de alta tecnolog\u00eda para correr distancias cortas en la ciudad El mundo es tu patio de recreo. Estos<\/p>\n","protected":false},"featured_media":69960,"comment_status":"open","ping_status":"closed","template":"","meta":{"nf_dc_page":""},"product_brand":[],"product_cat":[76],"product_tag":[],"class_list":{"0":"post-69957","1":"product","2":"type-product","3":"status-publish","4":"has-post-thumbnail","6":"product_cat-masculino","8":"first","9":"instock","10":"shipping-taxable","11":"purchasable","12":"product-type-simple"},"_links":{"self":[{"href":"https:\/\/brandss.com.py\/index\/wp-json\/wp\/v2\/product\/69957","targetHints":{"allow":["GET"]}}],"collection":[{"href":"https:\/\/brandss.com.py\/index\/wp-json\/wp\/v2\/product"}],"about":[{"href":"https:\/\/brandss.com.py\/index\/wp-json\/wp\/v2\/types\/product"}],"replies":[{"embeddable":true,"href":"https:\/\/brandss.com.py\/index\/wp-json\/wp\/v2\/comments?post=69957"}],"version-history":[{"count":1,"href":"https:\/\/brandss.com.py\/index\/wp-json\/wp\/v2\/product\/69957\/revisions"}],"predecessor-version":[{"id":69971,"href":"https:\/\/brandss.com.py\/index\/wp-json\/wp\/v2\/product\/69957\/revisions\/69971"}],"wp:featuredmedia":[{"embeddable":true,"href":"https:\/\/brandss.com.py\/index\/wp-json\/wp\/v2\/media\/69960"}],"wp:attachment":[{"href":"https:\/\/brandss.com.py\/index\/wp-json\/wp\/v2\/media?parent=69957"}],"wp:term":[{"taxonomy":"product_brand","embeddable":true,"href":"https:\/\/brandss.com.py\/index\/wp-json\/wp\/v2\/product_brand?post=69957"},{"taxonomy":"product_cat","embeddable":true,"href":"https:\/\/brandss.com.py\/index\/wp-json\/wp\/v2\/product_cat?post=69957"},{"taxonomy":"product_tag","embeddable":true,"href":"https:\/\/brandss.com.py\/index\/wp-json\/wp\/v2\/product_tag?post=69957"}],"curies":[{"name":"wp","href":"https:\/\/api.w.org\/{rel}","templated":true}]}}