{"id":69979,"date":"2025-02-06T18:10:19","date_gmt":"2025-02-06T18:10:19","guid":{"rendered":"https:\/\/brandss.com.py\/index\/?post_type=product&#038;p=69979"},"modified":"2025-02-06T18:10:48","modified_gmt":"2025-02-06T18:10:48","slug":"calzado-deportivo-masculino-adidas-solarboost-3","status":"publish","type":"product","link":"https:\/\/brandss.com.py\/index\/producto\/calzado-deportivo-masculino-adidas-solarboost-3\/","title":{"rendered":"CALZADO DEPORTIVO MASCULINO ADIDAS SOLARBOOST 3"},"content":{"rendered":"<p><img loading=\"lazy\" decoding=\"async\" class=\"\" src=\"https:\/\/encrypted-tbn0.gstatic.com\/images?q=tbn:ANd9GcSGLJC-hmcfN9t5pvZRmFrTBktTfr4lpdWKTA&amp;s\" alt=\"Archivo:Adidas Logo.svg - Wikipedia, la enciclopedia libre\" width=\"107\" height=\"72\" \/><\/p>\n<h1>SOLARBOOST 3<\/h1>\n<h3 class=\"subtitle___9ljbp\">Calzados de running con soporte y estabilidad para carreras de larga distancia<\/h3>\n<div style=\"width: 720px;\" class=\"wp-video\"><video class=\"wp-video-shortcode\" id=\"video-69979-1\" width=\"720\" height=\"720\" preload=\"metadata\" controls=\"controls\"><source type=\"video\/webm\" src=\"https:\/\/brandss.com.py\/index\/wp-content\/uploads\/2025\/02\/Zapatillas_SolarBoost_3_Plomo_FY0316_video.webm?_=1\" \/><a href=\"https:\/\/brandss.com.py\/index\/wp-content\/uploads\/2025\/02\/Zapatillas_SolarBoost_3_Plomo_FY0316_video.webm\">https:\/\/brandss.com.py\/index\/wp-content\/uploads\/2025\/02\/Zapatillas_SolarBoost_3_Plomo_FY0316_video.webm<\/a><\/video><\/div>\n<p class=\"gl-vspace\">Cuando sientes los pies c\u00f3modos, correr se convierte en una forma de meditaci\u00f3n. Estos calzados de running adidas ofrecen mayor impulso y estabilidad en las carreras de larga distancia. El sistema de propulsi\u00f3n Linear Energy Push se combina con la tecnolog\u00eda Boost para aportar mayor energ\u00eda a cada zancada. Adem\u00e1s, el refuerzo Energy Rail a lo largo de la mediasuela afianza tu pisada para llegar m\u00e1s lejos.<\/p>\n<div class=\"highlight___3fa4r\"><img loading=\"lazy\" decoding=\"async\" class=\"alignleft\" src=\"https:\/\/assets.adidas.com\/images\/w_600,f_auto,q_auto\/b693cfee94ec4ff69cbcacbf00b50e47_9366\/Zapatillas_SolarBoost_3_Plomo_FY0316.jpg\" alt=\"Plomo Zapatillas SolarBoost 3\" width=\"300\" height=\"300\" \/><\/p>\n<div class=\"highlight-text___lgoJI\">\n<h3><\/h3>\n<h3><\/h3>\n<h3 class=\"highlight-text__headline___25B2G\">Primegreen<\/h3>\n<p>Este producto est\u00e1 hecho con Primegreen, una serie de materiales reciclados de alto desempe\u00f1o.<\/p>\n<\/div>\n<\/div>\n<div class=\"highlight___3fa4r\"><img loading=\"lazy\" decoding=\"async\" class=\"alignright\" src=\"https:\/\/assets.adidas.com\/images\/w_600,f_auto,q_auto\/eea71cab4a5b40b1bdf1acbf00b52000_9366\/Zapatillas_SolarBoost_3_Plomo_FY0316.jpg\" alt=\"Plomo Zapatillas SolarBoost 3\" width=\"300\" height=\"300\" \/><\/p>\n<div class=\"highlight-text___lgoJI\">\n<h3><\/h3>\n<h3><\/h3>\n<h3 class=\"highlight-text__headline___25B2G\">Los l\u00edmites te los pones t\u00fa<\/h3>\n<p>El incre\u00edble retorno de energ\u00eda de la tecnolog\u00eda Boost se crea gracias a las peque\u00f1as c\u00e1psulas que componen la suela y te permiten avanzar con m\u00e1s fuerza.<\/p>\n<\/div>\n<\/div>\n<div class=\"highlight___3fa4r\"><img loading=\"lazy\" decoding=\"async\" class=\"alignleft\" src=\"https:\/\/assets.adidas.com\/images\/w_600,f_auto,q_auto\/fe20e59d1ed7413fb9fbacbf00b521bf_9366\/Zapatillas_SolarBoost_3_Plomo_FY0316.jpg\" alt=\"Plomo Zapatillas SolarBoost 3\" width=\"300\" height=\"300\" \/><\/p>\n<div class=\"highlight-text___lgoJI\">\n<h3 class=\"highlight-text__headline___25B2G\">Suela Stretchweb con caucho Continental\u2122<\/h3>\n<p>La suela Stretchweb se flexiona de forma natural para energizar cada paso, mientras que la suela de caucho Continental\u2122 ofrece m\u00e1ximo agarre.<\/p>\n<\/div>\n<\/div>\n<div class=\"highlight___3fa4r\">\n<div class=\"highlight-text___lgoJI\">\n<h3 class=\"highlight-text__headline___25B2G\">SolarBoost<\/h3>\n<p>Inspiradas en la ingenier\u00eda aeroespacial, las SolarBoost son unas zapatillas de running de alto rendimiento dise\u00f1adas para correr largas distancias.<\/p>\n<\/div>\n<\/div>\n<div class=\"accordion__header-text___2o9Im\">\n<h2><\/h2>\n<h2 class=\"accordion-title___2sTgR\">Tecnolog\u00eda<\/h2>\n<\/div>\n<div class=\"accordion__content___29x9h\">\n<div class=\"content-padding___2kVWQ\">\n<div class=\"technologies-section___3gZqW technologies-section--w-img___1dgiS\">\n<div class=\"technologies-asset-container___2eDiC\"><\/div>\n<div class=\"technologies-content-container--w-img___39J4G\">\n<div class=\"technologies-content-name___kkx_0\">BOOST<\/div>\n<div class=\"technologies-content-title___moWj6\">Energ\u00eda Ilimitada<\/div>\n<p class=\"technologies-content-subtitle___2bGCf\">La amortiguaci\u00f3n adidas BOOST te proporciona m\u00e1ximo retorno de energ\u00eda y comodidad en cada paso.<\/p>\n<div class=\"accordion__header-text___2o9Im\">\n<h2 class=\"accordion-title___2sTgR\">Caracter\u00edsticas<\/h2>\n<\/div>\n<div class=\"accordion__header-icon___2FuRa\"><\/div>\n<div class=\"accordion__content___29x9h\">\n<div class=\"content-padding___2kVWQ\">\n<div class=\"features-section___1pumR\">\n<div class=\"item___1X-1_\"><img decoding=\"async\" class=\"img_with_fallback___2aHBu feature-icon___3S9eQ\" src=\"https:\/\/brand.assets.adidas.com\/image\/upload\/road_24f719a743.png\" alt=\"\" data-auto-id=\"image\" \/><\/p>\n<p class=\"feature-icon-text___3Owgv\">Correr en asfalto<\/p>\n<div class=\"accordion__header-text___2o9Im\">\n<h2 class=\"accordion-title___2sTgR\">Detalles<\/h2>\n<\/div>\n<div class=\"accordion__header-icon___2FuRa\"><\/div>\n<div class=\"accordion__content___29x9h\">\n<div class=\"content-padding___2kVWQ\">\n<div class=\"bullets___3bsSs\" data-auto-id=\"specifications-section\">\n<ul class=\"gl-list\">\n<li class=\"gl-vspace-bpall-small\">Horma cl\u00e1sica.<\/li>\n<li class=\"gl-vspace-bpall-small\">Sistema de amarre de pasadores.<\/li>\n<li class=\"gl-vspace-bpall-small\">Exterior en malla t\u00e9cnica.<\/li>\n<li class=\"gl-vspace-bpall-small\">Dise\u00f1o que ofrece una mayor estabilidad.<\/li>\n<li class=\"gl-vspace-bpall-small\">Estabilizador de tal\u00f3n.<\/li>\n<li class=\"gl-vspace-bpall-small\">Mediasuela Boost.<\/li>\n<li class=\"gl-vspace-bpall-small\">Diferencial mediasuela: 10 mm (tal\u00f3n 32 mm \/ antepi\u00e9 22 mm).<\/li>\n<li class=\"gl-vspace-bpall-small\">Suela Stretchweb con caucho Continental\u2122.<\/li>\n<li class=\"gl-vspace-bpall-small\">Primegreen.<\/li>\n<li class=\"gl-vspace-bpall-small\">Color: Dash Grey \/ Silver Metallic \/ Screaming Orange.<\/li>\n<li class=\"gl-vspace-bpall-small\">Modelo: FY0316.<\/li>\n<\/ul>\n<\/div>\n<\/div>\n<\/div>\n<\/div>\n<\/div>\n<\/div>\n<\/div>\n<\/div>\n<\/div>\n<\/div>\n<\/div>\n","protected":false},"excerpt":{"rendered":"<p>SOLARBOOST 3 Calzados de running con soporte y estabilidad para carreras de larga distancia Cuando sientes los pies c\u00f3modos, correr<\/p>\n","protected":false},"featured_media":69988,"comment_status":"open","ping_status":"closed","template":"","meta":{"nf_dc_page":""},"product_brand":[],"product_cat":[76],"product_tag":[],"class_list":{"0":"post-69979","1":"product","2":"type-product","3":"status-publish","4":"has-post-thumbnail","6":"product_cat-masculino","8":"first","9":"instock","10":"shipping-taxable","11":"purchasable","12":"product-type-simple"},"_links":{"self":[{"href":"https:\/\/brandss.com.py\/index\/wp-json\/wp\/v2\/product\/69979","targetHints":{"allow":["GET"]}}],"collection":[{"href":"https:\/\/brandss.com.py\/index\/wp-json\/wp\/v2\/product"}],"about":[{"href":"https:\/\/brandss.com.py\/index\/wp-json\/wp\/v2\/types\/product"}],"replies":[{"embeddable":true,"href":"https:\/\/brandss.com.py\/index\/wp-json\/wp\/v2\/comments?post=69979"}],"version-history":[{"count":1,"href":"https:\/\/brandss.com.py\/index\/wp-json\/wp\/v2\/product\/69979\/revisions"}],"predecessor-version":[{"id":70001,"href":"https:\/\/brandss.com.py\/index\/wp-json\/wp\/v2\/product\/69979\/revisions\/70001"}],"wp:featuredmedia":[{"embeddable":true,"href":"https:\/\/brandss.com.py\/index\/wp-json\/wp\/v2\/media\/69988"}],"wp:attachment":[{"href":"https:\/\/brandss.com.py\/index\/wp-json\/wp\/v2\/media?parent=69979"}],"wp:term":[{"taxonomy":"product_brand","embeddable":true,"href":"https:\/\/brandss.com.py\/index\/wp-json\/wp\/v2\/product_brand?post=69979"},{"taxonomy":"product_cat","embeddable":true,"href":"https:\/\/brandss.com.py\/index\/wp-json\/wp\/v2\/product_cat?post=69979"},{"taxonomy":"product_tag","embeddable":true,"href":"https:\/\/brandss.com.py\/index\/wp-json\/wp\/v2\/product_tag?post=69979"}],"curies":[{"name":"wp","href":"https:\/\/api.w.org\/{rel}","templated":true}]}}