{"id":70002,"date":"2025-02-06T18:26:30","date_gmt":"2025-02-06T18:26:30","guid":{"rendered":"https:\/\/brandss.com.py\/index\/?post_type=product&#038;p=70002"},"modified":"2025-02-06T18:27:06","modified_gmt":"2025-02-06T18:27:06","slug":"calzado-deportivo-masculino-adidas-ultraboost-21","status":"publish","type":"product","link":"https:\/\/brandss.com.py\/index\/producto\/calzado-deportivo-masculino-adidas-ultraboost-21\/","title":{"rendered":"CALZADO DEPORTIVO MASCULINO ADIDAS ULTRABOOST 21"},"content":{"rendered":"<p><img loading=\"lazy\" decoding=\"async\" class=\"\" src=\"https:\/\/encrypted-tbn0.gstatic.com\/images?q=tbn:ANd9GcSGLJC-hmcfN9t5pvZRmFrTBktTfr4lpdWKTA&amp;s\" alt=\"Archivo:Adidas Logo.svg - Wikipedia, la enciclopedia libre\" width=\"159\" height=\"107\" \/><\/p>\n<h1>ULTRABOOST 21<\/h1>\n<h3 class=\"subtitle___9ljbp\"><span>La energ\u00eda era solo energ\u00eda hasta que conoci\u00f3 a Ultraboost 21.<\/span><\/h3>\n<p class=\"gl-vspace\"><span>Prototipo tras prototipo. Innovaci\u00f3n tras innovaci\u00f3n. Prueba tras prueba. Encu\u00e9ntrenos en la b\u00fasqueda de la m\u00e1xima armonizaci\u00f3n de peso, amortiguaci\u00f3n y capacidad de respuesta. Ultraboost 21. Salude a un incre\u00edble retorno de energ\u00eda.<\/span><\/p>\n<div class=\"highlight___3fa4r\"><img loading=\"lazy\" decoding=\"async\" class=\"alignleft\" src=\"https:\/\/assets.adidas.com\/images\/w_600,f_auto,q_auto\/b0c40622eff343debc2eac7e00b48123_9366\/Ultraboost_21_Shoes_White_FY0377.jpg\" alt=\"Zapatillas Ultraboost 21 blancas\" width=\"400\" height=\"400\" \/><\/p>\n<div class=\"highlight-text___lgoJI\">\n<h3><\/h3>\n<h3 class=\"highlight-text__headline___25B2G\"><span>adidas LEP<\/span><\/h3>\n<p><span>El nuevo sistema Torsion proporciona un aumento del 15% en la rigidez de flexi\u00f3n del antepi\u00e9 para una carrera con mayor capacidad de respuesta.<\/span><\/p>\n<\/div>\n<\/div>\n<div class=\"highlight___3fa4r\"><img loading=\"lazy\" decoding=\"async\" class=\"alignright\" src=\"https:\/\/assets.adidas.com\/images\/w_600,f_auto,q_auto\/c69742488d424887882aac7e00b930c6_9366\/Ultraboost_21_Shoes_White_FY0377.jpg\" alt=\"Zapatillas Ultraboost 21 blancas\" width=\"400\" height=\"400\" \/><\/p>\n<div class=\"highlight-text___lgoJI\">\n<h3><\/h3>\n<h3 class=\"highlight-text__headline___25B2G\"><span>Incre\u00edble retorno de energ\u00eda<\/span><\/h3>\n<p><span>6% m\u00e1s de c\u00e1psulas Boost listas para explotar de energ\u00eda en cada paso.<\/span><\/p>\n<\/div>\n<\/div>\n<p>&nbsp;<\/p>\n<p>&nbsp;<\/p>\n<p>&nbsp;<\/p>\n<p>&nbsp;<\/p>\n<div class=\"accordion__header-text___2o9Im\">\n<h2 class=\"accordion-title___2sTgR\"><span>Caracter\u00edsticas<\/span><\/h2>\n<\/div>\n<div class=\"accordion__header-icon___2FuRa\"><\/div>\n<div class=\"accordion__content___29x9h\">\n<div class=\"content-padding___2kVWQ\">\n<div class=\"features-section___1pumR\">\n<div class=\"item___1X-1_\"><img decoding=\"async\" class=\"img_with_fallback___2aHBu feature-icon___3S9eQ\" src=\"https:\/\/brand.assets.adidas.com\/image\/upload\/road_24f719a743.png\" alt=\"\" data-auto-id=\"image\" \/><\/p>\n<p class=\"feature-icon-text___3Owgv\">Carrera en carretera<\/p>\n<\/div>\n<div class=\"item___1X-1_\"><img decoding=\"async\" class=\"img_with_fallback___2aHBu feature-icon___3S9eQ\" src=\"https:\/\/brand.assets.adidas.com\/image\/upload\/neutral_16b16d1637.png\" alt=\"\" data-auto-id=\"image\" \/><\/p>\n<p class=\"feature-icon-text___3Owgv\">Neutral<\/p>\n<div class=\"accordion__header-text___2o9Im\">\n<h2 class=\"accordion-title___2sTgR\"><span>Detalles<\/span><\/h2>\n<\/div>\n<div class=\"accordion__header-icon___2FuRa\"><\/div>\n<div class=\"accordion__content___29x9h\">\n<div class=\"content-padding___2kVWQ\">\n<div class=\"bullets___3bsSs\" data-auto-id=\"specifications-section\">\n<ul class=\"gl-list\">\n<li class=\"gl-vspace-bpall-small\"><span>Ajuste tipo calcet\u00edn.<\/span><\/li>\n<li class=\"gl-vspace-bpall-small\"><span>Cierre de encaje.<\/span><\/li>\n<li class=\"gl-vspace-bpall-small\"><span>Parte superior adidas Primeknit+.<\/span><\/li>\n<li class=\"gl-vspace-bpall-small\"><span>Forro textil.<\/span><\/li>\n<li class=\"gl-vspace-bpall-small\"><span>Contrafuerte de tal\u00f3n de apoyo.<\/span><\/li>\n<li class=\"gl-vspace-bpall-small\"><span>Entresuela Boost.<\/span><\/li>\n<li class=\"gl-vspace-bpall-small\"><span>Drop de la entresuela: 10 mm (tal\u00f3n 30,5 mm \/ antepi\u00e9 20,5 mm).<\/span><\/li>\n<li class=\"gl-vspace-bpall-small\"><span>Suela Stretchweb con caucho Continental\u2122.<\/span><\/li>\n<li class=\"gl-vspace-bpall-small\"><span>Importado.<\/span><\/li>\n<li class=\"gl-vspace-bpall-small\"><span>Color: Blanco nube \/ Negro n\u00facleo \/ Amarillo solar.<\/span><\/li>\n<li class=\"gl-vspace-bpall-small\"><span>Modelo: FY0377.<\/span><\/li>\n<\/ul>\n<\/div>\n<\/div>\n<\/div>\n<\/div>\n<\/div>\n<\/div>\n<\/div>\n","protected":false},"excerpt":{"rendered":"<p>ULTRABOOST 21 La energ\u00eda era solo energ\u00eda hasta que conoci\u00f3 a Ultraboost 21. Prototipo tras prototipo. Innovaci\u00f3n tras innovaci\u00f3n. Prueba<\/p>\n","protected":false},"featured_media":70008,"comment_status":"open","ping_status":"closed","template":"","meta":{"nf_dc_page":""},"product_brand":[],"product_cat":[76],"product_tag":[],"class_list":{"0":"post-70002","1":"product","2":"type-product","3":"status-publish","4":"has-post-thumbnail","6":"product_cat-masculino","8":"first","9":"instock","10":"shipping-taxable","11":"purchasable","12":"product-type-simple"},"_links":{"self":[{"href":"https:\/\/brandss.com.py\/index\/wp-json\/wp\/v2\/product\/70002","targetHints":{"allow":["GET"]}}],"collection":[{"href":"https:\/\/brandss.com.py\/index\/wp-json\/wp\/v2\/product"}],"about":[{"href":"https:\/\/brandss.com.py\/index\/wp-json\/wp\/v2\/types\/product"}],"replies":[{"embeddable":true,"href":"https:\/\/brandss.com.py\/index\/wp-json\/wp\/v2\/comments?post=70002"}],"version-history":[{"count":1,"href":"https:\/\/brandss.com.py\/index\/wp-json\/wp\/v2\/product\/70002\/revisions"}],"predecessor-version":[{"id":70023,"href":"https:\/\/brandss.com.py\/index\/wp-json\/wp\/v2\/product\/70002\/revisions\/70023"}],"wp:featuredmedia":[{"embeddable":true,"href":"https:\/\/brandss.com.py\/index\/wp-json\/wp\/v2\/media\/70008"}],"wp:attachment":[{"href":"https:\/\/brandss.com.py\/index\/wp-json\/wp\/v2\/media?parent=70002"}],"wp:term":[{"taxonomy":"product_brand","embeddable":true,"href":"https:\/\/brandss.com.py\/index\/wp-json\/wp\/v2\/product_brand?post=70002"},{"taxonomy":"product_cat","embeddable":true,"href":"https:\/\/brandss.com.py\/index\/wp-json\/wp\/v2\/product_cat?post=70002"},{"taxonomy":"product_tag","embeddable":true,"href":"https:\/\/brandss.com.py\/index\/wp-json\/wp\/v2\/product_tag?post=70002"}],"curies":[{"name":"wp","href":"https:\/\/api.w.org\/{rel}","templated":true}]}}