{"id":70058,"date":"2025-02-07T10:53:18","date_gmt":"2025-02-07T10:53:18","guid":{"rendered":"https:\/\/brandss.com.py\/index\/?post_type=product&#038;p=70058"},"modified":"2025-02-07T10:53:55","modified_gmt":"2025-02-07T10:53:55","slug":"calzado-deportivo-femenino-adidas-ultraboost-21-2","status":"publish","type":"product","link":"https:\/\/brandss.com.py\/index\/producto\/calzado-deportivo-femenino-adidas-ultraboost-21-2\/","title":{"rendered":"CALZADO DEPORTIVO FEMENINO ADIDAS ULTRABOOST 21"},"content":{"rendered":"<p><img loading=\"lazy\" decoding=\"async\" class=\"\" src=\"https:\/\/encrypted-tbn0.gstatic.com\/images?q=tbn:ANd9GcSGLJC-hmcfN9t5pvZRmFrTBktTfr4lpdWKTA&amp;s\" alt=\"Archivo:Adidas Logo.svg - Wikipedia, la enciclopedia libre\" width=\"91\" height=\"61\" \/><\/p>\n<h1>ULTRABOOST 21<\/h1>\n<h3 class=\"subtitle___9ljbp\">La energ\u00eda toma otro significado con Ultraboost 21<\/h3>\n<p class=\"gl-vspace\">Prototipo tras prototipo. Innovaci\u00f3n tras innovaci\u00f3n. Prueba tras prueba. \u00danete a nosotros en la busqueda constante de maximizar y armonizar el peso, la comodidad y en rendimiento. Ultraboost 21. Descubre un retorno de energ\u00eda incre\u00edble.<\/p>\n<div class=\"highlight___3fa4r\">\n<p><img loading=\"lazy\" decoding=\"async\" class=\"alignleft\" src=\"https:\/\/assets.adidas.com\/images\/w_600,f_auto,q_auto\/e8db8d0b2cb24fe38981ac9900e2e234_9366\/Tenis_Ultraboost_21_Blanco_FY0403.jpg\" alt=\"Blanco Tenis Ultraboost 21\" width=\"300\" height=\"300\" \/><\/p>\n<div class=\"highlight-text___lgoJI\">\n<h3><\/h3>\n<h3 class=\"highlight-text__headline___25B2G\">adidas LEP<\/h3>\n<p>La nueva tecnolog\u00eda Torsion System brinda un 15% m\u00e1s de rigidez en el antepi\u00e9 para pasos m\u00e1s receptivos.<\/p>\n<\/div>\n<\/div>\n<div class=\"highlight___3fa4r\">\n<p><img loading=\"lazy\" decoding=\"async\" class=\"alignright\" src=\"https:\/\/assets.adidas.com\/images\/w_600,f_auto,q_auto\/be9d87266dcd49fd84feac9900e2dc4b_9366\/Tenis_Ultraboost_21_Blanco_FY0403.jpg\" alt=\"Blanco Tenis Ultraboost 21\" width=\"300\" height=\"300\" \/><\/p>\n<div class=\"highlight-text___lgoJI\">\n<h3><\/h3>\n<h3 class=\"highlight-text__headline___25B2G\">Un retorno de energ\u00eda incre\u00edble<\/h3>\n<p>Descubre un 6% m\u00e1s de c\u00e1psulas Boost que liberan una explosi\u00f3n de energ\u00eda con cada paso.<\/p>\n<\/div>\n<\/div>\n<div class=\"highlight___3fa4r\">\n<p><img loading=\"lazy\" decoding=\"async\" class=\"alignleft\" src=\"https:\/\/assets.adidas.com\/images\/w_600,f_auto,q_auto\/39e9d1c10b94429abd6eac9900e2e238_9366\/Tenis_Ultraboost_21_Blanco_FY0403.jpg\" alt=\"Blanco Tenis Ultraboost 21\" width=\"300\" height=\"300\" \/><\/p>\n<div class=\"highlight-text___lgoJI\">\n<h3><\/h3>\n<h3><\/h3>\n<h3 class=\"highlight-text__headline___25B2G\">Primeblue<\/h3>\n<p>Este producto est\u00e1 hecho con Primeblue, un tejido reciclado de alto rendimiento creado con Parley Ocean Plastic. 50 % del exterior es textil, 75% de este material textil es de hilo Primblue No contiene poli\u00e9ster virgen.<\/p>\n<\/div>\n<div class=\"accordion__header-text___2o9Im\">\n<h2><\/h2>\n<h2><\/h2>\n<h2 class=\"accordion-title___2sTgR\">Tecnolog\u00eda<\/h2>\n<\/div>\n<div class=\"accordion__content___29x9h\">\n<div class=\"content-padding___2kVWQ\">\n<div class=\"technologies-section___3gZqW technologies-section--w-img___1dgiS\">\n<div class=\"technologies-asset-container___2eDiC\"><\/div>\n<div class=\"technologies-content-container--w-img___39J4G\">\n<div class=\"technologies-content-name___kkx_0\">BOOST<\/div>\n<div class=\"technologies-content-title___moWj6\">Energ\u00eda Ilimitada<\/div>\n<p class=\"technologies-content-subtitle___2bGCf\">La amortiguaci\u00f3n adidas BOOST te proporciona m\u00e1ximo retorno de energ\u00eda y comodidad en cada paso.<\/p>\n<div class=\"accordion__header-text___2o9Im\">\n<h2 class=\"accordion-title___2sTgR\">Caracter\u00edsticas<\/h2>\n<\/div>\n<div class=\"accordion__header-icon___2FuRa\"><\/div>\n<div class=\"accordion__content___29x9h\">\n<div class=\"content-padding___2kVWQ\">\n<div class=\"features-section___1pumR\">\n<div class=\"item___1X-1_\">\n<p><img decoding=\"async\" class=\"img_with_fallback___2aHBu feature-icon___3S9eQ\" src=\"https:\/\/brand.assets.adidas.com\/image\/upload\/road_24f719a743.png\" alt=\"\" data-auto-id=\"image\" \/><\/p>\n<p class=\"feature-icon-text___3Owgv\">Correr en asfalto<\/p>\n<\/div>\n<div class=\"item___1X-1_\">\n<p><img decoding=\"async\" class=\"img_with_fallback___2aHBu feature-icon___3S9eQ\" src=\"https:\/\/brand.assets.adidas.com\/image\/upload\/neutral_16b16d1637.png\" alt=\"\" data-auto-id=\"image\" \/><\/p>\n<p class=\"feature-icon-text___3Owgv\">Neutro<\/p>\n<\/div>\n<div class=\"item___1X-1_\">\n<p><img decoding=\"async\" class=\"img_with_fallback___2aHBu feature-icon___3S9eQ\" src=\"https:\/\/brand.assets.adidas.com\/image\/upload\/regular_a176d1f2d6.png\" alt=\"\" data-auto-id=\"image\" \/><\/p>\n<p class=\"feature-icon-text___3Owgv\">Horma cl\u00e1sica Mujer<\/p>\n<div class=\"accordion__header-text___2o9Im\">\n<h2 class=\"accordion-title___2sTgR\">Detalles<\/h2>\n<\/div>\n<div class=\"accordion__header-icon___2FuRa\"><\/div>\n<div class=\"accordion__content___29x9h\">\n<div class=\"content-padding___2kVWQ\">\n<div class=\"bullets___3bsSs\" data-auto-id=\"specifications-section\">\n<ul class=\"gl-list\">\n<li class=\"gl-vspace-bpall-small\">Ajuste ce\u00f1ido, tipo calcet\u00edn.<\/li>\n<li class=\"gl-vspace-bpall-small\">Sistema de amarre de cordones.<\/li>\n<li class=\"gl-vspace-bpall-small\">Exterior adidas Primeknit+.<\/li>\n<li class=\"gl-vspace-bpall-small\">Forro interno textil.<\/li>\n<li class=\"gl-vspace-bpall-small\">Estabilizador de tal\u00f3n.<\/li>\n<li class=\"gl-vspace-bpall-small\">Mediasuela Boost.<\/li>\n<li class=\"gl-vspace-bpall-small\">Peso: 340 g.<\/li>\n<li class=\"gl-vspace-bpall-small\">Diferencial mediasuela: 10 mm (tal\u00f3n 30,5 mm \/ antepi\u00e9 20,5 mm).<\/li>\n<li class=\"gl-vspace-bpall-small\">Suela Stretchweb con caucho Continental\u2122.<\/li>\n<li class=\"gl-vspace-bpall-small\">Primeblue.<\/li>\n<li class=\"gl-vspace-bpall-small\">Color: Cloud White \/ Cloud White \/ Grey Three.<\/li>\n<li class=\"gl-vspace-bpall-small\">Modelo: FY0403.<\/li>\n<\/ul>\n<\/div>\n<\/div>\n<\/div>\n<\/div>\n<\/div>\n<\/div>\n<\/div>\n<\/div>\n<\/div>\n<\/div>\n<\/div>\n<\/div>\n","protected":false},"excerpt":{"rendered":"<p>ULTRABOOST 21 La energ\u00eda toma otro significado con Ultraboost 21 Prototipo tras prototipo. Innovaci\u00f3n tras innovaci\u00f3n. Prueba tras prueba. \u00danete<\/p>\n","protected":false},"featured_media":70060,"comment_status":"open","ping_status":"closed","template":"","meta":{"nf_dc_page":""},"product_brand":[],"product_cat":[73],"product_tag":[],"class_list":{"0":"post-70058","1":"product","2":"type-product","3":"status-publish","4":"has-post-thumbnail","6":"product_cat-femenino","8":"first","9":"instock","10":"shipping-taxable","11":"purchasable","12":"product-type-simple"},"_links":{"self":[{"href":"https:\/\/brandss.com.py\/index\/wp-json\/wp\/v2\/product\/70058","targetHints":{"allow":["GET"]}}],"collection":[{"href":"https:\/\/brandss.com.py\/index\/wp-json\/wp\/v2\/product"}],"about":[{"href":"https:\/\/brandss.com.py\/index\/wp-json\/wp\/v2\/types\/product"}],"replies":[{"embeddable":true,"href":"https:\/\/brandss.com.py\/index\/wp-json\/wp\/v2\/comments?post=70058"}],"version-history":[{"count":2,"href":"https:\/\/brandss.com.py\/index\/wp-json\/wp\/v2\/product\/70058\/revisions"}],"predecessor-version":[{"id":70071,"href":"https:\/\/brandss.com.py\/index\/wp-json\/wp\/v2\/product\/70058\/revisions\/70071"}],"wp:featuredmedia":[{"embeddable":true,"href":"https:\/\/brandss.com.py\/index\/wp-json\/wp\/v2\/media\/70060"}],"wp:attachment":[{"href":"https:\/\/brandss.com.py\/index\/wp-json\/wp\/v2\/media?parent=70058"}],"wp:term":[{"taxonomy":"product_brand","embeddable":true,"href":"https:\/\/brandss.com.py\/index\/wp-json\/wp\/v2\/product_brand?post=70058"},{"taxonomy":"product_cat","embeddable":true,"href":"https:\/\/brandss.com.py\/index\/wp-json\/wp\/v2\/product_cat?post=70058"},{"taxonomy":"product_tag","embeddable":true,"href":"https:\/\/brandss.com.py\/index\/wp-json\/wp\/v2\/product_tag?post=70058"}],"curies":[{"name":"wp","href":"https:\/\/api.w.org\/{rel}","templated":true}]}}