{"id":70076,"date":"2025-02-07T11:24:16","date_gmt":"2025-02-07T11:24:16","guid":{"rendered":"https:\/\/brandss.com.py\/index\/?post_type=product&#038;p=70076"},"modified":"2025-02-07T11:25:28","modified_gmt":"2025-02-07T11:25:28","slug":"calzado-deportivo-unisex-adidas-x-speedflow-3-cesped-sintetico","status":"publish","type":"product","link":"https:\/\/brandss.com.py\/index\/producto\/calzado-deportivo-unisex-adidas-x-speedflow-3-cesped-sintetico\/","title":{"rendered":"CALZADO DEPORTIVO UNISEX ADIDAS X SPEEDFLOW.3 BOT\u00cdN CESPED SINT\u00c9TICO"},"content":{"rendered":"<p><img loading=\"lazy\" decoding=\"async\" class=\"\" src=\"https:\/\/encrypted-tbn0.gstatic.com\/images?q=tbn:ANd9GcSGLJC-hmcfN9t5pvZRmFrTBktTfr4lpdWKTA&amp;s\" alt=\"Archivo:Adidas Logo.svg - Wikipedia, la enciclopedia libre\" width=\"130\" height=\"87\" \/><\/p>\n<h1>X SPEEDFLOW.3<\/h1>\n<h3 class=\"subtitle___9ljbp\">Una bota ligera para tu versi\u00f3n de velocidad.<\/h3>\n<p class=\"gl-vspace\">En el campo, la velocidad es una virtud. En la cancha, es lo \u00fanico que cuenta. Piensa r\u00e1pido. Mu\u00e9vete m\u00e1s r\u00e1pido. Encuentra tu ritmo y deja el resto atr\u00e1s. T\u00f3matelo con calma con estas botas de f\u00fatbol adidas X. Su parte superior semitransl\u00facida Speedskin te mantiene c\u00f3modo mientras entras en acci\u00f3n. Debajo, una suela exterior de goma con tacos proporciona una aceleraci\u00f3n seria en c\u00e9sped artificial. El ajuste que abraza el pie te sujeta para hacer piruetas y giros para mantenerte un paso adelante.<\/p>\n<div class=\"accordion__header-text___2o9Im\">\n<h2 class=\"accordion-title___2sTgR\">Detalles<\/h2>\n<\/div>\n<div class=\"accordion__header-icon___2FuRa\"><\/div>\n<div class=\"accordion__content___29x9h\">\n<div class=\"content-padding___2kVWQ\">\n<div class=\"bullets___3bsSs\" data-auto-id=\"specifications-section\">\n<ul class=\"gl-list\">\n<li class=\"gl-vspace-bpall-small\">Cierre de encaje.<\/li>\n<li class=\"gl-vspace-bpall-small\">Parte superior textil Speedskin.<\/li>\n<li class=\"gl-vspace-bpall-small\">Material el\u00e1stico en cuatro direcciones.<\/li>\n<li class=\"gl-vspace-bpall-small\">Entresuela de EVA.<\/li>\n<li class=\"gl-vspace-bpall-small\">Suela de goma ligera para c\u00e9sped artificial.<\/li>\n<li class=\"gl-vspace-bpall-small\">Color: Rojo \/ Negro b\u00e1sico \/ Rojo solar.<\/li>\n<li class=\"gl-vspace-bpall-small\">Modelo: FY3310.<\/li>\n<\/ul>\n<\/div>\n<\/div>\n<\/div>\n","protected":false},"excerpt":{"rendered":"<p>X SPEEDFLOW.3 Una bota ligera para tu versi\u00f3n de velocidad. En el campo, la velocidad es una virtud. En la<\/p>\n","protected":false},"featured_media":70079,"comment_status":"open","ping_status":"closed","template":"","meta":{"nf_dc_page":""},"product_brand":[],"product_cat":[73,76],"product_tag":[],"class_list":{"0":"post-70076","1":"product","2":"type-product","3":"status-publish","4":"has-post-thumbnail","6":"product_cat-femenino","7":"product_cat-masculino","9":"first","10":"instock","11":"shipping-taxable","12":"purchasable","13":"product-type-simple"},"_links":{"self":[{"href":"https:\/\/brandss.com.py\/index\/wp-json\/wp\/v2\/product\/70076","targetHints":{"allow":["GET"]}}],"collection":[{"href":"https:\/\/brandss.com.py\/index\/wp-json\/wp\/v2\/product"}],"about":[{"href":"https:\/\/brandss.com.py\/index\/wp-json\/wp\/v2\/types\/product"}],"replies":[{"embeddable":true,"href":"https:\/\/brandss.com.py\/index\/wp-json\/wp\/v2\/comments?post=70076"}],"version-history":[{"count":2,"href":"https:\/\/brandss.com.py\/index\/wp-json\/wp\/v2\/product\/70076\/revisions"}],"predecessor-version":[{"id":70089,"href":"https:\/\/brandss.com.py\/index\/wp-json\/wp\/v2\/product\/70076\/revisions\/70089"}],"wp:featuredmedia":[{"embeddable":true,"href":"https:\/\/brandss.com.py\/index\/wp-json\/wp\/v2\/media\/70079"}],"wp:attachment":[{"href":"https:\/\/brandss.com.py\/index\/wp-json\/wp\/v2\/media?parent=70076"}],"wp:term":[{"taxonomy":"product_brand","embeddable":true,"href":"https:\/\/brandss.com.py\/index\/wp-json\/wp\/v2\/product_brand?post=70076"},{"taxonomy":"product_cat","embeddable":true,"href":"https:\/\/brandss.com.py\/index\/wp-json\/wp\/v2\/product_cat?post=70076"},{"taxonomy":"product_tag","embeddable":true,"href":"https:\/\/brandss.com.py\/index\/wp-json\/wp\/v2\/product_tag?post=70076"}],"curies":[{"name":"wp","href":"https:\/\/api.w.org\/{rel}","templated":true}]}}