{"id":70092,"date":"2025-02-07T11:40:22","date_gmt":"2025-02-07T11:40:22","guid":{"rendered":"https:\/\/brandss.com.py\/index\/?post_type=product&#038;p=70092"},"modified":"2025-02-07T11:40:50","modified_gmt":"2025-02-07T11:40:50","slug":"calzado-deportivo-femenino-adidas-roguera","status":"publish","type":"product","link":"https:\/\/brandss.com.py\/index\/producto\/calzado-deportivo-femenino-adidas-roguera\/","title":{"rendered":"CALZADO DEPORTIVO FEMENINO ADIDAS ROGUERA"},"content":{"rendered":"<p><img loading=\"lazy\" decoding=\"async\" class=\"\" src=\"https:\/\/encrypted-tbn0.gstatic.com\/images?q=tbn:ANd9GcSGLJC-hmcfN9t5pvZRmFrTBktTfr4lpdWKTA&amp;s\" alt=\"Archivo:Adidas Logo.svg - Wikipedia, la enciclopedia libre\" width=\"98\" height=\"66\" \/><\/p>\n<h1>ROGUERA<\/h1>\n<h3 class=\"subtitle___9ljbp\"><span>Calzados inspirados en el entrenamiento con look a\u00f1os 80.<\/span><\/h3>\n<p class=\"gl-vspace\"><span>Siente el poder de las tendencias de fitness de los a\u00f1os 80. Estos calzados modernizan unos calzados cl\u00e1sicos con estilo y comodidad para todo el d\u00eda. Cuentan con una parte superior de cuero revestido y una entresuela ic\u00f3nica de doble copa para darte m\u00e1s elasticidad a tus pasos.<\/span><\/p>\n<div class=\"accordion__header-text___2o9Im\">\n<h2 class=\"accordion-title___2sTgR\"><span>Detalles<\/span><\/h2>\n<\/div>\n<div class=\"accordion__header-icon___2FuRa\"><\/div>\n<div class=\"accordion__content___29x9h\">\n<div class=\"content-padding___2kVWQ\">\n<div class=\"bullets___3bsSs\" data-auto-id=\"specifications-section\">\n<ul class=\"gl-list\">\n<li class=\"gl-vspace-bpall-small\"><span>Ajuste regular.<\/span><\/li>\n<li class=\"gl-vspace-bpall-small\"><span>Cierre de encaje.<\/span><\/li>\n<li class=\"gl-vspace-bpall-small\"><span>Parte superior de cuero revestido.<\/span><\/li>\n<li class=\"gl-vspace-bpall-small\"><span>Suela de goma; Forro textil.<\/span><\/li>\n<li class=\"gl-vspace-bpall-small\"><span>Entresuela de EVA ligera; plantilla de EVA ligera Adibouncy.<\/span><\/li>\n<li class=\"gl-vspace-bpall-small\"><span>Color: Blanco nube \/ Blanco nube \/ Negro n\u00facleo.<\/span><\/li>\n<li class=\"gl-vspace-bpall-small\"><span>Modelo: FY8884.<\/span><\/li>\n<\/ul>\n<\/div>\n<\/div>\n<\/div>\n","protected":false},"excerpt":{"rendered":"<p>ROGUERA Calzados inspirados en el entrenamiento con look a\u00f1os 80. Siente el poder de las tendencias de fitness de los<\/p>\n","protected":false},"featured_media":70098,"comment_status":"open","ping_status":"closed","template":"","meta":{"nf_dc_page":""},"product_brand":[],"product_cat":[73],"product_tag":[],"class_list":{"0":"post-70092","1":"product","2":"type-product","3":"status-publish","4":"has-post-thumbnail","6":"product_cat-femenino","8":"first","9":"instock","10":"shipping-taxable","11":"purchasable","12":"product-type-simple"},"_links":{"self":[{"href":"https:\/\/brandss.com.py\/index\/wp-json\/wp\/v2\/product\/70092","targetHints":{"allow":["GET"]}}],"collection":[{"href":"https:\/\/brandss.com.py\/index\/wp-json\/wp\/v2\/product"}],"about":[{"href":"https:\/\/brandss.com.py\/index\/wp-json\/wp\/v2\/types\/product"}],"replies":[{"embeddable":true,"href":"https:\/\/brandss.com.py\/index\/wp-json\/wp\/v2\/comments?post=70092"}],"version-history":[{"count":1,"href":"https:\/\/brandss.com.py\/index\/wp-json\/wp\/v2\/product\/70092\/revisions"}],"predecessor-version":[{"id":70106,"href":"https:\/\/brandss.com.py\/index\/wp-json\/wp\/v2\/product\/70092\/revisions\/70106"}],"wp:featuredmedia":[{"embeddable":true,"href":"https:\/\/brandss.com.py\/index\/wp-json\/wp\/v2\/media\/70098"}],"wp:attachment":[{"href":"https:\/\/brandss.com.py\/index\/wp-json\/wp\/v2\/media?parent=70092"}],"wp:term":[{"taxonomy":"product_brand","embeddable":true,"href":"https:\/\/brandss.com.py\/index\/wp-json\/wp\/v2\/product_brand?post=70092"},{"taxonomy":"product_cat","embeddable":true,"href":"https:\/\/brandss.com.py\/index\/wp-json\/wp\/v2\/product_cat?post=70092"},{"taxonomy":"product_tag","embeddable":true,"href":"https:\/\/brandss.com.py\/index\/wp-json\/wp\/v2\/product_tag?post=70092"}],"curies":[{"name":"wp","href":"https:\/\/api.w.org\/{rel}","templated":true}]}}