{"id":70154,"date":"2025-02-07T13:07:53","date_gmt":"2025-02-07T13:07:53","guid":{"rendered":"https:\/\/brandss.com.py\/index\/?post_type=product&#038;p=70154"},"modified":"2025-02-07T13:08:24","modified_gmt":"2025-02-07T13:08:24","slug":"chaqueta-de-pluma-masculino-adidas-essentials-sin-mangas","status":"publish","type":"product","link":"https:\/\/brandss.com.py\/index\/producto\/chaqueta-de-pluma-masculino-adidas-essentials-sin-mangas\/","title":{"rendered":"CHAQUETA DE PLUMA MASCULINO ADIDAS ESSENTIALS SIN MANGAS"},"content":{"rendered":"<p><img loading=\"lazy\" decoding=\"async\" class=\"\" src=\"https:\/\/encrypted-tbn0.gstatic.com\/images?q=tbn:ANd9GcSGLJC-hmcfN9t5pvZRmFrTBktTfr4lpdWKTA&amp;s\" alt=\"Archivo:Adidas Logo.svg - Wikipedia, la enciclopedia libre\" width=\"119\" height=\"80\" \/><\/p>\n<h1>ESSENTIALS<\/h1>\n<p>En la ciudad o en la monta\u00f1a, mantente caliente con esta chaqueta de plum\u00f3n sin mangas adidas Essentials . Es lo suficientemente ligero como para ponerlo en capas, pero lo suficientemente c\u00e1lido como para llevarlo solo con temperaturas suaves. El ligero acolchado retiene el calor. Est\u00e1 hecho con materiales reciclados para ayudar a nuestro planeta.<\/p>\n<ul>\n<li>Una estupenda chaqueta de plum\u00f3n sin mangas para usar en climas m\u00e1s fr\u00edos.<\/li>\n<li>Chaqueta aislante sin mangas.<\/li>\n<li>Bolsillos sin cremallera.<\/li>\n<li>Este producto est\u00e1 fabricado con Primegreen, una serie de materiales reciclados de alto rendimiento. Los productos fabricados con Primegreen contienen un m\u00ednimo de 40% de contenido reciclado.<\/li>\n<li>Cremallera completa.<\/li>\n<li>Cuello alto.<\/li>\n<li>Material principal: lona de poli\u00e9ster 100% reciclada. Acolchado: 80% plum\u00f3n de pato, 20% sint\u00e9tico.<\/li>\n<li>C\u00e1lido y ligero.<\/li>\n<li><span>Color: Negro.<\/span><\/li>\n<li><span>Modelo: GH4583.<\/span><\/li>\n<\/ul>\n","protected":false},"excerpt":{"rendered":"<p>ESSENTIALS En la ciudad o en la monta\u00f1a, mantente caliente con esta chaqueta de plum\u00f3n sin mangas adidas Essentials .<\/p>\n","protected":false},"featured_media":70164,"comment_status":"open","ping_status":"closed","template":"","meta":{"nf_dc_page":""},"product_brand":[],"product_cat":[76],"product_tag":[],"class_list":{"0":"post-70154","1":"product","2":"type-product","3":"status-publish","4":"has-post-thumbnail","6":"product_cat-masculino","8":"first","9":"instock","10":"shipping-taxable","11":"purchasable","12":"product-type-simple"},"_links":{"self":[{"href":"https:\/\/brandss.com.py\/index\/wp-json\/wp\/v2\/product\/70154","targetHints":{"allow":["GET"]}}],"collection":[{"href":"https:\/\/brandss.com.py\/index\/wp-json\/wp\/v2\/product"}],"about":[{"href":"https:\/\/brandss.com.py\/index\/wp-json\/wp\/v2\/types\/product"}],"replies":[{"embeddable":true,"href":"https:\/\/brandss.com.py\/index\/wp-json\/wp\/v2\/comments?post=70154"}],"version-history":[{"count":1,"href":"https:\/\/brandss.com.py\/index\/wp-json\/wp\/v2\/product\/70154\/revisions"}],"predecessor-version":[{"id":70176,"href":"https:\/\/brandss.com.py\/index\/wp-json\/wp\/v2\/product\/70154\/revisions\/70176"}],"wp:featuredmedia":[{"embeddable":true,"href":"https:\/\/brandss.com.py\/index\/wp-json\/wp\/v2\/media\/70164"}],"wp:attachment":[{"href":"https:\/\/brandss.com.py\/index\/wp-json\/wp\/v2\/media?parent=70154"}],"wp:term":[{"taxonomy":"product_brand","embeddable":true,"href":"https:\/\/brandss.com.py\/index\/wp-json\/wp\/v2\/product_brand?post=70154"},{"taxonomy":"product_cat","embeddable":true,"href":"https:\/\/brandss.com.py\/index\/wp-json\/wp\/v2\/product_cat?post=70154"},{"taxonomy":"product_tag","embeddable":true,"href":"https:\/\/brandss.com.py\/index\/wp-json\/wp\/v2\/product_tag?post=70154"}],"curies":[{"name":"wp","href":"https:\/\/api.w.org\/{rel}","templated":true}]}}