{"id":70178,"date":"2025-02-07T13:30:06","date_gmt":"2025-02-07T13:30:06","guid":{"rendered":"https:\/\/brandss.com.py\/index\/?post_type=product&#038;p=70178"},"modified":"2025-02-07T13:30:34","modified_gmt":"2025-02-07T13:30:34","slug":"pantalon-femenino-piece","status":"publish","type":"product","link":"https:\/\/brandss.com.py\/index\/producto\/pantalon-femenino-piece\/","title":{"rendered":"PANTALON FEMENINO PIECE"},"content":{"rendered":"<p><img loading=\"lazy\" decoding=\"async\" class=\"\" src=\"https:\/\/fashionunited.com\/img\/upload\/2022\/12\/09\/pieces-logo-zxnqgm3b-2022-12-09.svg\" alt=\"Pieces wholesale collection\" width=\"233\" height=\"233\" \/><\/p>\n<h1>17133543<\/h1>\n<p>El <strong>pantal\u00f3n PIECE femenino<\/strong> es la combinaci\u00f3n perfecta entre elegancia y versatilidad. Dise\u00f1ado para adaptarse a cualquier ocasi\u00f3n, ofrece un ajuste favorecedor que realza la silueta sin sacrificar comodidad. Su confecci\u00f3n en tejido suave y ligero lo convierte en una opci\u00f3n ideal para el d\u00eda a d\u00eda o eventos especiales.<\/p>\n<h3><strong>Caracter\u00edsticas principales:<\/strong><\/h3>\n<p>\u2714 <strong>Dise\u00f1o moderno y femenino<\/strong>, ideal para looks casuales o formales.<br \/>\n\u2714 <strong>Ajuste c\u00f3modo y favorecedor<\/strong>, con un corte pensado para resaltar la figura.<br \/>\n\u2714 <strong>Tejido ligero y transpirable<\/strong>, que brinda frescura y libertad de movimiento.<br \/>\n\u2714 <strong>Versatilidad absoluta<\/strong>, f\u00e1cil de combinar con blusas elegantes o camisetas informales.<\/p>\n<h3><strong>Cuidados de la prenda:<\/strong><\/h3>\n<p>\u2705 <strong>Lavado suave a 30 \u00b0C<\/strong> para mantener la calidad del tejido.<br \/>\n\ud83d\udeab <strong>No usar blanqueador ni secar en secadora.<\/strong><br \/>\n\ud83e\uddfc <strong>Limpieza profesional en h\u00famedo recomendada.<\/strong><br \/>\n\ud83e\uddf4 <strong>Planchar a baja temperatura<\/strong> para conservar su estructura impecable.<\/p>\n<h3><strong>C\u00f3mo combinarlo:<\/strong><\/h3>\n<p>\ud83d\udd39 Para un look elegante, \u00fasalo con una <strong>blusa estructurada y tacones<\/strong>.<br \/>\n\ud83d\udd39 Para un estilo casual, comb\u00ednalo con <strong>zapatillas y un top ligero<\/strong>.<br \/>\n\ud83d\udd39 Para la oficina, agr\u00e9gale un <strong>blazer y mocasines<\/strong>.<\/p>\n<p>Un b\u00e1sico imprescindible en el armario de cualquier mujer, el <strong>pantal\u00f3n PIECE femenino<\/strong> te har\u00e1 lucir impecable en cualquier momento del d\u00eda.<\/p>\n","protected":false},"excerpt":{"rendered":"<p>17133543 El pantal\u00f3n PIECE femenino es la combinaci\u00f3n perfecta entre elegancia y versatilidad. Dise\u00f1ado para adaptarse a cualquier ocasi\u00f3n, ofrece<\/p>\n","protected":false},"featured_media":70179,"comment_status":"open","ping_status":"closed","template":"","meta":{"nf_dc_page":""},"product_brand":[],"product_cat":[73],"product_tag":[],"class_list":{"0":"post-70178","1":"product","2":"type-product","3":"status-publish","4":"has-post-thumbnail","6":"product_cat-femenino","8":"first","9":"instock","10":"shipping-taxable","11":"purchasable","12":"product-type-simple"},"_links":{"self":[{"href":"https:\/\/brandss.com.py\/index\/wp-json\/wp\/v2\/product\/70178","targetHints":{"allow":["GET"]}}],"collection":[{"href":"https:\/\/brandss.com.py\/index\/wp-json\/wp\/v2\/product"}],"about":[{"href":"https:\/\/brandss.com.py\/index\/wp-json\/wp\/v2\/types\/product"}],"replies":[{"embeddable":true,"href":"https:\/\/brandss.com.py\/index\/wp-json\/wp\/v2\/comments?post=70178"}],"version-history":[{"count":1,"href":"https:\/\/brandss.com.py\/index\/wp-json\/wp\/v2\/product\/70178\/revisions"}],"predecessor-version":[{"id":70185,"href":"https:\/\/brandss.com.py\/index\/wp-json\/wp\/v2\/product\/70178\/revisions\/70185"}],"wp:featuredmedia":[{"embeddable":true,"href":"https:\/\/brandss.com.py\/index\/wp-json\/wp\/v2\/media\/70179"}],"wp:attachment":[{"href":"https:\/\/brandss.com.py\/index\/wp-json\/wp\/v2\/media?parent=70178"}],"wp:term":[{"taxonomy":"product_brand","embeddable":true,"href":"https:\/\/brandss.com.py\/index\/wp-json\/wp\/v2\/product_brand?post=70178"},{"taxonomy":"product_cat","embeddable":true,"href":"https:\/\/brandss.com.py\/index\/wp-json\/wp\/v2\/product_cat?post=70178"},{"taxonomy":"product_tag","embeddable":true,"href":"https:\/\/brandss.com.py\/index\/wp-json\/wp\/v2\/product_tag?post=70178"}],"curies":[{"name":"wp","href":"https:\/\/api.w.org\/{rel}","templated":true}]}}