{"id":70186,"date":"2025-02-07T13:48:09","date_gmt":"2025-02-07T13:48:09","guid":{"rendered":"https:\/\/brandss.com.py\/index\/?post_type=product&#038;p=70186"},"modified":"2025-02-07T13:49:47","modified_gmt":"2025-02-07T13:49:47","slug":"vestido-deportivo-femenino-adidas-y-de-tenis-sin-mangas-2pzs","status":"publish","type":"product","link":"https:\/\/brandss.com.py\/index\/producto\/vestido-deportivo-femenino-adidas-y-de-tenis-sin-mangas-2pzs\/","title":{"rendered":"VESTIDO DEPORTIVO FEMENINO ADIDAS Y DE TENIS SIN MANGAS 2PZS"},"content":{"rendered":"<p><img loading=\"lazy\" decoding=\"async\" class=\"\" src=\"https:\/\/encrypted-tbn0.gstatic.com\/images?q=tbn:ANd9GcSGLJC-hmcfN9t5pvZRmFrTBktTfr4lpdWKTA&amp;s\" alt=\"Archivo:Adidas Logo.svg - Wikipedia, la enciclopedia libre\" width=\"97\" height=\"65\" \/><\/p>\n<h1>Y<\/h1>\n<h3 class=\"subtitle___9ljbp\"><span>Un vestido ajustado para tenis din\u00e1mico.<\/span><\/h3>\n<p class=\"gl-vspace\"><span>Creado para ayudarte a dominar la cancha. La tira en forma de Y de una sola pieza de este vestido de tenis de adidas est\u00e1 ubicada con precisi\u00f3n para liberar tus brazos. La tecnolog\u00eda AEROREADY que absorbe la humedad y la tela suave que se estira con cada estocada y deslizamiento se combinan para mantenerte en control. Este vestido, ce\u00f1ido en la parte superior, se ensancha en una favorecedora forma de A, mientras que las mallas cortas separadas te brindan una cobertura total. Este producto est\u00e1 hecho con Primegreen, una serie de materiales reciclados de alto rendimiento.<\/span><\/p>\n<div class=\"accordion__header-text___2o9Im\">\n<h2 class=\"accordion-title___2sTgR\"><span>Cuidado<\/span><\/h2>\n<\/div>\n<div class=\"accordion__header-icon___2FuRa\"><\/div>\n<div class=\"accordion__content___29x9h\">\n<div class=\"content-padding___2kVWQ\">\n<div class=\"care___2GwB4\" data-auto-id=\"pdp-content-care\">\n<div class=\"care-instructions___3scEd\">\n<h4 class=\"care-title___2YJe1 gl-no-margin-bottom\">Instrucciones de lavado<\/h4>\n<ul>\n<li class=\"gl-vspace-bpall-small\"><img loading=\"lazy\" decoding=\"async\" src=\"https:\/\/www.adidas.com\/glass\/react\/775f3b0\/assets\/img\/washing-instructions\/B1.svg\" alt=\"\" width=\"24\" height=\"24\" \/>No usa blanqueador<\/li>\n<li class=\"gl-vspace-bpall-small\"><img loading=\"lazy\" decoding=\"async\" src=\"https:\/\/www.adidas.com\/glass\/react\/775f3b0\/assets\/img\/washing-instructions\/C1.svg\" alt=\"\" width=\"24\" height=\"24\" \/>No secar en secadora<\/li>\n<li class=\"gl-vspace-bpall-small\"><img loading=\"lazy\" decoding=\"async\" src=\"https:\/\/www.adidas.com\/glass\/react\/775f3b0\/assets\/img\/washing-instructions\/E1.svg\" alt=\"\" width=\"24\" height=\"24\" \/>No lavar en seco<\/li>\n<li class=\"gl-vspace-bpall-small\"><img loading=\"lazy\" decoding=\"async\" src=\"https:\/\/www.adidas.com\/glass\/react\/775f3b0\/assets\/img\/washing-instructions\/D2.svg\" alt=\"\" width=\"24\" height=\"24\" \/>Retocar con plancha fr\u00eda<\/li>\n<li class=\"gl-vspace-bpall-small\"><img loading=\"lazy\" decoding=\"async\" src=\"https:\/\/www.adidas.com\/glass\/react\/775f3b0\/assets\/img\/washing-instructions\/A4.svg\" alt=\"\" width=\"24\" height=\"24\" \/>Lavar a m\u00e1quina en ciclo delicado con agua fr\u00eda.<\/li>\n<\/ul>\n<\/div>\n<div class=\"extra-instructions___2TR8b\">\n<h4 class=\"care-title___2YJe1 gl-no-margin-bottom\">Informaci\u00f3n de cuidados adicionales<\/h4>\n<ul class=\"gl-list margin___QweXS\">\n<li class=\"gl-vspace-bpall-small\">Lavar por separado<\/li>\n<li class=\"gl-vspace-bpall-small\">Retirar inmediatamente despu\u00e9s del lavado.<\/li>\n<li class=\"gl-vspace-bpall-small\">No utilice suavizante de telas.<\/li>\n<li class=\"gl-vspace-bpall-small\">Utilice \u00fanicamente detergente suave<\/li>\n<\/ul>\n<div class=\"accordion__header-text___2o9Im\">\n<h2 class=\"accordion-title___2sTgR\"><span>Detalles<\/span><\/h2>\n<\/div>\n<div class=\"accordion__header-icon___2FuRa\"><\/div>\n<div class=\"accordion__content___29x9h\">\n<div class=\"content-padding___2kVWQ\">\n<div class=\"bullets___3bsSs\" data-auto-id=\"specifications-section\">\n<ul class=\"gl-list\">\n<li class=\"gl-vspace-bpall-small\"><span>Ajuste ce\u00f1ido.<\/span><\/li>\n<li class=\"gl-vspace-bpall-small\"><span>Cuello redondo con tira el\u00e1stica en la espalda.<\/span><\/li>\n<li class=\"gl-vspace-bpall-small\"><span>Jersey sencillo 82 % poli\u00e9ster reciclado, 18 % elastano.<\/span><\/li>\n<li class=\"gl-vspace-bpall-small\"><span>Absorbente de humedad.<\/span><\/li>\n<li class=\"gl-vspace-bpall-small\"><span>Falda con volantes.<\/span><\/li>\n<li class=\"gl-vspace-bpall-small\"><span>Medias separadas.<\/span><\/li>\n<li class=\"gl-vspace-bpall-small\"><span>Primegreen.<\/span><\/li>\n<li class=\"gl-vspace-bpall-small\"><span>Importado.<\/span><\/li>\n<li class=\"gl-vspace-bpall-small\"><span>Color: Negro \/ Blanco.<\/span><\/li>\n<li class=\"gl-vspace-bpall-small\"><span>Modelo: GH7551.<\/span><\/li>\n<\/ul>\n<\/div>\n<\/div>\n<\/div>\n<\/div>\n<\/div>\n<\/div>\n<\/div>\n","protected":false},"excerpt":{"rendered":"<p>Y Un vestido ajustado para tenis din\u00e1mico. Creado para ayudarte a dominar la cancha. La tira en forma de Y<\/p>\n","protected":false},"featured_media":70188,"comment_status":"open","ping_status":"closed","template":"","meta":{"nf_dc_page":""},"product_brand":[],"product_cat":[73],"product_tag":[],"class_list":{"0":"post-70186","1":"product","2":"type-product","3":"status-publish","4":"has-post-thumbnail","6":"product_cat-femenino","8":"first","9":"instock","10":"shipping-taxable","11":"purchasable","12":"product-type-simple"},"_links":{"self":[{"href":"https:\/\/brandss.com.py\/index\/wp-json\/wp\/v2\/product\/70186","targetHints":{"allow":["GET"]}}],"collection":[{"href":"https:\/\/brandss.com.py\/index\/wp-json\/wp\/v2\/product"}],"about":[{"href":"https:\/\/brandss.com.py\/index\/wp-json\/wp\/v2\/types\/product"}],"replies":[{"embeddable":true,"href":"https:\/\/brandss.com.py\/index\/wp-json\/wp\/v2\/comments?post=70186"}],"version-history":[{"count":1,"href":"https:\/\/brandss.com.py\/index\/wp-json\/wp\/v2\/product\/70186\/revisions"}],"predecessor-version":[{"id":70195,"href":"https:\/\/brandss.com.py\/index\/wp-json\/wp\/v2\/product\/70186\/revisions\/70195"}],"wp:featuredmedia":[{"embeddable":true,"href":"https:\/\/brandss.com.py\/index\/wp-json\/wp\/v2\/media\/70188"}],"wp:attachment":[{"href":"https:\/\/brandss.com.py\/index\/wp-json\/wp\/v2\/media?parent=70186"}],"wp:term":[{"taxonomy":"product_brand","embeddable":true,"href":"https:\/\/brandss.com.py\/index\/wp-json\/wp\/v2\/product_brand?post=70186"},{"taxonomy":"product_cat","embeddable":true,"href":"https:\/\/brandss.com.py\/index\/wp-json\/wp\/v2\/product_cat?post=70186"},{"taxonomy":"product_tag","embeddable":true,"href":"https:\/\/brandss.com.py\/index\/wp-json\/wp\/v2\/product_tag?post=70186"}],"curies":[{"name":"wp","href":"https:\/\/api.w.org\/{rel}","templated":true}]}}