{"id":70208,"date":"2025-02-07T16:24:37","date_gmt":"2025-02-07T16:24:37","guid":{"rendered":"https:\/\/brandss.com.py\/index\/?post_type=product&#038;p=70208"},"modified":"2025-02-07T16:25:07","modified_gmt":"2025-02-07T16:25:07","slug":"short-deportivo-femenino-adidas-karlie-kloss","status":"publish","type":"product","link":"https:\/\/brandss.com.py\/index\/producto\/short-deportivo-femenino-adidas-karlie-kloss\/","title":{"rendered":"SHORT DEPORTIVO FEMENINO ADIDAS KARLIE KLOSS"},"content":{"rendered":"<p><img loading=\"lazy\" decoding=\"async\" class=\"\" src=\"https:\/\/encrypted-tbn0.gstatic.com\/images?q=tbn:ANd9GcSGLJC-hmcfN9t5pvZRmFrTBktTfr4lpdWKTA&amp;s\" alt=\"Archivo:Adidas Logo.svg - Wikipedia, la enciclopedia libre\" width=\"98\" height=\"66\" \/><\/p>\n<h1>KARLIE KLOSS<\/h1>\n<h3 class=\"subtitle___9ljbp\"><span>Pantalones cortos de entrenamiento creados con Karlie Kloss.<\/span><\/h3>\n<p class=\"gl-vspace\"><span>El fitness no es solo para campeones de tenis de secundaria o personas que escalan monta\u00f1as como trabajo. El fitness es para todos. Y eso incluye a ti tambi\u00e9n. Estos pantalones cortos Karlie Kloss de adidas est\u00e1n confeccionados con un tejido elegante, con calzoncillos de malla debajo. As\u00ed que re\u00fane a algunos amigos para hacer una sentadilla en la pared muy larga. Est\u00e1s listo.<\/span><\/p>\n<h3 class=\"highlight-text__headline___25B2G\"><span>Trae lo que necesites<\/span><\/h3>\n<p><span>Los bolsillos con cremallera en los laterales ofrecen un almacenamiento c\u00f3modo.<\/span><\/p>\n<div class=\"accordion__header-text___2o9Im\">\n<h2 class=\"accordion-title___2sTgR\"><span>Cuidado<\/span><\/h2>\n<\/div>\n<div class=\"accordion__header-icon___2FuRa\"><\/div>\n<div class=\"accordion__content___29x9h\">\n<div class=\"content-padding___2kVWQ\">\n<div class=\"care___2GwB4\" data-auto-id=\"pdp-content-care\">\n<div class=\"care-instructions___3scEd\">\n<h4 class=\"care-title___2YJe1 gl-no-margin-bottom\">Instrucciones de lavado<\/h4>\n<ul>\n<li class=\"gl-vspace-bpall-small\"><img loading=\"lazy\" decoding=\"async\" src=\"https:\/\/www.adidas.com.my\/glass\/react\/775f3b0\/assets\/img\/washing-instructions\/B1.svg\" alt=\"\" width=\"24\" height=\"24\" \/>No usa blanqueador.<\/li>\n<li class=\"gl-vspace-bpall-small\"><img loading=\"lazy\" decoding=\"async\" src=\"https:\/\/www.adidas.com.my\/glass\/react\/775f3b0\/assets\/img\/washing-instructions\/C2.svg\" alt=\"\" width=\"24\" height=\"24\" \/>Secar en secadora a temperatura baja.<\/li>\n<li class=\"gl-vspace-bpall-small\"><img loading=\"lazy\" decoding=\"async\" src=\"https:\/\/www.adidas.com.my\/glass\/react\/775f3b0\/assets\/img\/washing-instructions\/E1.svg\" alt=\"\" width=\"24\" height=\"24\" \/>No lavar en seco.<\/li>\n<li class=\"gl-vspace-bpall-small\"><img loading=\"lazy\" decoding=\"async\" src=\"https:\/\/www.adidas.com.my\/glass\/react\/775f3b0\/assets\/img\/washing-instructions\/D2.svg\" alt=\"\" width=\"24\" height=\"24\" \/>Retocar con plancha fr\u00eda.<\/li>\n<li class=\"gl-vspace-bpall-small\"><img loading=\"lazy\" decoding=\"async\" src=\"https:\/\/www.adidas.com.my\/glass\/react\/775f3b0\/assets\/img\/washing-instructions\/A3.svg\" alt=\"\" width=\"24\" height=\"24\" \/>Lavar a m\u00e1quina con agua fr\u00eda.<\/li>\n<\/ul>\n<\/div>\n<div class=\"extra-instructions___2TR8b\">\n<h4 class=\"care-title___2YJe1 gl-no-margin-bottom\">Informaci\u00f3n de cuidados adicionales<\/h4>\n<ul class=\"gl-list margin___QweXS\">\n<li class=\"gl-vspace-bpall-small\">No utilice suavizante de telas.<\/li>\n<li class=\"gl-vspace-bpall-small\">Utilice \u00fanicamente detergente suave.<\/li>\n<li class=\"gl-vspace-bpall-small\">Lavar y planchar del rev\u00e9s.<\/li>\n<li class=\"gl-vspace-bpall-small\">Lavar con colores similares.<\/li>\n<li class=\"gl-vspace-bpall-small\">Lavar con los cierres cerrados.<\/li>\n<\/ul>\n<div class=\"accordion__header-text___2o9Im\">\n<h2 class=\"accordion-title___2sTgR\"><span>Detalles<\/span><\/h2>\n<\/div>\n<div class=\"accordion__header-icon___2FuRa\"><\/div>\n<div class=\"accordion__content___29x9h\">\n<div class=\"content-padding___2kVWQ\">\n<div class=\"bullets___3bsSs\" data-auto-id=\"specifications-section\">\n<ul class=\"gl-list\">\n<li class=\"gl-vspace-bpall-small\"><span>Ajuste regular.<\/span><\/li>\n<li class=\"gl-vspace-bpall-small\"><span>Cintura el\u00e1stica con cord\u00f3n.<\/span><\/li>\n<li class=\"gl-vspace-bpall-small\"><span>100% poli\u00e9ster reciclado.<\/span><\/li>\n<li class=\"gl-vspace-bpall-small\"><span>Sensaci\u00f3n elegante.<\/span><\/li>\n<li class=\"gl-vspace-bpall-small\"><span>Pantalones cortos con dobladillo en forma.<\/span><\/li>\n<li class=\"gl-vspace-bpall-small\"><span>Bolsillos laterales con cremallera.<\/span><\/li>\n<li class=\"gl-vspace-bpall-small\"><span>Braguitas de malla incorporadas.<\/span><\/li>\n<li class=\"gl-vspace-bpall-small\"><span>Gr\u00e1fico de Karlie Kloss en los laterales.<\/span><\/li>\n<li class=\"gl-vspace-bpall-small\"><span>Tejido liso.<\/span><\/li>\n<li class=\"gl-vspace-bpall-small\"><span>Color: Negro.<\/span><\/li>\n<li class=\"gl-vspace-bpall-small\"><span>Modelo: GH8227.<\/span><\/li>\n<\/ul>\n<\/div>\n<\/div>\n<\/div>\n<\/div>\n<\/div>\n<\/div>\n<\/div>\n","protected":false},"excerpt":{"rendered":"<p>KARLIE KLOSS Pantalones cortos de entrenamiento creados con Karlie Kloss. El fitness no es solo para campeones de tenis de<\/p>\n","protected":false},"featured_media":70218,"comment_status":"open","ping_status":"closed","template":"","meta":{"nf_dc_page":""},"product_brand":[],"product_cat":[73],"product_tag":[],"class_list":{"0":"post-70208","1":"product","2":"type-product","3":"status-publish","4":"has-post-thumbnail","6":"product_cat-femenino","8":"first","9":"instock","10":"shipping-taxable","11":"purchasable","12":"product-type-simple"},"_links":{"self":[{"href":"https:\/\/brandss.com.py\/index\/wp-json\/wp\/v2\/product\/70208","targetHints":{"allow":["GET"]}}],"collection":[{"href":"https:\/\/brandss.com.py\/index\/wp-json\/wp\/v2\/product"}],"about":[{"href":"https:\/\/brandss.com.py\/index\/wp-json\/wp\/v2\/types\/product"}],"replies":[{"embeddable":true,"href":"https:\/\/brandss.com.py\/index\/wp-json\/wp\/v2\/comments?post=70208"}],"version-history":[{"count":1,"href":"https:\/\/brandss.com.py\/index\/wp-json\/wp\/v2\/product\/70208\/revisions"}],"predecessor-version":[{"id":70228,"href":"https:\/\/brandss.com.py\/index\/wp-json\/wp\/v2\/product\/70208\/revisions\/70228"}],"wp:featuredmedia":[{"embeddable":true,"href":"https:\/\/brandss.com.py\/index\/wp-json\/wp\/v2\/media\/70218"}],"wp:attachment":[{"href":"https:\/\/brandss.com.py\/index\/wp-json\/wp\/v2\/media?parent=70208"}],"wp:term":[{"taxonomy":"product_brand","embeddable":true,"href":"https:\/\/brandss.com.py\/index\/wp-json\/wp\/v2\/product_brand?post=70208"},{"taxonomy":"product_cat","embeddable":true,"href":"https:\/\/brandss.com.py\/index\/wp-json\/wp\/v2\/product_cat?post=70208"},{"taxonomy":"product_tag","embeddable":true,"href":"https:\/\/brandss.com.py\/index\/wp-json\/wp\/v2\/product_tag?post=70208"}],"curies":[{"name":"wp","href":"https:\/\/api.w.org\/{rel}","templated":true}]}}