{"id":70229,"date":"2025-02-07T16:34:10","date_gmt":"2025-02-07T16:34:10","guid":{"rendered":"https:\/\/brandss.com.py\/index\/?post_type=product&#038;p=70229"},"modified":"2025-02-07T16:34:24","modified_gmt":"2025-02-07T16:34:24","slug":"pantalon-deportivo-masculino-under-armour","status":"publish","type":"product","link":"https:\/\/brandss.com.py\/index\/producto\/pantalon-deportivo-masculino-under-armour\/","title":{"rendered":"PANTALON DEPORTIVO MASCULINO UNDER ARMOUR"},"content":{"rendered":"<p><img loading=\"lazy\" decoding=\"async\" class=\"\" src=\"https:\/\/download.logo.wine\/logo\/Under_Armour\/Under_Armour-Logo.wine.png\" alt=\"Download Under Armour Logo in SVG Vector or PNG File Format ...\" width=\"158\" height=\"105\" \/><\/p>\n<h1>193444418231<\/h1>\n<p><em>&#8220;Imagina un pantal\u00f3n que no solo te ofrece comodidad extrema, sino que tambi\u00e9n te protege del clima y mejora tu rendimiento. Es m\u00e1s que solo ropa deportiva: es tu mejor aliado para entrenar sin l\u00edmites.&#8221;<\/em><\/p>\n<p>\ud83d\udd25 <strong>\u00bfPor qu\u00e9 este pantal\u00f3n es ideal para ti?<\/strong><\/p>\n<p>\u2705 <strong>Tecnolog\u00eda UA Storm<\/strong> \u2013 Dise\u00f1ado con un acabado repelente al agua que te mantiene seco sin comprometer la transpirabilidad. Perfecto para entrenamientos al aire libre, incluso bajo la lluvia.<\/p>\n<p>\u2705 <strong>Secado R\u00e1pido y Transpirable<\/strong> \u2013 Gracias a su material de alto rendimiento (87% poli\u00e9ster, 13% elastano), absorbe el sudor y se seca en tiempo r\u00e9cord. No m\u00e1s sensaci\u00f3n de humedad durante el ejercicio.<\/p>\n<p>\u2705 <strong>Ajuste Perfecto y Libertad de Movimiento<\/strong> \u2013 Su tejido el\u00e1stico te da total movilidad, sin restricciones. Adem\u00e1s, la cintura el\u00e1stica con cord\u00f3n interno asegura un ajuste personalizado para cualquier tipo de cuerpo.<\/p>\n<p>\u2705 <strong>Bolsillos Seguros y Funcionales<\/strong> \u2013 Cuenta con bolsillos laterales para las manos y un <strong>bolsillo trasero con cremallera<\/strong>, ideal para guardar llaves, tarjetas o incluso tu m\u00f3vil sin preocuparte por perderlos.<\/p>\n<p>\u2705 <strong>Durabilidad Garantizada<\/strong> \u2013 Hecho con materiales premium que resisten el desgaste, lavados frecuentes y el uso intenso del d\u00eda a d\u00eda.<\/p>\n<p>\ud83d\udca5 <strong>\u00bfPara qui\u00e9n es este pantal\u00f3n?<\/strong><\/p>\n<ul>\n<li>Deportistas y corredores que entrenan en cualquier clima.<\/li>\n<li>Personas que buscan comodidad y rendimiento en su vestimenta deportiva.<\/li>\n<li>Aquellos que valoran la calidad y la innovaci\u00f3n en su ropa de entrenamiento.<\/li>\n<\/ul>\n<p>\ud83d\udce2 <strong>\u00a1No pierdas la oportunidad de llevarte este incre\u00edble pantal\u00f3n!<\/strong><br \/>\nSi buscas <strong>rendimiento, comodidad y estilo<\/strong>, este es el mejor pantal\u00f3n para ti.<\/p>\n","protected":false},"excerpt":{"rendered":"<p>193444418231 &#8220;Imagina un pantal\u00f3n que no solo te ofrece comodidad extrema, sino que tambi\u00e9n te protege del clima y mejora<\/p>\n","protected":false},"featured_media":70230,"comment_status":"open","ping_status":"closed","template":"","meta":{"nf_dc_page":""},"product_brand":[],"product_cat":[76],"product_tag":[],"class_list":{"0":"post-70229","1":"product","2":"type-product","3":"status-publish","4":"has-post-thumbnail","6":"product_cat-masculino","8":"first","9":"instock","10":"shipping-taxable","11":"purchasable","12":"product-type-simple"},"_links":{"self":[{"href":"https:\/\/brandss.com.py\/index\/wp-json\/wp\/v2\/product\/70229","targetHints":{"allow":["GET"]}}],"collection":[{"href":"https:\/\/brandss.com.py\/index\/wp-json\/wp\/v2\/product"}],"about":[{"href":"https:\/\/brandss.com.py\/index\/wp-json\/wp\/v2\/types\/product"}],"replies":[{"embeddable":true,"href":"https:\/\/brandss.com.py\/index\/wp-json\/wp\/v2\/comments?post=70229"}],"version-history":[{"count":1,"href":"https:\/\/brandss.com.py\/index\/wp-json\/wp\/v2\/product\/70229\/revisions"}],"predecessor-version":[{"id":70239,"href":"https:\/\/brandss.com.py\/index\/wp-json\/wp\/v2\/product\/70229\/revisions\/70239"}],"wp:featuredmedia":[{"embeddable":true,"href":"https:\/\/brandss.com.py\/index\/wp-json\/wp\/v2\/media\/70230"}],"wp:attachment":[{"href":"https:\/\/brandss.com.py\/index\/wp-json\/wp\/v2\/media?parent=70229"}],"wp:term":[{"taxonomy":"product_brand","embeddable":true,"href":"https:\/\/brandss.com.py\/index\/wp-json\/wp\/v2\/product_brand?post=70229"},{"taxonomy":"product_cat","embeddable":true,"href":"https:\/\/brandss.com.py\/index\/wp-json\/wp\/v2\/product_cat?post=70229"},{"taxonomy":"product_tag","embeddable":true,"href":"https:\/\/brandss.com.py\/index\/wp-json\/wp\/v2\/product_tag?post=70229"}],"curies":[{"name":"wp","href":"https:\/\/api.w.org\/{rel}","templated":true}]}}