{"id":70240,"date":"2025-02-07T17:09:59","date_gmt":"2025-02-07T17:09:59","guid":{"rendered":"https:\/\/brandss.com.py\/index\/?post_type=product&#038;p=70240"},"modified":"2025-02-07T17:10:51","modified_gmt":"2025-02-07T17:10:51","slug":"camiseta-deportivo-masculino-adidas-real-madrid-visitante-20-21","status":"publish","type":"product","link":"https:\/\/brandss.com.py\/index\/producto\/camiseta-deportivo-masculino-adidas-real-madrid-visitante-20-21\/","title":{"rendered":"CAMISETA DEPORTIVO MASCULINO ADIDAS REAL MADRID VISITANTE 20\/21"},"content":{"rendered":"<p><img loading=\"lazy\" decoding=\"async\" class=\"\" src=\"https:\/\/encrypted-tbn0.gstatic.com\/images?q=tbn:ANd9GcSGLJC-hmcfN9t5pvZRmFrTBktTfr4lpdWKTA&amp;s\" alt=\"Archivo:Adidas Logo.svg - Wikipedia, la enciclopedia libre\" width=\"91\" height=\"61\" \/><\/p>\n<h1>REAL MADRID VISITANTE 20\/21<\/h1>\n<h3 class=\"subtitle___9ljbp\"><span>Una camiseta de visitante en color rosa vibrante.<\/span><\/h3>\n<p class=\"gl-vspace\"><span>No importa lo lejos que se alejen del Santiago Bernab\u00e9u, las superestrellas del Real Madrid siempre dan espect\u00e1culo. Esta camiseta de f\u00fatbol de adidas a\u00f1ade vitalidad incluso a las actuaciones m\u00e1s elegantes como visitante. Su tejido suave te mantiene seco, ya sea que est\u00e9s esforz\u00e1ndote al m\u00e1ximo en las repeticiones o sudando por el resultado de un partido. Un escudo del club tejido se destaca en el pecho.<\/span><\/p>\n<div class=\"highlight___3fa4r\">\n<div class=\"highlight-text___lgoJI\">\n<h3 class=\"highlight-text__headline___25B2G\"><span>Dise\u00f1ado para fans<\/span><\/h3>\n<p><span>Esta camiseta de aficionado est\u00e1 dise\u00f1ada como una versi\u00f3n urbana de la camiseta oficial que usan los jugadores.<\/span><\/p>\n<\/div>\n<\/div>\n<div class=\"highlight___3fa4r\">\n<div class=\"highlight-text___lgoJI\">\n<h3 class=\"highlight-text__headline___25B2G\"><span>Ajuste relajado<\/span><\/h3>\n<p><span>Dise\u00f1ada para los fan\u00e1ticos, esta camiseta es una opci\u00f3n c\u00f3moda y relajada, con un corte recto.<\/span><\/p>\n<\/div>\n<\/div>\n<div class=\"highlight___3fa4r\">\n<div class=\"highlight-text___lgoJI\">\n<h3 class=\"highlight-text__headline___25B2G\"><span>Detalles estilizados<\/span><\/h3>\n<p><span>Un escudo de club finamente elaborado muestra tu pasi\u00f3n.<\/span><\/p>\n<\/div>\n<\/div>\n<div class=\"highlight___3fa4r\">\n<div class=\"highlight-text___lgoJI\">\n<h3 class=\"highlight-text__headline___25B2G\">Tecnolog\u00eda AEROREADY<\/h3>\n<p>Tejidos dise\u00f1ados para absorber la humedad y secarse r\u00e1pidamente para una sensaci\u00f3n c\u00f3moda.<\/p>\n<div class=\"accordion__header-text___2o9Im\">\n<h2 class=\"accordion-title___2sTgR\">Cuidado<\/h2>\n<\/div>\n<div class=\"accordion__header-icon___2FuRa\"><\/div>\n<div class=\"accordion__content___29x9h\">\n<div class=\"content-padding___2kVWQ\">\n<div class=\"care___2GwB4\" data-auto-id=\"pdp-content-care\">\n<div class=\"care-instructions___3scEd\">\n<h4 class=\"care-title___2YJe1 gl-no-margin-bottom\">Instrucciones de lavado<\/h4>\n<ul>\n<li class=\"gl-vspace-bpall-small\"><img loading=\"lazy\" decoding=\"async\" src=\"https:\/\/www.adidas.com.au\/glass\/react\/775f3b0\/assets\/img\/washing-instructions\/B1.svg\" alt=\"\" width=\"24\" height=\"24\" \/>No usa blanqueador<\/li>\n<li class=\"gl-vspace-bpall-small\"><img loading=\"lazy\" decoding=\"async\" src=\"https:\/\/www.adidas.com.au\/glass\/react\/775f3b0\/assets\/img\/washing-instructions\/C2.svg\" alt=\"\" width=\"24\" height=\"24\" \/>Secar en secadora a temperatura baja<\/li>\n<li class=\"gl-vspace-bpall-small\"><img loading=\"lazy\" decoding=\"async\" src=\"https:\/\/www.adidas.com.au\/glass\/react\/775f3b0\/assets\/img\/washing-instructions\/E1.svg\" alt=\"\" width=\"24\" height=\"24\" \/>No lavar en seco<\/li>\n<li class=\"gl-vspace-bpall-small\"><img loading=\"lazy\" decoding=\"async\" src=\"https:\/\/www.adidas.com.au\/glass\/react\/775f3b0\/assets\/img\/washing-instructions\/D2.svg\" alt=\"\" width=\"24\" height=\"24\" \/>Retocar con plancha fr\u00eda<\/li>\n<li class=\"gl-vspace-bpall-small\"><img loading=\"lazy\" decoding=\"async\" src=\"https:\/\/www.adidas.com.au\/glass\/react\/775f3b0\/assets\/img\/washing-instructions\/A3.svg\" alt=\"\" width=\"24\" height=\"24\" \/>Lavar a m\u00e1quina con agua fr\u00eda<\/li>\n<\/ul>\n<\/div>\n<div class=\"extra-instructions___2TR8b\">\n<h4 class=\"care-title___2YJe1 gl-no-margin-bottom\">Informaci\u00f3n de cuidados adicionales<\/h4>\n<ul class=\"gl-list margin___QweXS\">\n<li class=\"gl-vspace-bpall-small\">No utilice suavizante de telas.<\/li>\n<li class=\"gl-vspace-bpall-small\">Eliminar inmediatamente<\/li>\n<li class=\"gl-vspace-bpall-small\">Lavar y planchar del rev\u00e9s.<\/li>\n<\/ul>\n<div class=\"accordion__header-text___2o9Im\">\n<h2 class=\"accordion-title___2sTgR\"><span>Detalles<\/span><\/h2>\n<\/div>\n<div class=\"accordion__header-icon___2FuRa\"><\/div>\n<div class=\"accordion__content___29x9h\">\n<div class=\"content-padding___2kVWQ\">\n<div class=\"bullets___3bsSs\" data-auto-id=\"specifications-section\">\n<ul class=\"gl-list\">\n<li class=\"gl-vspace-bpall-small\"><span>Ajuste regular.<\/span><\/li>\n<li class=\"gl-vspace-bpall-small\"><span>Cuello en V acanalado.<\/span><\/li>\n<li class=\"gl-vspace-bpall-small\"><span>Tejido de punto 100% poli\u00e9ster reciclado.<\/span><\/li>\n<li class=\"gl-vspace-bpall-small\"><span>Camiseta de f\u00fatbol para aficionados del Real Madrid.<\/span><\/li>\n<li class=\"gl-vspace-bpall-small\"><span>AEROREADY que absorbe la humedad.<\/span><\/li>\n<li class=\"gl-vspace-bpall-small\"><span>Inserciones de malla en los paneles laterales.<\/span><\/li>\n<li class=\"gl-vspace-bpall-small\"><span>Pu\u00f1os acanalados.<\/span><\/li>\n<li class=\"gl-vspace-bpall-small\"><span>Escudo tejido del Real Madrid.<\/span><\/li>\n<li class=\"gl-vspace-bpall-small\"><span>Tricot.<\/span><\/li>\n<li class=\"gl-vspace-bpall-small\"><span>Color: rosa primaveral.<\/span><\/li>\n<li class=\"gl-vspace-bpall-small\"><span>Modelo: GI6463.<\/span><\/li>\n<\/ul>\n<\/div>\n<\/div>\n<\/div>\n<\/div>\n<\/div>\n<\/div>\n<\/div>\n<\/div>\n<\/div>\n","protected":false},"excerpt":{"rendered":"<p>REAL MADRID VISITANTE 20\/21 Una camiseta de visitante en color rosa vibrante. No importa lo lejos que se alejen del<\/p>\n","protected":false},"featured_media":70242,"comment_status":"open","ping_status":"closed","template":"","meta":{"nf_dc_page":""},"product_brand":[],"product_cat":[76],"product_tag":[],"class_list":{"0":"post-70240","1":"product","2":"type-product","3":"status-publish","4":"has-post-thumbnail","6":"product_cat-masculino","8":"first","9":"instock","10":"shipping-taxable","11":"purchasable","12":"product-type-simple"},"_links":{"self":[{"href":"https:\/\/brandss.com.py\/index\/wp-json\/wp\/v2\/product\/70240","targetHints":{"allow":["GET"]}}],"collection":[{"href":"https:\/\/brandss.com.py\/index\/wp-json\/wp\/v2\/product"}],"about":[{"href":"https:\/\/brandss.com.py\/index\/wp-json\/wp\/v2\/types\/product"}],"replies":[{"embeddable":true,"href":"https:\/\/brandss.com.py\/index\/wp-json\/wp\/v2\/comments?post=70240"}],"version-history":[{"count":1,"href":"https:\/\/brandss.com.py\/index\/wp-json\/wp\/v2\/product\/70240\/revisions"}],"predecessor-version":[{"id":70256,"href":"https:\/\/brandss.com.py\/index\/wp-json\/wp\/v2\/product\/70240\/revisions\/70256"}],"wp:featuredmedia":[{"embeddable":true,"href":"https:\/\/brandss.com.py\/index\/wp-json\/wp\/v2\/media\/70242"}],"wp:attachment":[{"href":"https:\/\/brandss.com.py\/index\/wp-json\/wp\/v2\/media?parent=70240"}],"wp:term":[{"taxonomy":"product_brand","embeddable":true,"href":"https:\/\/brandss.com.py\/index\/wp-json\/wp\/v2\/product_brand?post=70240"},{"taxonomy":"product_cat","embeddable":true,"href":"https:\/\/brandss.com.py\/index\/wp-json\/wp\/v2\/product_cat?post=70240"},{"taxonomy":"product_tag","embeddable":true,"href":"https:\/\/brandss.com.py\/index\/wp-json\/wp\/v2\/product_tag?post=70240"}],"curies":[{"name":"wp","href":"https:\/\/api.w.org\/{rel}","templated":true}]}}