{"id":70266,"date":"2025-02-07T18:37:26","date_gmt":"2025-02-07T18:37:26","guid":{"rendered":"https:\/\/brandss.com.py\/index\/?post_type=product&#038;p=70266"},"modified":"2025-02-07T18:39:54","modified_gmt":"2025-02-07T18:39:54","slug":"brazalette-femenino-jacobs-cream-gold","status":"publish","type":"product","link":"https:\/\/brandss.com.py\/index\/producto\/brazalette-femenino-jacobs-cream-gold\/","title":{"rendered":"BRAZALETTE FEMENINO JACOBS CREAM GOLD"},"content":{"rendered":"<p><img loading=\"lazy\" decoding=\"async\" class=\"\" src=\"https:\/\/i.pinimg.com\/736x\/62\/29\/24\/62292401feb5d0f7402a4b1e8cec34a4.jpg\" alt=\"Marc Jacobs Logo\" width=\"460\" height=\"259\" \/><\/p>\n<h1>19126799257<\/h1>\n<div class=\"flex max-w-full flex-col flex-grow\">\n<div class=\"min-h-8 text-message flex w-full flex-col items-end gap-2 whitespace-normal break-words text-start [.text-message+&amp;]:mt-5\" dir=\"auto\" data-message-author-role=\"assistant\" data-message-id=\"754282e7-8e1d-4830-91fc-74235326292e\" data-message-model-slug=\"gpt-4o\">\n<div class=\"flex w-full flex-col gap-1 empty:hidden first:pt-[3px]\">\n<div class=\"markdown prose w-full break-words dark:prose-invert light\">\n<p>El brazalette<strong> Marc Jacobs Cream Gold<\/strong> es el accesorio perfecto para quienes buscan un estilo sofisticado y moderno. Su dise\u00f1o minimalista pero llamativo combina a la perfecci\u00f3n el tono <strong>dorado con detalles en crema<\/strong>, logrando un equilibrio entre lujo y versatilidad. Ideal para realzar cualquier atuendo, esta pulsera es una pieza imprescindible en cualquier colecci\u00f3n de joyer\u00eda.<\/p>\n<h3><strong>Caracter\u00edsticas del Producto:<\/strong><\/h3>\n<p>\u2714 <strong>Dise\u00f1o refinado y elegante:<\/strong> Su combinaci\u00f3n de <strong>dorado y crema<\/strong> le otorga un toque sofisticado, ideal tanto para el uso diario como para ocasiones especiales.<br \/>\n\u2714 <strong>Material de alta calidad:<\/strong> Elaborada con materiales resistentes y acabados premium, garantizando <strong>durabilidad y brillo<\/strong> a lo largo del tiempo.<br \/>\n\u2714 <strong>Cierre seguro y pr\u00e1ctico:<\/strong> Dise\u00f1ada con un <strong>sistema de cierre c\u00f3modo y seguro<\/strong>, permitiendo un ajuste perfecto a la mu\u00f1eca.<br \/>\n\u2714 <strong>Versatilidad en el estilo:<\/strong> Puede llevarse sola para un look m\u00e1s sutil o combinarse con otras pulseras para un efecto m\u00e1s llamativo y moderno.<br \/>\n\u2714 <strong>Ideal para regalar:<\/strong> Un detalle <strong>exclusivo y sofisticado<\/strong>, perfecto para obsequiar en cumplea\u00f1os, aniversarios o cualquier ocasi\u00f3n especial.<\/p>\n<p>Esta pulsera de <strong>Marc Jacobs<\/strong> es el complemento ideal para quienes buscan un accesorio de lujo con un dise\u00f1o atemporal, que combine a la perfecci\u00f3n con cualquier outfit, desde lo m\u00e1s casual hasta lo m\u00e1s elegante. \u00a1Un imprescindible en tu colecci\u00f3n de accesorios!<\/p>\n<\/div>\n<\/div>\n<\/div>\n<\/div>\n","protected":false},"excerpt":{"rendered":"<p>19126799257 El brazalette Marc Jacobs Cream Gold es el accesorio perfecto para quienes buscan un estilo sofisticado y moderno. Su<\/p>\n","protected":false},"featured_media":70267,"comment_status":"open","ping_status":"closed","template":"","meta":{"nf_dc_page":""},"product_brand":[],"product_cat":[73],"product_tag":[],"class_list":{"0":"post-70266","1":"product","2":"type-product","3":"status-publish","4":"has-post-thumbnail","6":"product_cat-femenino","8":"first","9":"instock","10":"shipping-taxable","11":"purchasable","12":"product-type-simple"},"_links":{"self":[{"href":"https:\/\/brandss.com.py\/index\/wp-json\/wp\/v2\/product\/70266","targetHints":{"allow":["GET"]}}],"collection":[{"href":"https:\/\/brandss.com.py\/index\/wp-json\/wp\/v2\/product"}],"about":[{"href":"https:\/\/brandss.com.py\/index\/wp-json\/wp\/v2\/types\/product"}],"replies":[{"embeddable":true,"href":"https:\/\/brandss.com.py\/index\/wp-json\/wp\/v2\/comments?post=70266"}],"version-history":[{"count":1,"href":"https:\/\/brandss.com.py\/index\/wp-json\/wp\/v2\/product\/70266\/revisions"}],"predecessor-version":[{"id":70269,"href":"https:\/\/brandss.com.py\/index\/wp-json\/wp\/v2\/product\/70266\/revisions\/70269"}],"wp:featuredmedia":[{"embeddable":true,"href":"https:\/\/brandss.com.py\/index\/wp-json\/wp\/v2\/media\/70267"}],"wp:attachment":[{"href":"https:\/\/brandss.com.py\/index\/wp-json\/wp\/v2\/media?parent=70266"}],"wp:term":[{"taxonomy":"product_brand","embeddable":true,"href":"https:\/\/brandss.com.py\/index\/wp-json\/wp\/v2\/product_brand?post=70266"},{"taxonomy":"product_cat","embeddable":true,"href":"https:\/\/brandss.com.py\/index\/wp-json\/wp\/v2\/product_cat?post=70266"},{"taxonomy":"product_tag","embeddable":true,"href":"https:\/\/brandss.com.py\/index\/wp-json\/wp\/v2\/product_tag?post=70266"}],"curies":[{"name":"wp","href":"https:\/\/api.w.org\/{rel}","templated":true}]}}