{"id":70268,"date":"2025-02-07T18:41:29","date_gmt":"2025-02-07T18:41:29","guid":{"rendered":"https:\/\/brandss.com.py\/index\/?post_type=product&#038;p=70268"},"modified":"2025-02-07T18:42:16","modified_gmt":"2025-02-07T18:42:16","slug":"legging-deportivo-femenino-adidas-techfit-de-tiro-alto","status":"publish","type":"product","link":"https:\/\/brandss.com.py\/index\/producto\/legging-deportivo-femenino-adidas-techfit-de-tiro-alto\/","title":{"rendered":"LEGGING DEPORTIVO FEMENINO ADIDAS TECHFIT DE TIRO ALTO"},"content":{"rendered":"<p><img loading=\"lazy\" decoding=\"async\" class=\"\" src=\"https:\/\/encrypted-tbn0.gstatic.com\/images?q=tbn:ANd9GcSGLJC-hmcfN9t5pvZRmFrTBktTfr4lpdWKTA&amp;s\" alt=\"Archivo:Adidas Logo.svg - Wikipedia, la enciclopedia libre\" width=\"89\" height=\"60\" \/><\/p>\n<h1>TECHFIT<\/h1>\n<h3 class=\"subtitle___9ljbp\"><span>Mallas multideporte con cintura alta para un entrenamiento integral.<\/span><\/h3>\n<p class=\"gl-vspace\"><span>Est\u00edrate y mu\u00e9vete sin dudarlo. El ajuste de tiro alto de estas mallas multideporte de adidas te cubre las espaldas. AEROREADY controla el sudor para brindarte una sensaci\u00f3n de frescura en cada sesi\u00f3n, ya sea en interiores o al aire libre. Un bolsillo lateral de malla ofrece un acceso r\u00e1pido al tel\u00e9fono.<\/span><\/p>\n<div class=\"highlight___3fa4r\">\n<div class=\"highlight-text___lgoJI\">\n<h3 class=\"highlight-text__headline___25B2G\"><span>Verde primario<\/span><\/h3>\n<p><span>Este producto est\u00e1 fabricado con Primegreen, una serie de materiales reciclados de alto rendimiento.<\/span><\/p>\n<\/div>\n<\/div>\n<div class=\"highlight___3fa4r\">\n<div class=\"highlight-text___lgoJI\">\n<h3 class=\"highlight-text__headline___25B2G\"><span>Tecnolog\u00eda en forma<\/span><\/h3>\n<p><span>Techfit concentra la energ\u00eda de tus m\u00fasculos para generar m\u00e1xima potencia explosiva, aceleraci\u00f3n y resistencia a largo plazo.<\/span><\/p>\n<\/div>\n<\/div>\n<div class=\"highlight___3fa4r\">\n<div class=\"highlight-text___lgoJI\">\n<h3 class=\"highlight-text__headline___25B2G\">Mantente concentrado<\/h3>\n<p>Fabricada con materiales absorbentes de agua dise\u00f1ados para absorber el sudor de tu cuerpo, adidas AEROREADY te mantiene seco mientras te mueves.<\/p>\n<div class=\"accordion__header-text___2o9Im\">\n<h2 class=\"accordion-title___2sTgR\">Caracter\u00edsticas<\/h2>\n<\/div>\n<div class=\"accordion__header-icon___2FuRa\"><\/div>\n<div class=\"accordion__content___29x9h\">\n<div class=\"content-padding___2kVWQ\">\n<div class=\"features-section___1pumR\">\n<div class=\"item___1X-1_\"><img decoding=\"async\" class=\"img_with_fallback___2aHBu feature-icon___3S9eQ\" src=\"https:\/\/brand.assets.adidas.com\/image\/upload\/waist_high_b13226f1e7.png\" alt=\"\" data-auto-id=\"image\" \/><\/p>\n<p class=\"feature-icon-text___3Owgv\">Cintura alta<\/p>\n<\/div>\n<div class=\"item___1X-1_\"><img decoding=\"async\" class=\"img_with_fallback___2aHBu feature-icon___3S9eQ\" src=\"https:\/\/brand.assets.adidas.com\/image\/upload\/lenght_full_2f07c9661d.png\" alt=\"\" data-auto-id=\"image\" \/><\/p>\n<p class=\"feature-icon-text___3Owgv\">Longitud total<\/p>\n<\/div>\n<div class=\"item___1X-1_\"><img decoding=\"async\" class=\"img_with_fallback___2aHBu feature-icon___3S9eQ\" src=\"https:\/\/brand.assets.adidas.com\/image\/upload\/activity_training_f2daeccd1d.png\" alt=\"\" data-auto-id=\"image\" \/><\/p>\n<p class=\"feature-icon-text___3Owgv\">Capacitaci\u00f3n<\/p>\n<\/div>\n<div class=\"item___1X-1_\"><img decoding=\"async\" class=\"img_with_fallback___2aHBu feature-icon___3S9eQ\" src=\"https:\/\/brand.assets.adidas.com\/image\/upload\/tech_aeroready_c05f642f69.png\" alt=\"\" data-auto-id=\"image\" \/><\/p>\n<p class=\"feature-icon-text___3Owgv\">AEROLISTO<\/p>\n<p class=\"feature-icon-summary-small___31Rc0\">Absorbe el sudor<\/p>\n<div class=\"accordion__header-text___2o9Im\">\n<h2 class=\"accordion-title___2sTgR\">Cuidado<\/h2>\n<\/div>\n<div class=\"accordion__header-icon___2FuRa\"><\/div>\n<div class=\"accordion__content___29x9h\">\n<div class=\"content-padding___2kVWQ\">\n<div class=\"care___2GwB4\" data-auto-id=\"pdp-content-care\">\n<div class=\"care-instructions___3scEd\">\n<h4 class=\"care-title___2YJe1 gl-no-margin-bottom\">Instrucciones de lavado<\/h4>\n<ul>\n<li class=\"gl-vspace-bpall-small\"><img loading=\"lazy\" decoding=\"async\" src=\"https:\/\/www.adidas.com.ph\/glass\/react\/775f3b0\/assets\/img\/washing-instructions\/B1.svg\" alt=\"\" width=\"24\" height=\"24\" \/>No usa blanqueador<\/li>\n<li class=\"gl-vspace-bpall-small\"><img loading=\"lazy\" decoding=\"async\" src=\"https:\/\/www.adidas.com.ph\/glass\/react\/775f3b0\/assets\/img\/washing-instructions\/C2.svg\" alt=\"\" width=\"24\" height=\"24\" \/>Secar en secadora a temperatura baja<\/li>\n<li class=\"gl-vspace-bpall-small\"><img loading=\"lazy\" decoding=\"async\" src=\"https:\/\/www.adidas.com.ph\/glass\/react\/775f3b0\/assets\/img\/washing-instructions\/E1.svg\" alt=\"\" width=\"24\" height=\"24\" \/>No lavar en seco<\/li>\n<li class=\"gl-vspace-bpall-small\"><img loading=\"lazy\" decoding=\"async\" src=\"https:\/\/www.adidas.com.ph\/glass\/react\/775f3b0\/assets\/img\/washing-instructions\/D2.svg\" alt=\"\" width=\"24\" height=\"24\" \/>Retocar con plancha fr\u00eda<\/li>\n<li class=\"gl-vspace-bpall-small\"><img loading=\"lazy\" decoding=\"async\" src=\"https:\/\/www.adidas.com.ph\/glass\/react\/775f3b0\/assets\/img\/washing-instructions\/A4.svg\" alt=\"\" width=\"24\" height=\"24\" \/>Lavar a m\u00e1quina en ciclo delicado con agua fr\u00eda.<\/li>\n<\/ul>\n<\/div>\n<div class=\"extra-instructions___2TR8b\">\n<h4 class=\"care-title___2YJe1 gl-no-margin-bottom\">Informaci\u00f3n de cuidados adicionales<\/h4>\n<ul class=\"gl-list margin___QweXS\">\n<li class=\"gl-vspace-bpall-small\">No utilice suavizante de telas.<\/li>\n<li class=\"gl-vspace-bpall-small\">Lavar por el rev\u00e9s<\/li>\n<li class=\"gl-vspace-bpall-small\">Lavar los colores oscuros por separado<\/li>\n<\/ul>\n<div class=\"accordion__header-text___2o9Im\">\n<h2 class=\"accordion-title___2sTgR\"><span>Detalles<\/span><\/h2>\n<\/div>\n<div class=\"accordion__header-icon___2FuRa\"><\/div>\n<div class=\"accordion__content___29x9h\">\n<div class=\"content-padding___2kVWQ\">\n<div class=\"bullets___3bsSs\" data-auto-id=\"specifications-section\">\n<ul class=\"gl-list\">\n<li class=\"gl-vspace-bpall-small\"><span>Ajuste de compresi\u00f3n.<\/span><\/li>\n<li class=\"gl-vspace-bpall-small\"><span>Cintura el\u00e1stica de talle alto.<\/span><\/li>\n<li class=\"gl-vspace-bpall-small\"><span>85% poli\u00e9ster reciclado, 15% elastano interlock.<\/span><\/li>\n<li class=\"gl-vspace-bpall-small\"><span>Sensaci\u00f3n envolvente y ce\u00f1ida al cuerpo.<\/span><\/li>\n<li class=\"gl-vspace-bpall-small\"><span>Bolsillo lateral de malla resistente.<\/span><\/li>\n<li class=\"gl-vspace-bpall-small\"><span>Entrelazar.<\/span><\/li>\n<li class=\"gl-vspace-bpall-small\"><span>Primegreen.<\/span><\/li>\n<li class=\"gl-vspace-bpall-small\"><span>Color: Negro \/ Negro.<\/span><\/li>\n<li class=\"gl-vspace-bpall-small\"><span>Modelo: GL0679.<\/span><\/li>\n<\/ul>\n<\/div>\n<\/div>\n<\/div>\n<\/div>\n<\/div>\n<\/div>\n<\/div>\n<\/div>\n<\/div>\n<\/div>\n<\/div>\n<\/div>\n<\/div>\n","protected":false},"excerpt":{"rendered":"<p>TECHFIT Mallas multideporte con cintura alta para un entrenamiento integral. Est\u00edrate y mu\u00e9vete sin dudarlo. El ajuste de tiro alto<\/p>\n","protected":false},"featured_media":70270,"comment_status":"open","ping_status":"closed","template":"","meta":{"nf_dc_page":""},"product_brand":[],"product_cat":[73],"product_tag":[],"class_list":{"0":"post-70268","1":"product","2":"type-product","3":"status-publish","4":"has-post-thumbnail","6":"product_cat-femenino","8":"first","9":"instock","10":"shipping-taxable","11":"purchasable","12":"product-type-simple"},"_links":{"self":[{"href":"https:\/\/brandss.com.py\/index\/wp-json\/wp\/v2\/product\/70268","targetHints":{"allow":["GET"]}}],"collection":[{"href":"https:\/\/brandss.com.py\/index\/wp-json\/wp\/v2\/product"}],"about":[{"href":"https:\/\/brandss.com.py\/index\/wp-json\/wp\/v2\/types\/product"}],"replies":[{"embeddable":true,"href":"https:\/\/brandss.com.py\/index\/wp-json\/wp\/v2\/comments?post=70268"}],"version-history":[{"count":1,"href":"https:\/\/brandss.com.py\/index\/wp-json\/wp\/v2\/product\/70268\/revisions"}],"predecessor-version":[{"id":70278,"href":"https:\/\/brandss.com.py\/index\/wp-json\/wp\/v2\/product\/70268\/revisions\/70278"}],"wp:featuredmedia":[{"embeddable":true,"href":"https:\/\/brandss.com.py\/index\/wp-json\/wp\/v2\/media\/70270"}],"wp:attachment":[{"href":"https:\/\/brandss.com.py\/index\/wp-json\/wp\/v2\/media?parent=70268"}],"wp:term":[{"taxonomy":"product_brand","embeddable":true,"href":"https:\/\/brandss.com.py\/index\/wp-json\/wp\/v2\/product_brand?post=70268"},{"taxonomy":"product_cat","embeddable":true,"href":"https:\/\/brandss.com.py\/index\/wp-json\/wp\/v2\/product_cat?post=70268"},{"taxonomy":"product_tag","embeddable":true,"href":"https:\/\/brandss.com.py\/index\/wp-json\/wp\/v2\/product_tag?post=70268"}],"curies":[{"name":"wp","href":"https:\/\/api.w.org\/{rel}","templated":true}]}}