{"id":70312,"date":"2025-02-08T11:37:17","date_gmt":"2025-02-08T11:37:17","guid":{"rendered":"https:\/\/brandss.com.py\/index\/?post_type=product&#038;p=70312"},"modified":"2025-02-08T11:40:36","modified_gmt":"2025-02-08T11:40:36","slug":"bolso-pequeno-unisex-adidas-4athlts-con-identificacion","status":"publish","type":"product","link":"https:\/\/brandss.com.py\/index\/producto\/bolso-pequeno-unisex-adidas-4athlts-con-identificacion\/","title":{"rendered":"BOLSO PEQUE\u00d1O UNISEX ADIDAS 4ATHLTS CON IDENTIFICACI\u00d3N"},"content":{"rendered":"<p><img loading=\"lazy\" decoding=\"async\" class=\"\" src=\"https:\/\/encrypted-tbn0.gstatic.com\/images?q=tbn:ANd9GcSGLJC-hmcfN9t5pvZRmFrTBktTfr4lpdWKTA&amp;s\" alt=\"Archivo:Adidas Logo.svg - Wikipedia, la enciclopedia libre\" width=\"80\" height=\"54\" \/><\/p>\n<h1>4ATHLTS<\/h1>\n<h3 class=\"subtitle___9ljbp\"><span>Una bolsa de lona f\u00e1cil de llevar que tambi\u00e9n funciona como mochila.<\/span><\/h3>\n<p class=\"gl-vspace\"><span>Sal a correr de camino al gimnasio con esta bolsa de lona ligera de adidas a la espalda. Las correas de transporte ajustables te permiten llevarla de dos maneras. Cuando salgas de excursi\u00f3n el fin de semana, c\u00e1mbiala de forma y prep\u00e1rate para la aventura. Este producto est\u00e1 fabricado con Primegreen, una serie de materiales reciclados de alto rendimiento.<\/span><\/p>\n<div class=\"accordion__header-text___2o9Im\">\n<h2 class=\"accordion-title___2sTgR\"><span>Cuidado<\/span><\/h2>\n<\/div>\n<div class=\"accordion__header-icon___2FuRa\"><\/div>\n<div class=\"accordion__content___29x9h\">\n<div class=\"content-padding___2kVWQ\">\n<div class=\"care___2GwB4\" data-auto-id=\"pdp-content-care\">\n<div class=\"care-instructions___3scEd\">\n<h4 class=\"care-title___2YJe1 gl-no-margin-bottom\">Instrucciones de lavado<\/h4>\n<ul>\n<li class=\"gl-vspace-bpall-small\"><img loading=\"lazy\" decoding=\"async\" src=\"https:\/\/www.adidas.com\/glass\/react\/775f3b0\/assets\/img\/washing-instructions\/B1.svg\" alt=\"\" width=\"24\" height=\"24\" \/>No usa blanqueador<\/li>\n<li class=\"gl-vspace-bpall-small\"><img loading=\"lazy\" decoding=\"async\" src=\"https:\/\/www.adidas.com\/glass\/react\/775f3b0\/assets\/img\/washing-instructions\/C1.svg\" alt=\"\" width=\"24\" height=\"24\" \/>No secar en secadora<\/li>\n<li class=\"gl-vspace-bpall-small\"><img loading=\"lazy\" decoding=\"async\" src=\"https:\/\/www.adidas.com\/glass\/react\/775f3b0\/assets\/img\/washing-instructions\/E1.svg\" alt=\"\" width=\"24\" height=\"24\" \/>No lavar en seco<\/li>\n<li class=\"gl-vspace-bpall-small\"><img loading=\"lazy\" decoding=\"async\" src=\"https:\/\/www.adidas.com\/glass\/react\/775f3b0\/assets\/img\/washing-instructions\/D1.svg\" alt=\"\" width=\"24\" height=\"24\" \/>No planchar<\/li>\n<li class=\"gl-vspace-bpall-small\"><img loading=\"lazy\" decoding=\"async\" src=\"https:\/\/www.adidas.com\/glass\/react\/775f3b0\/assets\/img\/washing-instructions\/A1.svg\" alt=\"\" width=\"24\" height=\"24\" \/>No lavar<\/li>\n<\/ul>\n<\/div>\n<div class=\"extra-instructions___2TR8b\">\n<h4 class=\"care-title___2YJe1 gl-no-margin-bottom\">Informaci\u00f3n de cuidados adicionales<\/h4>\n<ul class=\"gl-list margin___QweXS\">\n<li class=\"gl-vspace-bpall-small\">Limpiar \u00fanicamente con un pa\u00f1o h\u00famedo.<\/li>\n<li class=\"gl-vspace-bpall-small\">PESO M\u00c1XIMO DE TRANSPORTE 4 KG<\/li>\n<\/ul>\n<div class=\"accordion__header-text___2o9Im\">\n<h2 class=\"accordion-title___2sTgR\"><span>Detalles<\/span><\/h2>\n<\/div>\n<div class=\"accordion__header-icon___2FuRa\"><\/div>\n<div class=\"accordion__content___29x9h\">\n<div class=\"content-padding___2kVWQ\">\n<div class=\"bullets___3bsSs\" data-auto-id=\"specifications-section\">\n<ul class=\"gl-list\">\n<li class=\"gl-vspace-bpall-small\"><span>Dimensiones: 19,5&#8243; x 10&#8243; x 10&#8243;<\/span><\/li>\n<li class=\"gl-vspace-bpall-small\"><span>Volumen: 29 L<\/span><\/li>\n<li class=\"gl-vspace-bpall-small\"><span>Tejido liso 100% poli\u00e9ster reciclado<\/span><\/li>\n<li class=\"gl-vspace-bpall-small\"><span>Compartimento de malla con cierre de cremallera.<\/span><\/li>\n<li class=\"gl-vspace-bpall-small\"><span>Bolsillos interiores deslizantes<\/span><\/li>\n<li class=\"gl-vspace-bpall-small\"><span>Construcci\u00f3n de la mochila Pack2Go<\/span><\/li>\n<li class=\"gl-vspace-bpall-small\"><span>Correas de transporte ajustables<\/span><\/li>\n<li class=\"gl-vspace-bpall-small\"><span>Primegreen<\/span><\/li>\n<li class=\"gl-vspace-bpall-small\"><span>Importado<\/span><\/li>\n<li class=\"gl-vspace-bpall-small\"><span>Color: Negro<\/span><\/li>\n<li class=\"gl-vspace-bpall-small\"><span>Modelo: GL0880<\/span><\/li>\n<\/ul>\n<\/div>\n<\/div>\n<\/div>\n<\/div>\n<\/div>\n<\/div>\n<\/div>\n","protected":false},"excerpt":{"rendered":"<p>4ATHLTS Una bolsa de lona f\u00e1cil de llevar que tambi\u00e9n funciona como mochila. Sal a correr de camino al gimnasio<\/p>\n","protected":false},"featured_media":70313,"comment_status":"open","ping_status":"closed","template":"","meta":{"nf_dc_page":""},"product_brand":[],"product_cat":[74,77],"product_tag":[],"class_list":{"0":"post-70312","1":"product","2":"type-product","3":"status-publish","4":"has-post-thumbnail","6":"product_cat-accesorios-fem","7":"product_cat-accesorios-masc","9":"first","10":"instock","11":"shipping-taxable","12":"purchasable","13":"product-type-simple"},"_links":{"self":[{"href":"https:\/\/brandss.com.py\/index\/wp-json\/wp\/v2\/product\/70312","targetHints":{"allow":["GET"]}}],"collection":[{"href":"https:\/\/brandss.com.py\/index\/wp-json\/wp\/v2\/product"}],"about":[{"href":"https:\/\/brandss.com.py\/index\/wp-json\/wp\/v2\/types\/product"}],"replies":[{"embeddable":true,"href":"https:\/\/brandss.com.py\/index\/wp-json\/wp\/v2\/comments?post=70312"}],"version-history":[{"count":1,"href":"https:\/\/brandss.com.py\/index\/wp-json\/wp\/v2\/product\/70312\/revisions"}],"predecessor-version":[{"id":70320,"href":"https:\/\/brandss.com.py\/index\/wp-json\/wp\/v2\/product\/70312\/revisions\/70320"}],"wp:featuredmedia":[{"embeddable":true,"href":"https:\/\/brandss.com.py\/index\/wp-json\/wp\/v2\/media\/70313"}],"wp:attachment":[{"href":"https:\/\/brandss.com.py\/index\/wp-json\/wp\/v2\/media?parent=70312"}],"wp:term":[{"taxonomy":"product_brand","embeddable":true,"href":"https:\/\/brandss.com.py\/index\/wp-json\/wp\/v2\/product_brand?post=70312"},{"taxonomy":"product_cat","embeddable":true,"href":"https:\/\/brandss.com.py\/index\/wp-json\/wp\/v2\/product_cat?post=70312"},{"taxonomy":"product_tag","embeddable":true,"href":"https:\/\/brandss.com.py\/index\/wp-json\/wp\/v2\/product_tag?post=70312"}],"curies":[{"name":"wp","href":"https:\/\/api.w.org\/{rel}","templated":true}]}}