{"id":70321,"date":"2025-02-08T11:59:13","date_gmt":"2025-02-08T11:59:13","guid":{"rendered":"https:\/\/brandss.com.py\/index\/?post_type=product&#038;p=70321"},"modified":"2025-02-08T11:59:42","modified_gmt":"2025-02-08T11:59:42","slug":"sujetador-deportivo-femenino-adidas-formotion-studio","status":"publish","type":"product","link":"https:\/\/brandss.com.py\/index\/producto\/sujetador-deportivo-femenino-adidas-formotion-studio\/","title":{"rendered":"SUJETADOR DEPORTIVO FEMENINO ADIDAS FORMOTION STUDIO"},"content":{"rendered":"<p><img loading=\"lazy\" decoding=\"async\" class=\"\" src=\"https:\/\/encrypted-tbn0.gstatic.com\/images?q=tbn:ANd9GcSGLJC-hmcfN9t5pvZRmFrTBktTfr4lpdWKTA&amp;s\" alt=\"Archivo:Adidas Logo.svg - Wikipedia, la enciclopedia libre\" width=\"99\" height=\"66\" \/><\/p>\n<h1>FORMOTION STUDIO<\/h1>\n<h3 class=\"subtitle___9ljbp\"><span>Un sujetador sin costuras y de sujeci\u00f3n ligera que acent\u00faa tu figura.<\/span><\/h3>\n<p class=\"gl-vspace\"><span>Fajas moldeadoras para deportistas. Este sujetador deportivo de sujeci\u00f3n ligera de adidas levanta, moldea y esculpe, a la vez que te da libertad de movimiento. \u00dasalo para bailar, hacer yoga o practicar barra. El tejido sin costuras se siente suave y sedoso sobre la piel. El soporte espec\u00edfico llega donde m\u00e1s lo necesitas, para que te sientas c\u00f3moda pero nunca restringida. Este producto est\u00e1 fabricado con Primegreen, una serie de materiales reciclados de alto rendimiento.<\/span><\/p>\n<h3 class=\"highlight-text__headline___25B2G\"><span>Soporte y comodidad sin costuras<\/span><\/h3>\n<p><span>Obtenga un soporte ligero y m\u00e1xima comodidad con un ajuste de compresi\u00f3n sin costuras y una banda moldeada.<\/span><\/p>\n<h3 class=\"highlight-text__headline___25B2G\"><span>M\u00e1s cobertura, m\u00e1s confianza<\/span><\/h3>\n<p><span>Corte para cubrir exactamente donde lo quieres, con un escote m\u00e1s alto y una espalda cruzada m\u00e1s ancha.<\/span><\/p>\n<div class=\"accordion__header-text___2o9Im\">\n<h2 class=\"accordion-title___2sTgR\"><span>Caracter\u00edsticas<\/span><\/h2>\n<\/div>\n<div class=\"accordion__header-icon___2FuRa\"><\/div>\n<div class=\"accordion__content___29x9h\">\n<div class=\"content-padding___2kVWQ\">\n<div class=\"features-section___1pumR\">\n<div class=\"item___1X-1_\"><img decoding=\"async\" class=\"img_with_fallback___2aHBu feature-icon___3S9eQ\" src=\"https:\/\/brand.assets.adidas.com\/image\/upload\/support_light_487f78f36a.jpg\" alt=\"\" data-auto-id=\"image\" \/><\/p>\n<p class=\"feature-icon-text___3Owgv\">Soporte de luz<\/p>\n<p class=\"feature-icon-summary-small___31Rc0\">Soporte de luz<\/p>\n<\/div>\n<div class=\"item___1X-1_\"><img decoding=\"async\" class=\"img_with_fallback___2aHBu feature-icon___3S9eQ\" src=\"https:\/\/brand.assets.adidas.com\/image\/upload\/straps_non_adjustable_1b9e814fd4.jpg\" alt=\"\" data-auto-id=\"image\" \/><\/p>\n<p class=\"feature-icon-text___3Owgv\">Correas no ajustables<\/p>\n<p class=\"feature-icon-summary-small___31Rc0\">Correas no ajustables<\/p>\n<\/div>\n<div class=\"item___1X-1_\"><img decoding=\"async\" class=\"img_with_fallback___2aHBu feature-icon___3S9eQ\" src=\"https:\/\/brand.assets.adidas.com\/image\/upload\/padding_removable_cf1ca6b7b1.jpg\" alt=\"\" data-auto-id=\"image\" \/><\/p>\n<p class=\"feature-icon-text___3Owgv\">Acolchado extra\u00edble<\/p>\n<p class=\"feature-icon-summary-small___31Rc0\">Acolchado extra\u00edble<\/p>\n<div class=\"accordion__header-text___2o9Im\">\n<h2 class=\"accordion-title___2sTgR\">Cuidado<\/h2>\n<\/div>\n<div class=\"accordion__header-icon___2FuRa\"><\/div>\n<div class=\"accordion__content___29x9h\">\n<div class=\"content-padding___2kVWQ\">\n<div class=\"care___2GwB4\" data-auto-id=\"pdp-content-care\">\n<div class=\"care-instructions___3scEd\">\n<h4 class=\"care-title___2YJe1 gl-no-margin-bottom\">Instrucciones de lavado<\/h4>\n<ul>\n<li class=\"gl-vspace-bpall-small\"><img loading=\"lazy\" decoding=\"async\" src=\"https:\/\/www.adidas.com.au\/glass\/react\/775f3b0\/assets\/img\/washing-instructions\/B1.svg\" alt=\"\" width=\"24\" height=\"24\" \/>No usa blanqueador<\/li>\n<li class=\"gl-vspace-bpall-small\"><img loading=\"lazy\" decoding=\"async\" src=\"https:\/\/www.adidas.com.au\/glass\/react\/775f3b0\/assets\/img\/washing-instructions\/C1.svg\" alt=\"\" width=\"24\" height=\"24\" \/>No secar en secadora<\/li>\n<li class=\"gl-vspace-bpall-small\"><img loading=\"lazy\" decoding=\"async\" src=\"https:\/\/www.adidas.com.au\/glass\/react\/775f3b0\/assets\/img\/washing-instructions\/E1.svg\" alt=\"\" width=\"24\" height=\"24\" \/>No lavar en seco<\/li>\n<li class=\"gl-vspace-bpall-small\"><img loading=\"lazy\" decoding=\"async\" src=\"https:\/\/www.adidas.com.au\/glass\/react\/775f3b0\/assets\/img\/washing-instructions\/D1.svg\" alt=\"\" width=\"24\" height=\"24\" \/>No planchar<\/li>\n<li class=\"gl-vspace-bpall-small\"><img loading=\"lazy\" decoding=\"async\" src=\"https:\/\/www.adidas.com.au\/glass\/react\/775f3b0\/assets\/img\/washing-instructions\/A4.svg\" alt=\"\" width=\"24\" height=\"24\" \/>Lavar a m\u00e1quina en ciclo delicado con agua fr\u00eda.<\/li>\n<\/ul>\n<\/div>\n<div class=\"extra-instructions___2TR8b\">\n<h4 class=\"care-title___2YJe1 gl-no-margin-bottom\">Informaci\u00f3n de cuidados adicionales<\/h4>\n<ul class=\"gl-list margin___QweXS\">\n<li class=\"gl-vspace-bpall-small\">Lavar con colores similares<\/li>\n<li class=\"gl-vspace-bpall-small\">Utilice \u00fanicamente detergente suave<\/li>\n<li class=\"gl-vspace-bpall-small\">Lavar dentro de la bolsa de lavado<\/li>\n<li class=\"gl-vspace-bpall-small\">No utilice suavizante de telas.<\/li>\n<\/ul>\n<div class=\"accordion__header-text___2o9Im\">\n<h2 class=\"accordion-title___2sTgR\"><span>Detalles<\/span><\/h2>\n<\/div>\n<div class=\"accordion__header-icon___2FuRa\"><\/div>\n<div class=\"accordion__content___29x9h\">\n<div class=\"content-padding___2kVWQ\">\n<div class=\"bullets___3bsSs\" data-auto-id=\"specifications-section\">\n<ul class=\"gl-list\">\n<li class=\"gl-vspace-bpall-small\"><span>Ajuste de compresi\u00f3n.<\/span><\/li>\n<li class=\"gl-vspace-bpall-small\"><span>Dise\u00f1o de jersey con cuello redondo.<\/span><\/li>\n<li class=\"gl-vspace-bpall-small\"><span>86% nailon (reciclado), 14% elastano.<\/span><\/li>\n<li class=\"gl-vspace-bpall-small\"><span>Sensaci\u00f3n esculpida.<\/span><\/li>\n<li class=\"gl-vspace-bpall-small\"><span>Espalda deportiva con detalle de ojo de cerradura.<\/span><\/li>\n<li class=\"gl-vspace-bpall-small\"><span>Almohadillas extra\u00edbles.<\/span><\/li>\n<li class=\"gl-vspace-bpall-small\"><span>Sin costura.<\/span><\/li>\n<li class=\"gl-vspace-bpall-small\"><span>Primmegreen.<\/span><\/li>\n<li class=\"gl-vspace-bpall-small\"><span>Color: Negro.<\/span><\/li>\n<li class=\"gl-vspace-bpall-small\"><span>Modelo: GL1013.<\/span><\/li>\n<\/ul>\n<\/div>\n<\/div>\n<\/div>\n<\/div>\n<\/div>\n<\/div>\n<\/div>\n<\/div>\n<\/div>\n<\/div>\n<\/div>\n","protected":false},"excerpt":{"rendered":"<p>FORMOTION STUDIO Un sujetador sin costuras y de sujeci\u00f3n ligera que acent\u00faa tu figura. Fajas moldeadoras para deportistas. Este sujetador<\/p>\n","protected":false},"featured_media":70322,"comment_status":"open","ping_status":"closed","template":"","meta":{"nf_dc_page":""},"product_brand":[],"product_cat":[73],"product_tag":[],"class_list":{"0":"post-70321","1":"product","2":"type-product","3":"status-publish","4":"has-post-thumbnail","6":"product_cat-femenino","8":"first","9":"instock","10":"shipping-taxable","11":"purchasable","12":"product-type-simple"},"_links":{"self":[{"href":"https:\/\/brandss.com.py\/index\/wp-json\/wp\/v2\/product\/70321","targetHints":{"allow":["GET"]}}],"collection":[{"href":"https:\/\/brandss.com.py\/index\/wp-json\/wp\/v2\/product"}],"about":[{"href":"https:\/\/brandss.com.py\/index\/wp-json\/wp\/v2\/types\/product"}],"replies":[{"embeddable":true,"href":"https:\/\/brandss.com.py\/index\/wp-json\/wp\/v2\/comments?post=70321"}],"version-history":[{"count":1,"href":"https:\/\/brandss.com.py\/index\/wp-json\/wp\/v2\/product\/70321\/revisions"}],"predecessor-version":[{"id":70328,"href":"https:\/\/brandss.com.py\/index\/wp-json\/wp\/v2\/product\/70321\/revisions\/70328"}],"wp:featuredmedia":[{"embeddable":true,"href":"https:\/\/brandss.com.py\/index\/wp-json\/wp\/v2\/media\/70322"}],"wp:attachment":[{"href":"https:\/\/brandss.com.py\/index\/wp-json\/wp\/v2\/media?parent=70321"}],"wp:term":[{"taxonomy":"product_brand","embeddable":true,"href":"https:\/\/brandss.com.py\/index\/wp-json\/wp\/v2\/product_brand?post=70321"},{"taxonomy":"product_cat","embeddable":true,"href":"https:\/\/brandss.com.py\/index\/wp-json\/wp\/v2\/product_cat?post=70321"},{"taxonomy":"product_tag","embeddable":true,"href":"https:\/\/brandss.com.py\/index\/wp-json\/wp\/v2\/product_tag?post=70321"}],"curies":[{"name":"wp","href":"https:\/\/api.w.org\/{rel}","templated":true}]}}