{"id":70329,"date":"2025-02-08T12:16:10","date_gmt":"2025-02-08T12:16:10","guid":{"rendered":"https:\/\/brandss.com.py\/index\/?post_type=product&#038;p=70329"},"modified":"2025-02-08T12:16:43","modified_gmt":"2025-02-08T12:16:43","slug":"sujetador-deportivo-femenino-adidas-aeroknit","status":"publish","type":"product","link":"https:\/\/brandss.com.py\/index\/producto\/sujetador-deportivo-femenino-adidas-aeroknit\/","title":{"rendered":"SUJETADOR DEPORTIVO FEMENINO ADIDAS AEROKNIT"},"content":{"rendered":"<p><img loading=\"lazy\" decoding=\"async\" class=\"\" src=\"https:\/\/encrypted-tbn0.gstatic.com\/images?q=tbn:ANd9GcSGLJC-hmcfN9t5pvZRmFrTBktTfr4lpdWKTA&amp;s\" alt=\"Archivo:Adidas Logo.svg - Wikipedia, la enciclopedia libre\" width=\"127\" height=\"85\" \/><\/p>\n<h1>AEROKNIT<\/h1>\n<h3 class=\"subtitle___9ljbp\"><span>Un sujetador suave y elegante para entrenamientos de baja intensidad.<\/span><\/h3>\n<p class=\"gl-vspace\"><span>Ponte este sujetador deportivo de adidas y supera tus l\u00edmites con comodidad. El tejido adidas Aeroknit que regula la temperatura te mantiene seca y libre de distracciones, para que puedas concentrarte en lo que importa: la \u00faltima repetici\u00f3n, la \u00faltima vuelta y saber que tu sujetador es parte del compromiso de adidas de ayudar a terminar con los desechos pl\u00e1sticos.<\/span><\/p>\n<h3 class=\"highlight-text__headline___25B2G\"><span>Primegreen<\/span><\/h3>\n<p><span>Este producto est\u00e1 fabricado con Primegreen, una serie de materiales reciclados de alto rendimiento.<\/span><\/p>\n<h3 class=\"highlight-text__headline___25B2G\"><span>Mantente seco<\/span><\/h3>\n<p><span>adidas Aeroknit utiliza materiales adidas AEROREADY que absorben el agua y eliminan el sudor de tu cuerpo para que te sientas seco mientras te mueves.<\/span><\/p>\n<h3 class=\"highlight-text__headline___25B2G\"><span>Soporte de luz<\/span><\/h3>\n<p><span>La compresi\u00f3n suave proporciona apoyo para actividades de baja intensidad.<\/span><\/p>\n<div class=\"accordion__header-text___2o9Im\">\n<h2 class=\"accordion-title___2sTgR\"><span>Caracter\u00edsticas<\/span><\/h2>\n<\/div>\n<div class=\"accordion__header-icon___2FuRa\"><\/div>\n<div class=\"accordion__content___29x9h\">\n<div class=\"content-padding___2kVWQ\">\n<div class=\"features-section___1pumR\">\n<div class=\"item___1X-1_\"><img decoding=\"async\" class=\"img_with_fallback___2aHBu feature-icon___3S9eQ\" src=\"https:\/\/brand.assets.adidas.com\/image\/upload\/support_light_487f78f36a.jpg\" alt=\"\" data-auto-id=\"image\" \/><\/p>\n<p class=\"feature-icon-text___3Owgv\">Soporte de luz<\/p>\n<\/div>\n<div class=\"item___1X-1_\"><img decoding=\"async\" class=\"img_with_fallback___2aHBu feature-icon___3S9eQ\" src=\"https:\/\/brand.assets.adidas.com\/image\/upload\/straps_non_adjustable_1b9e814fd4.jpg\" alt=\"\" data-auto-id=\"image\" \/><\/p>\n<p class=\"feature-icon-text___3Owgv\">Correas no ajustables<\/p>\n<\/div>\n<div class=\"item___1X-1_\"><img decoding=\"async\" class=\"img_with_fallback___2aHBu feature-icon___3S9eQ\" src=\"https:\/\/brand.assets.adidas.com\/image\/upload\/padding_removable_cf1ca6b7b1.jpg\" alt=\"\" data-auto-id=\"image\" \/><\/p>\n<p class=\"feature-icon-text___3Owgv\">Acolchado extra\u00edble<\/p>\n<div class=\"accordion__header-text___2o9Im\">\n<h2 class=\"accordion-title___2sTgR\">Cuidado<\/h2>\n<\/div>\n<div class=\"accordion__header-icon___2FuRa\"><\/div>\n<div class=\"accordion__content___29x9h\">\n<div class=\"content-padding___2kVWQ\">\n<div class=\"care___2GwB4\" data-auto-id=\"pdp-content-care\">\n<div class=\"care-instructions___3scEd\">\n<h4 class=\"care-title___2YJe1 gl-no-margin-bottom\">Instrucciones de lavado<\/h4>\n<ul>\n<li class=\"gl-vspace-bpall-small\"><img loading=\"lazy\" decoding=\"async\" src=\"https:\/\/www.adidas.co.th\/glass\/react\/775f3b0\/assets\/img\/washing-instructions\/B1.svg\" alt=\"\" width=\"24\" height=\"24\" \/>No usa blanqueador<\/li>\n<li class=\"gl-vspace-bpall-small\"><img loading=\"lazy\" decoding=\"async\" src=\"https:\/\/www.adidas.co.th\/glass\/react\/775f3b0\/assets\/img\/washing-instructions\/C1.svg\" alt=\"\" width=\"24\" height=\"24\" \/>No secar en secadora<\/li>\n<li class=\"gl-vspace-bpall-small\"><img loading=\"lazy\" decoding=\"async\" src=\"https:\/\/www.adidas.co.th\/glass\/react\/775f3b0\/assets\/img\/washing-instructions\/E1.svg\" alt=\"\" width=\"24\" height=\"24\" \/>No lavar en seco<\/li>\n<li class=\"gl-vspace-bpall-small\"><img loading=\"lazy\" decoding=\"async\" src=\"https:\/\/www.adidas.co.th\/glass\/react\/775f3b0\/assets\/img\/washing-instructions\/D1.svg\" alt=\"\" width=\"24\" height=\"24\" \/>No planchar<\/li>\n<li class=\"gl-vspace-bpall-small\"><img loading=\"lazy\" decoding=\"async\" src=\"https:\/\/www.adidas.co.th\/glass\/react\/775f3b0\/assets\/img\/washing-instructions\/A4.svg\" alt=\"\" width=\"24\" height=\"24\" \/>Lavar a m\u00e1quina en ciclo delicado con agua fr\u00eda.<\/li>\n<\/ul>\n<\/div>\n<div class=\"extra-instructions___2TR8b\">\n<h4 class=\"care-title___2YJe1 gl-no-margin-bottom\">Informaci\u00f3n de cuidados adicionales<\/h4>\n<ul class=\"gl-list margin___QweXS\">\n<li class=\"gl-vspace-bpall-small\">Lavar con colores similares<\/li>\n<li class=\"gl-vspace-bpall-small\">No utilice suavizante de telas.<\/li>\n<li class=\"gl-vspace-bpall-small\">Utilice \u00fanicamente detergente suave<\/li>\n<li class=\"gl-vspace-bpall-small\">Retire las almohadillas del sujetador antes de lavarlo.<\/li>\n<\/ul>\n<div class=\"accordion__header-text___2o9Im\">\n<h2 class=\"accordion-title___2sTgR\"><span>Detalles<\/span><\/h2>\n<\/div>\n<div class=\"accordion__header-icon___2FuRa\"><\/div>\n<div class=\"accordion__content___29x9h\">\n<div class=\"content-padding___2kVWQ\">\n<div class=\"bullets___3bsSs\" data-auto-id=\"specifications-section\">\n<ul class=\"gl-list\">\n<li class=\"gl-vspace-bpall-small\"><span>Soporte bajo con un ajuste ajustado.<\/span><\/li>\n<li class=\"gl-vspace-bpall-small\"><span>Dise\u00f1o de jersey con cuello redondo.<\/span><\/li>\n<li class=\"gl-vspace-bpall-small\"><span>88% poli\u00e9ster reciclado, 12% elastano sin costuras.<\/span><\/li>\n<li class=\"gl-vspace-bpall-small\"><span>adidas Aeroknit.<\/span><\/li>\n<li class=\"gl-vspace-bpall-small\"><span>Capa de malla de potencia.<\/span><\/li>\n<li class=\"gl-vspace-bpall-small\"><span>Dobladillo el\u00e1stico con marca.<\/span><\/li>\n<li class=\"gl-vspace-bpall-small\"><span>Espalda cruzada con tiras.<\/span><\/li>\n<li class=\"gl-vspace-bpall-small\"><span>Almohadillas extra\u00edbles.<\/span><\/li>\n<li class=\"gl-vspace-bpall-small\"><span>Sin costura.<\/span><\/li>\n<li class=\"gl-vspace-bpall-small\"><span>Primegreen.<\/span><\/li>\n<li class=\"gl-vspace-bpall-small\"><span>Color: Gris s\u00f3lido Dgh.<\/span><\/li>\n<li class=\"gl-vspace-bpall-small\"><span>Modelo: GL1121.<\/span><\/li>\n<\/ul>\n<\/div>\n<\/div>\n<\/div>\n<\/div>\n<\/div>\n<\/div>\n<\/div>\n<\/div>\n<\/div>\n<\/div>\n<\/div>\n","protected":false},"excerpt":{"rendered":"<p>AEROKNIT Un sujetador suave y elegante para entrenamientos de baja intensidad. Ponte este sujetador deportivo de adidas y supera tus<\/p>\n","protected":false},"featured_media":70330,"comment_status":"open","ping_status":"closed","template":"","meta":{"nf_dc_page":""},"product_brand":[],"product_cat":[73],"product_tag":[],"class_list":{"0":"post-70329","1":"product","2":"type-product","3":"status-publish","4":"has-post-thumbnail","6":"product_cat-femenino","8":"first","9":"instock","10":"shipping-taxable","11":"purchasable","12":"product-type-simple"},"_links":{"self":[{"href":"https:\/\/brandss.com.py\/index\/wp-json\/wp\/v2\/product\/70329","targetHints":{"allow":["GET"]}}],"collection":[{"href":"https:\/\/brandss.com.py\/index\/wp-json\/wp\/v2\/product"}],"about":[{"href":"https:\/\/brandss.com.py\/index\/wp-json\/wp\/v2\/types\/product"}],"replies":[{"embeddable":true,"href":"https:\/\/brandss.com.py\/index\/wp-json\/wp\/v2\/comments?post=70329"}],"version-history":[{"count":1,"href":"https:\/\/brandss.com.py\/index\/wp-json\/wp\/v2\/product\/70329\/revisions"}],"predecessor-version":[{"id":70337,"href":"https:\/\/brandss.com.py\/index\/wp-json\/wp\/v2\/product\/70329\/revisions\/70337"}],"wp:featuredmedia":[{"embeddable":true,"href":"https:\/\/brandss.com.py\/index\/wp-json\/wp\/v2\/media\/70330"}],"wp:attachment":[{"href":"https:\/\/brandss.com.py\/index\/wp-json\/wp\/v2\/media?parent=70329"}],"wp:term":[{"taxonomy":"product_brand","embeddable":true,"href":"https:\/\/brandss.com.py\/index\/wp-json\/wp\/v2\/product_brand?post=70329"},{"taxonomy":"product_cat","embeddable":true,"href":"https:\/\/brandss.com.py\/index\/wp-json\/wp\/v2\/product_cat?post=70329"},{"taxonomy":"product_tag","embeddable":true,"href":"https:\/\/brandss.com.py\/index\/wp-json\/wp\/v2\/product_tag?post=70329"}],"curies":[{"name":"wp","href":"https:\/\/api.w.org\/{rel}","templated":true}]}}