{"id":70346,"date":"2025-02-08T12:51:00","date_gmt":"2025-02-08T12:51:00","guid":{"rendered":"https:\/\/brandss.com.py\/index\/?post_type=product&#038;p=70346"},"modified":"2025-02-08T12:51:25","modified_gmt":"2025-02-08T12:51:25","slug":"sujetador-deportivo-femenino-adidas-aeroknit-designed-2-move","status":"publish","type":"product","link":"https:\/\/brandss.com.py\/index\/producto\/sujetador-deportivo-femenino-adidas-aeroknit-designed-2-move\/","title":{"rendered":"SUJETADOR DEPORTIVO FEMENINO ADIDAS AEROKNIT DESIGNED 2 MOVE"},"content":{"rendered":"<p><img loading=\"lazy\" decoding=\"async\" class=\"\" src=\"https:\/\/encrypted-tbn0.gstatic.com\/images?q=tbn:ANd9GcSGLJC-hmcfN9t5pvZRmFrTBktTfr4lpdWKTA&amp;s\" alt=\"Archivo:Adidas Logo.svg - Wikipedia, la enciclopedia libre\" width=\"101\" height=\"68\" \/><\/p>\n<h1>AEROKNIT DESIGNED 2 MOVE<\/h1>\n<div><span>El sujetador Adidas Aeroknit Designed 2 Move Seamless est\u00e1 confeccionado con tejido Aeroknit transpirable que mantiene la piel seca. Los tirantes cruzados combinan a la perfecci\u00f3n con vaqueros de cintura alta o pantalones de polar de cintura baja. Este producto est\u00e1 fabricado con Primegreen, una combinaci\u00f3n de materiales reciclados de alto rendimiento.<\/span><\/p>\n<p><strong>Caracter\u00edsticas:<\/strong><br \/>\n<span>&#8211; Banda inferior acanalada.<\/span><br \/>\n<span>&#8211; Corte ajustado.<\/span><br \/>\n<span>&#8211; Escote en pico.<\/span><br \/>\n<span>&#8211; Tejido Adidas Aeroknit sin costuras.<\/span><br \/>\n<span>&#8211; Tejido suave y texturizado.<\/span><br \/>\n<span>&#8211; Dise\u00f1o de tiras en la espalda.<\/span><br \/>\n<span>&#8211; Tejido frontal de doble capa.<\/span><br \/>\n<span>&#8211; Primegreen.<\/span><br \/>\n<span>&#8211; Material: 73 % poli\u00e9ster reciclado \/ 19 % poliamida reciclada \/ 8 % elastano.<\/span><\/div>\n<div>&#8211; Color: Negro\/ Blanco.<\/div>\n<div class=\"Tabs_sku-reference__I0RlP\"><span>&#8211; Modelo: GL3726.<\/span><\/div>\n","protected":false},"excerpt":{"rendered":"<p>AEROKNIT DESIGNED 2 MOVE El sujetador Adidas Aeroknit Designed 2 Move Seamless est\u00e1 confeccionado con tejido Aeroknit transpirable que mantiene<\/p>\n","protected":false},"featured_media":70347,"comment_status":"open","ping_status":"closed","template":"","meta":{"nf_dc_page":""},"product_brand":[],"product_cat":[73],"product_tag":[],"class_list":{"0":"post-70346","1":"product","2":"type-product","3":"status-publish","4":"has-post-thumbnail","6":"product_cat-femenino","8":"first","9":"instock","10":"shipping-taxable","11":"purchasable","12":"product-type-simple"},"_links":{"self":[{"href":"https:\/\/brandss.com.py\/index\/wp-json\/wp\/v2\/product\/70346","targetHints":{"allow":["GET"]}}],"collection":[{"href":"https:\/\/brandss.com.py\/index\/wp-json\/wp\/v2\/product"}],"about":[{"href":"https:\/\/brandss.com.py\/index\/wp-json\/wp\/v2\/types\/product"}],"replies":[{"embeddable":true,"href":"https:\/\/brandss.com.py\/index\/wp-json\/wp\/v2\/comments?post=70346"}],"version-history":[{"count":1,"href":"https:\/\/brandss.com.py\/index\/wp-json\/wp\/v2\/product\/70346\/revisions"}],"predecessor-version":[{"id":70352,"href":"https:\/\/brandss.com.py\/index\/wp-json\/wp\/v2\/product\/70346\/revisions\/70352"}],"wp:featuredmedia":[{"embeddable":true,"href":"https:\/\/brandss.com.py\/index\/wp-json\/wp\/v2\/media\/70347"}],"wp:attachment":[{"href":"https:\/\/brandss.com.py\/index\/wp-json\/wp\/v2\/media?parent=70346"}],"wp:term":[{"taxonomy":"product_brand","embeddable":true,"href":"https:\/\/brandss.com.py\/index\/wp-json\/wp\/v2\/product_brand?post=70346"},{"taxonomy":"product_cat","embeddable":true,"href":"https:\/\/brandss.com.py\/index\/wp-json\/wp\/v2\/product_cat?post=70346"},{"taxonomy":"product_tag","embeddable":true,"href":"https:\/\/brandss.com.py\/index\/wp-json\/wp\/v2\/product_tag?post=70346"}],"curies":[{"name":"wp","href":"https:\/\/api.w.org\/{rel}","templated":true}]}}