{"id":70360,"date":"2025-02-08T13:42:50","date_gmt":"2025-02-08T13:42:50","guid":{"rendered":"https:\/\/brandss.com.py\/index\/?post_type=product&#038;p=70360"},"modified":"2025-02-08T13:43:16","modified_gmt":"2025-02-08T13:43:16","slug":"sujetador-deportivo-femenino-adidas-aeroready-designed-2-move-2","status":"publish","type":"product","link":"https:\/\/brandss.com.py\/index\/producto\/sujetador-deportivo-femenino-adidas-aeroready-designed-2-move-2\/","title":{"rendered":"SUJETADOR DEPORTIVO FEMENINO ADIDAS AEROREADY DESIGNED 2 MOVE"},"content":{"rendered":"<p><img loading=\"lazy\" decoding=\"async\" class=\"\" src=\"https:\/\/encrypted-tbn0.gstatic.com\/images?q=tbn:ANd9GcSGLJC-hmcfN9t5pvZRmFrTBktTfr4lpdWKTA&amp;s\" alt=\"Archivo:Adidas Logo.svg - Wikipedia, la enciclopedia libre\" width=\"98\" height=\"66\" \/><\/p>\n<h1>AEROREADY DESIGNED 2 MOVE<\/h1>\n<p>Al principio, su estilo atrevido llamar\u00e1 tu atenci\u00f3n, pero una vez que lo pruebes, los detalles de dise\u00f1o inteligentes, como el panel de malla en la espalda y el sistema AEROREADY que absorbe la humedad, te convertir\u00e1n en una fan\u00e1tica. Este top deportivo de adidas tiene un ajuste ce\u00f1ido y un soporte ligero, perfecto para clases de barra o yoga. Este producto est\u00e1 fabricado con Primegreen, una serie de materiales reciclados de alto rendimiento.<\/p>\n<p><b>ABSORCI\u00d3N DE HUMEDAD<\/b><br \/>\nEl tejido con tecnolog\u00eda AEROREADY absorbe la humedad del cuerpo.<\/p>\n<p><b>VENTILACI\u00d3N ADICIONAL<\/b><br \/>\nEspalda de malla para una circulaci\u00f3n de aire \u00f3ptima.<\/p>\n<p>&nbsp;<\/p>\n<h3><span class=\"a-text-bold\">Detalles:<\/span><\/h3>\n<p>&nbsp;<\/p>\n<ul class=\"a-unordered-list a-vertical\">\n<li><span class=\"a-list-item\">Ajuste ce\u00f1ido con soporte ligero.<\/span><\/li>\n<li><span class=\"a-list-item\">Escote redondo.<\/span><\/li>\n<li><span class=\"a-list-item\">Principal: 89% poli\u00e9ster reciclado, 11% elastano interlock.<\/span><\/li>\n<li><span class=\"a-list-item\">Panel trasero: malla de poli\u00e9ster 100% reciclado.<\/span><\/li>\n<li><span class=\"a-list-item\">Absorbente de humedad.<\/span><\/li>\n<li><span class=\"a-list-item\">Panel de espalda deportiva de malla.<\/span><\/li>\n<li><span class=\"a-list-item\">Malla.<\/span><\/li>\n<li><span class=\"a-list-item\">Primegreen.<\/span><\/li>\n<li>Color: Cinqua\/Negro<\/li>\n<li>Modelo: GL3828<\/li>\n<\/ul>\n","protected":false},"excerpt":{"rendered":"<p>AEROREADY DESIGNED 2 MOVE Al principio, su estilo atrevido llamar\u00e1 tu atenci\u00f3n, pero una vez que lo pruebes, los detalles<\/p>\n","protected":false},"featured_media":70361,"comment_status":"open","ping_status":"closed","template":"","meta":{"nf_dc_page":""},"product_brand":[],"product_cat":[73],"product_tag":[],"class_list":{"0":"post-70360","1":"product","2":"type-product","3":"status-publish","4":"has-post-thumbnail","6":"product_cat-femenino","8":"first","9":"instock","10":"shipping-taxable","11":"purchasable","12":"product-type-simple"},"_links":{"self":[{"href":"https:\/\/brandss.com.py\/index\/wp-json\/wp\/v2\/product\/70360","targetHints":{"allow":["GET"]}}],"collection":[{"href":"https:\/\/brandss.com.py\/index\/wp-json\/wp\/v2\/product"}],"about":[{"href":"https:\/\/brandss.com.py\/index\/wp-json\/wp\/v2\/types\/product"}],"replies":[{"embeddable":true,"href":"https:\/\/brandss.com.py\/index\/wp-json\/wp\/v2\/comments?post=70360"}],"version-history":[{"count":1,"href":"https:\/\/brandss.com.py\/index\/wp-json\/wp\/v2\/product\/70360\/revisions"}],"predecessor-version":[{"id":70367,"href":"https:\/\/brandss.com.py\/index\/wp-json\/wp\/v2\/product\/70360\/revisions\/70367"}],"wp:featuredmedia":[{"embeddable":true,"href":"https:\/\/brandss.com.py\/index\/wp-json\/wp\/v2\/media\/70361"}],"wp:attachment":[{"href":"https:\/\/brandss.com.py\/index\/wp-json\/wp\/v2\/media?parent=70360"}],"wp:term":[{"taxonomy":"product_brand","embeddable":true,"href":"https:\/\/brandss.com.py\/index\/wp-json\/wp\/v2\/product_brand?post=70360"},{"taxonomy":"product_cat","embeddable":true,"href":"https:\/\/brandss.com.py\/index\/wp-json\/wp\/v2\/product_cat?post=70360"},{"taxonomy":"product_tag","embeddable":true,"href":"https:\/\/brandss.com.py\/index\/wp-json\/wp\/v2\/product_tag?post=70360"}],"curies":[{"name":"wp","href":"https:\/\/api.w.org\/{rel}","templated":true}]}}