{"id":70384,"date":"2025-02-08T14:25:01","date_gmt":"2025-02-08T14:25:01","guid":{"rendered":"https:\/\/brandss.com.py\/index\/?post_type=product&#038;p=70384"},"modified":"2026-04-11T13:21:33","modified_gmt":"2026-04-11T13:21:33","slug":"leggings-deportivo-femenino-adidas-designed-to-move-3-stripes-7-8","status":"publish","type":"product","link":"https:\/\/brandss.com.py\/index\/producto\/leggings-deportivo-femenino-adidas-designed-to-move-3-stripes-7-8\/","title":{"rendered":"LEGGINGS DEPORTIVO FEMENINO ADIDAS DESIGNED TO MOVE 3 STRIPES 7\/8"},"content":{"rendered":"<p><img loading=\"lazy\" decoding=\"async\" class=\"\" src=\"https:\/\/encrypted-tbn0.gstatic.com\/images?q=tbn:ANd9GcSGLJC-hmcfN9t5pvZRmFrTBktTfr4lpdWKTA&amp;s\" alt=\"Archivo:Adidas Logo.svg - Wikipedia, la enciclopedia libre\" width=\"109\" height=\"73\" \/><\/p>\n<h1>DESIGNED TO MOVE 3 STRIPES 7\/8<\/h1>\n<p>Este leggins deportivo adidas est\u00e1 hecho para entrenamientos duros. El tejido AEROREADY ofrece una sensaci\u00f3n seca y fresca a todo lo que hagas, desde kickboxing hasta yoga. Tiene un bolsillo interior en el que cabe tu m\u00f3vil de forma segura para ejercitarte con tu m\u00fasica favorita. Es de cintura alta para combinarlo f\u00e1cilmente con todo.<\/p>\n<p>Este producto est\u00e1 hecho con Primegreen, una serie de materiales reciclados de alto desempe\u00f1o.<\/p>\n<p>&nbsp;<\/p>\n<p><strong>INSTRUCCIONES DE LAVADO<\/strong><\/p>\n<ul>\n<li>No usar blanqueador<\/li>\n<li>Puede utilizarse secadora en tempratura baja.<\/li>\n<li>No lavar en seco.<\/li>\n<li>Planchar a temperatura baja.<\/li>\n<li>Lavar a m\u00e1quina en temperatura fr\u00eda y en ciclo normal.<\/li>\n<\/ul>\n<p><strong>INFORMACI\u00d3N ADICIONAL SOBRE EL CUIDADO<\/strong><\/p>\n<ul>\n<li>No usar suavizante<\/li>\n<li>Usar \u00fanicamente detergente suave<\/li>\n<li>Lavar por separado<\/li>\n<li>No planchar detalles decorativos<\/li>\n<\/ul>\n<h3>Detalles:<\/h3>\n<ul>\n<li>Corte ajustado<\/li>\n<li>Cintura el\u00e1stica de corte alto<\/li>\n<li>Tejido entrelazado 89 % poli\u00e9ster, 11 % elastano<\/li>\n<li>Dise\u00f1o transpirable<\/li>\n<li>Bolsillo interior en la parte trasera de la cintura<\/li>\n<li>Largo de pierna de siete octavos<\/li>\n<li>Primegreen<\/li>\n<li>Color: Dark Grey Heather \/ White<\/li>\n<li>Modelo: GL4043<\/li>\n<\/ul>\n","protected":false},"excerpt":{"rendered":"<p>DESIGNED TO MOVE 3 STRIPES 7\/8 Este leggins deportivo adidas est\u00e1 hecho para entrenamientos duros. El tejido AEROREADY ofrece una<\/p>\n","protected":false},"featured_media":70385,"comment_status":"open","ping_status":"closed","template":"","meta":{"nf_dc_page":""},"product_brand":[],"product_cat":[73],"product_tag":[],"class_list":{"0":"post-70384","1":"product","2":"type-product","3":"status-publish","4":"has-post-thumbnail","6":"product_cat-femenino","8":"first","9":"outofstock","10":"shipping-taxable","11":"purchasable","12":"product-type-simple"},"_links":{"self":[{"href":"https:\/\/brandss.com.py\/index\/wp-json\/wp\/v2\/product\/70384","targetHints":{"allow":["GET"]}}],"collection":[{"href":"https:\/\/brandss.com.py\/index\/wp-json\/wp\/v2\/product"}],"about":[{"href":"https:\/\/brandss.com.py\/index\/wp-json\/wp\/v2\/types\/product"}],"replies":[{"embeddable":true,"href":"https:\/\/brandss.com.py\/index\/wp-json\/wp\/v2\/comments?post=70384"}],"version-history":[{"count":1,"href":"https:\/\/brandss.com.py\/index\/wp-json\/wp\/v2\/product\/70384\/revisions"}],"predecessor-version":[{"id":70391,"href":"https:\/\/brandss.com.py\/index\/wp-json\/wp\/v2\/product\/70384\/revisions\/70391"}],"wp:featuredmedia":[{"embeddable":true,"href":"https:\/\/brandss.com.py\/index\/wp-json\/wp\/v2\/media\/70385"}],"wp:attachment":[{"href":"https:\/\/brandss.com.py\/index\/wp-json\/wp\/v2\/media?parent=70384"}],"wp:term":[{"taxonomy":"product_brand","embeddable":true,"href":"https:\/\/brandss.com.py\/index\/wp-json\/wp\/v2\/product_brand?post=70384"},{"taxonomy":"product_cat","embeddable":true,"href":"https:\/\/brandss.com.py\/index\/wp-json\/wp\/v2\/product_cat?post=70384"},{"taxonomy":"product_tag","embeddable":true,"href":"https:\/\/brandss.com.py\/index\/wp-json\/wp\/v2\/product_tag?post=70384"}],"curies":[{"name":"wp","href":"https:\/\/api.w.org\/{rel}","templated":true}]}}