{"id":70392,"date":"2025-02-08T16:25:06","date_gmt":"2025-02-08T16:25:06","guid":{"rendered":"https:\/\/brandss.com.py\/index\/?post_type=product&#038;p=70392"},"modified":"2026-04-11T13:21:33","modified_gmt":"2026-04-11T13:21:33","slug":"leggings-deportivo-femenino-adidas-designed-to-move-aeroready-7-8","status":"publish","type":"product","link":"https:\/\/brandss.com.py\/index\/producto\/leggings-deportivo-femenino-adidas-designed-to-move-aeroready-7-8\/","title":{"rendered":"LEGGINGS DEPORTIVO FEMENINO ADIDAS DESIGNED TO MOVE AEROREADY 7\/8"},"content":{"rendered":"<p><img loading=\"lazy\" decoding=\"async\" class=\"\" src=\"https:\/\/encrypted-tbn0.gstatic.com\/images?q=tbn:ANd9GcSGLJC-hmcfN9t5pvZRmFrTBktTfr4lpdWKTA&amp;s\" alt=\"Archivo:Adidas Logo.svg - Wikipedia, la enciclopedia libre\" width=\"119\" height=\"80\" \/><\/p>\n<h1>DESIGNED TO MOVE AEROREADY 7\/8<\/h1>\n<p>A\u00f1ade una dosis de estilo salvaje a tu equipo de entrenamiento. Desde los entrenamientos matutinos hasta las reuniones de todo el d\u00eda o una sesi\u00f3n de yoga por la noche, aprovecha al m\u00e1ximo tu equipo con estos vers\u00e1tiles leggings adidas. AEROREADY absorbe la humedad y te mantiene fresco. Este producto se ha fabricado con Primegreen, una combinaci\u00f3n de materiales reciclados de alto rendimiento.<\/p>\n<ul class=\"a-unordered-list a-vertical a-spacing-small\">\n<li><span class=\"a-list-item a-size-base a-color-base\"><span>Cintura el\u00e1stica con cintura alta.<\/span><\/span><\/li>\n<li><span class=\"a-list-item a-size-base a-color-base\"><span>Interlock 89% poli\u00e9ster reciclado \/ 11% elastano<\/span><\/span><\/li>\n<li><span class=\"a-list-item a-size-base a-color-base\"><span>Dise\u00f1o transpirable<\/span><\/span><\/li>\n<li><span class=\"a-list-item a-size-base a-color-base\"><span>Bolsillo trasero en el interior de la cintura<\/span><\/span><\/li>\n<li><span class=\"a-list-item a-size-base a-color-base\"><span>Largo por encima del tobillo<\/span><\/span><\/li>\n<li>Color: black\/grey four<\/li>\n<li>Modelo: GL4046<\/li>\n<\/ul>\n<p>&nbsp;<\/p>\n","protected":false},"excerpt":{"rendered":"<p>DESIGNED TO MOVE AEROREADY 7\/8 A\u00f1ade una dosis de estilo salvaje a tu equipo de entrenamiento. Desde los entrenamientos matutinos<\/p>\n","protected":false},"featured_media":70393,"comment_status":"open","ping_status":"closed","template":"","meta":{"nf_dc_page":""},"product_brand":[],"product_cat":[73],"product_tag":[],"class_list":{"0":"post-70392","1":"product","2":"type-product","3":"status-publish","4":"has-post-thumbnail","6":"product_cat-femenino","8":"first","9":"outofstock","10":"shipping-taxable","11":"purchasable","12":"product-type-simple"},"_links":{"self":[{"href":"https:\/\/brandss.com.py\/index\/wp-json\/wp\/v2\/product\/70392","targetHints":{"allow":["GET"]}}],"collection":[{"href":"https:\/\/brandss.com.py\/index\/wp-json\/wp\/v2\/product"}],"about":[{"href":"https:\/\/brandss.com.py\/index\/wp-json\/wp\/v2\/types\/product"}],"replies":[{"embeddable":true,"href":"https:\/\/brandss.com.py\/index\/wp-json\/wp\/v2\/comments?post=70392"}],"version-history":[{"count":1,"href":"https:\/\/brandss.com.py\/index\/wp-json\/wp\/v2\/product\/70392\/revisions"}],"predecessor-version":[{"id":70402,"href":"https:\/\/brandss.com.py\/index\/wp-json\/wp\/v2\/product\/70392\/revisions\/70402"}],"wp:featuredmedia":[{"embeddable":true,"href":"https:\/\/brandss.com.py\/index\/wp-json\/wp\/v2\/media\/70393"}],"wp:attachment":[{"href":"https:\/\/brandss.com.py\/index\/wp-json\/wp\/v2\/media?parent=70392"}],"wp:term":[{"taxonomy":"product_brand","embeddable":true,"href":"https:\/\/brandss.com.py\/index\/wp-json\/wp\/v2\/product_brand?post=70392"},{"taxonomy":"product_cat","embeddable":true,"href":"https:\/\/brandss.com.py\/index\/wp-json\/wp\/v2\/product_cat?post=70392"},{"taxonomy":"product_tag","embeddable":true,"href":"https:\/\/brandss.com.py\/index\/wp-json\/wp\/v2\/product_tag?post=70392"}],"curies":[{"name":"wp","href":"https:\/\/api.w.org\/{rel}","templated":true}]}}