{"id":70411,"date":"2025-02-08T16:42:43","date_gmt":"2025-02-08T16:42:43","guid":{"rendered":"https:\/\/brandss.com.py\/index\/?post_type=product&#038;p=70411"},"modified":"2025-02-08T17:04:41","modified_gmt":"2025-02-08T17:04:41","slug":"banador-masculino-adidas-very-length-graphic","status":"publish","type":"product","link":"https:\/\/brandss.com.py\/index\/producto\/banador-masculino-adidas-very-length-graphic\/","title":{"rendered":"BA\u00d1ADOR MASCULINO ADIDAS VERY LENGTH GRAPHIC"},"content":{"rendered":"<p><img loading=\"lazy\" decoding=\"async\" class=\"\" src=\"https:\/\/encrypted-tbn0.gstatic.com\/images?q=tbn:ANd9GcSGLJC-hmcfN9t5pvZRmFrTBktTfr4lpdWKTA&amp;s\" alt=\"Archivo:Adidas Logo.svg - Wikipedia, la enciclopedia libre\" width=\"136\" height=\"91\" \/><\/p>\n<h1>VERY LENGTH GRAPHIC<\/h1>\n<p><span>Disfruta del sol con este ba\u00f1ador adidas. El tejido de secado r\u00e1pido te permite moverte c\u00f3modamente en el agua o en la playa. El divertido estampado est\u00e1 inspirado en la cultura de los festivales. Este producto est\u00e1 dise\u00f1ado con Primegreen, una serie de materiales reciclados de alto rendimiento.<\/span><\/p>\n<ul>\n<li><span>Un ba\u00f1ador corto que se seca r\u00e1pidamente.<\/span><\/li>\n<li><span>Costuras ergon\u00f3micas.<\/span><\/li>\n<li><span>Secado r\u00e1pido.<\/span><\/li>\n<li><span>Verde primario.<\/span><\/li>\n<li><span>Corte muy corto: 34 cm (talla M).<\/span><\/li>\n<li><span>Cintura el\u00e1stica con cord\u00f3n.<\/span><\/li>\n<li><span>Tejido 100% poli\u00e9ster reciclado con acabado repelente al agua libre de PFC.<\/span><\/li>\n<li><span>Slip de malla integrado.<\/span><\/li>\n<li><span>Bolsillos laterales.<\/span><\/li>\n<li>Color: rosa\/verde menta.<\/li>\n<li>Modelo: GM2251.<\/li>\n<\/ul>\n","protected":false},"excerpt":{"rendered":"<p>VERY LENGTH GRAPHIC Disfruta del sol con este ba\u00f1ador adidas. El tejido de secado r\u00e1pido te permite moverte c\u00f3modamente en<\/p>\n","protected":false},"featured_media":70415,"comment_status":"open","ping_status":"closed","template":"","meta":{"nf_dc_page":""},"product_brand":[],"product_cat":[76],"product_tag":[],"class_list":{"0":"post-70411","1":"product","2":"type-product","3":"status-publish","4":"has-post-thumbnail","6":"product_cat-masculino","8":"first","9":"instock","10":"shipping-taxable","11":"purchasable","12":"product-type-simple"},"_links":{"self":[{"href":"https:\/\/brandss.com.py\/index\/wp-json\/wp\/v2\/product\/70411","targetHints":{"allow":["GET"]}}],"collection":[{"href":"https:\/\/brandss.com.py\/index\/wp-json\/wp\/v2\/product"}],"about":[{"href":"https:\/\/brandss.com.py\/index\/wp-json\/wp\/v2\/types\/product"}],"replies":[{"embeddable":true,"href":"https:\/\/brandss.com.py\/index\/wp-json\/wp\/v2\/comments?post=70411"}],"version-history":[{"count":1,"href":"https:\/\/brandss.com.py\/index\/wp-json\/wp\/v2\/product\/70411\/revisions"}],"predecessor-version":[{"id":70421,"href":"https:\/\/brandss.com.py\/index\/wp-json\/wp\/v2\/product\/70411\/revisions\/70421"}],"wp:featuredmedia":[{"embeddable":true,"href":"https:\/\/brandss.com.py\/index\/wp-json\/wp\/v2\/media\/70415"}],"wp:attachment":[{"href":"https:\/\/brandss.com.py\/index\/wp-json\/wp\/v2\/media?parent=70411"}],"wp:term":[{"taxonomy":"product_brand","embeddable":true,"href":"https:\/\/brandss.com.py\/index\/wp-json\/wp\/v2\/product_brand?post=70411"},{"taxonomy":"product_cat","embeddable":true,"href":"https:\/\/brandss.com.py\/index\/wp-json\/wp\/v2\/product_cat?post=70411"},{"taxonomy":"product_tag","embeddable":true,"href":"https:\/\/brandss.com.py\/index\/wp-json\/wp\/v2\/product_tag?post=70411"}],"curies":[{"name":"wp","href":"https:\/\/api.w.org\/{rel}","templated":true}]}}