{"id":70438,"date":"2025-02-08T17:55:35","date_gmt":"2025-02-08T17:55:35","guid":{"rendered":"https:\/\/brandss.com.py\/index\/?post_type=product&#038;p=70438"},"modified":"2025-02-08T17:55:57","modified_gmt":"2025-02-08T17:55:57","slug":"legging-deportivo-femenino-adidas-techfit-long-3-stripes","status":"publish","type":"product","link":"https:\/\/brandss.com.py\/index\/producto\/legging-deportivo-femenino-adidas-techfit-long-3-stripes\/","title":{"rendered":"LEGGING DEPORTIVO FEMENINO ADIDAS TECHFIT LONG 3 STRIPES"},"content":{"rendered":"<p><img loading=\"lazy\" decoding=\"async\" class=\"\" src=\"https:\/\/encrypted-tbn0.gstatic.com\/images?q=tbn:ANd9GcSGLJC-hmcfN9t5pvZRmFrTBktTfr4lpdWKTA&amp;s\" alt=\"Archivo:Adidas Logo.svg - Wikipedia, la enciclopedia libre\" width=\"83\" height=\"56\" \/><\/p>\n<h1>TECHFIT LONG 3 STRIPES<\/h1>\n<p>Cada sesi\u00f3n de cardio, cada d\u00eda de piernas tiene su recompensa. Esta malla multideportiva adidas sujeta tus m\u00fasculos para ayudarte a mantenerte concentrada en tus objetivos. La tecnolog\u00eda AEROREADY evacua el sudor para mantenerte seco en cada sesi\u00f3n, tanto en exteriores como en interiores. Un bolsillo lateral de malla te permite acceder r\u00e1pidamente a tu tel\u00e9fono.<\/p>\n<ul>\n<li>Un legging multideporte para el gimnasio o el estudio.<\/li>\n<li>Inserciones de malla en las piernas.<\/li>\n<li>Primegreen.<\/li>\n<li>Ajuste de compresi\u00f3n.<\/li>\n<li>Cintura el\u00e1stica de media altura.<\/li>\n<li>Interlock 85% poli\u00e9ster reciclado, 15% elastano.<\/li>\n<li>Bolsillo lateral de malla el\u00e9ctrica.<\/li>\n<li>Color: azul marino\/rojo anaranjado<\/li>\n<li>Modelo: GM2850<\/li>\n<\/ul>\n","protected":false},"excerpt":{"rendered":"<p>TECHFIT LONG 3 STRIPES Cada sesi\u00f3n de cardio, cada d\u00eda de piernas tiene su recompensa. Esta malla multideportiva adidas sujeta<\/p>\n","protected":false},"featured_media":70439,"comment_status":"open","ping_status":"closed","template":"","meta":{"nf_dc_page":""},"product_brand":[],"product_cat":[73],"product_tag":[],"class_list":{"0":"post-70438","1":"product","2":"type-product","3":"status-publish","4":"has-post-thumbnail","6":"product_cat-femenino","8":"first","9":"instock","10":"shipping-taxable","11":"purchasable","12":"product-type-simple"},"_links":{"self":[{"href":"https:\/\/brandss.com.py\/index\/wp-json\/wp\/v2\/product\/70438","targetHints":{"allow":["GET"]}}],"collection":[{"href":"https:\/\/brandss.com.py\/index\/wp-json\/wp\/v2\/product"}],"about":[{"href":"https:\/\/brandss.com.py\/index\/wp-json\/wp\/v2\/types\/product"}],"replies":[{"embeddable":true,"href":"https:\/\/brandss.com.py\/index\/wp-json\/wp\/v2\/comments?post=70438"}],"version-history":[{"count":1,"href":"https:\/\/brandss.com.py\/index\/wp-json\/wp\/v2\/product\/70438\/revisions"}],"predecessor-version":[{"id":70449,"href":"https:\/\/brandss.com.py\/index\/wp-json\/wp\/v2\/product\/70438\/revisions\/70449"}],"wp:featuredmedia":[{"embeddable":true,"href":"https:\/\/brandss.com.py\/index\/wp-json\/wp\/v2\/media\/70439"}],"wp:attachment":[{"href":"https:\/\/brandss.com.py\/index\/wp-json\/wp\/v2\/media?parent=70438"}],"wp:term":[{"taxonomy":"product_brand","embeddable":true,"href":"https:\/\/brandss.com.py\/index\/wp-json\/wp\/v2\/product_brand?post=70438"},{"taxonomy":"product_cat","embeddable":true,"href":"https:\/\/brandss.com.py\/index\/wp-json\/wp\/v2\/product_cat?post=70438"},{"taxonomy":"product_tag","embeddable":true,"href":"https:\/\/brandss.com.py\/index\/wp-json\/wp\/v2\/product_tag?post=70438"}],"curies":[{"name":"wp","href":"https:\/\/api.w.org\/{rel}","templated":true}]}}