{"id":70459,"date":"2025-02-08T18:29:44","date_gmt":"2025-02-08T18:29:44","guid":{"rendered":"https:\/\/brandss.com.py\/index\/?post_type=product&#038;p=70459"},"modified":"2025-02-08T18:31:50","modified_gmt":"2025-02-08T18:31:50","slug":"legging-deportivo-femnenino-adidas-loungewear-adicolor-tricolor","status":"publish","type":"product","link":"https:\/\/brandss.com.py\/index\/producto\/legging-deportivo-femnenino-adidas-loungewear-adicolor-tricolor\/","title":{"rendered":"LEGGING DEPORTIVO FEMNENINO ADIDAS LOUNGEWEAR ADICOLOR TRICOLOR"},"content":{"rendered":"<p><img loading=\"lazy\" decoding=\"async\" class=\"\" src=\"https:\/\/encrypted-tbn0.gstatic.com\/images?q=tbn:ANd9GcSGLJC-hmcfN9t5pvZRmFrTBktTfr4lpdWKTA&amp;s\" alt=\"Archivo:Adidas Logo.svg - Wikipedia, la enciclopedia libre\" width=\"141\" height=\"95\" \/><\/p>\n<h1>LOUNGEWEAR ADICOLOR TRICOLOR<\/h1>\n<p style=\"font-weight: 400\">No hay nada como un dise\u00f1o nuevo en una prenda favorita que ya llevas mucho tiempo usando. Estas mallas adidas tienen toda la comodidad suave de tus mallas de todos los d\u00edas. Agrega un logotipo deportivo tricolor del tr\u00e9bol en la parte superior del muslo para darle un toque fresco. El ajuste ce\u00f1ido te brinda una sensaci\u00f3n de sujeci\u00f3n para un look que puedes usar todo el d\u00eda.<\/p>\n<h3 style=\"font-weight: 400\">Detalles:<\/h3>\n<ul style=\"font-weight: 400\">\n<li>Cintura el\u00e1stica de talle medio.<\/li>\n<li>Ajuste ajustado.<\/li>\n<li>Composici\u00f3n: 92% Algod\u00f3n, 8% Elastano jersey sencillo.<\/li>\n<li>Los productos de algod\u00f3n de Adidas apoyan el cultivo sostenible del algod\u00f3n.<\/li>\n<li>Esto es parte de la ambici\u00f3n de adidas de acabar con los residuos pl\u00e1sticos.<\/li>\n<li>\u00a0Logotipo estampado en blanco, rojo y azul en las perneras.<\/li>\n<li>Color: negro\/abigarrado.<\/li>\n<li>Modelo: GN2867.<\/li>\n<\/ul>\n","protected":false},"excerpt":{"rendered":"<p>LOUNGEWEAR ADICOLOR TRICOLOR No hay nada como un dise\u00f1o nuevo en una prenda favorita que ya llevas mucho tiempo usando.<\/p>\n","protected":false},"featured_media":70460,"comment_status":"open","ping_status":"closed","template":"","meta":{"nf_dc_page":""},"product_brand":[],"product_cat":[73],"product_tag":[],"class_list":{"0":"post-70459","1":"product","2":"type-product","3":"status-publish","4":"has-post-thumbnail","6":"product_cat-femenino","8":"first","9":"instock","10":"shipping-taxable","11":"purchasable","12":"product-type-simple"},"_links":{"self":[{"href":"https:\/\/brandss.com.py\/index\/wp-json\/wp\/v2\/product\/70459","targetHints":{"allow":["GET"]}}],"collection":[{"href":"https:\/\/brandss.com.py\/index\/wp-json\/wp\/v2\/product"}],"about":[{"href":"https:\/\/brandss.com.py\/index\/wp-json\/wp\/v2\/types\/product"}],"replies":[{"embeddable":true,"href":"https:\/\/brandss.com.py\/index\/wp-json\/wp\/v2\/comments?post=70459"}],"version-history":[{"count":2,"href":"https:\/\/brandss.com.py\/index\/wp-json\/wp\/v2\/product\/70459\/revisions"}],"predecessor-version":[{"id":70466,"href":"https:\/\/brandss.com.py\/index\/wp-json\/wp\/v2\/product\/70459\/revisions\/70466"}],"wp:featuredmedia":[{"embeddable":true,"href":"https:\/\/brandss.com.py\/index\/wp-json\/wp\/v2\/media\/70460"}],"wp:attachment":[{"href":"https:\/\/brandss.com.py\/index\/wp-json\/wp\/v2\/media?parent=70459"}],"wp:term":[{"taxonomy":"product_brand","embeddable":true,"href":"https:\/\/brandss.com.py\/index\/wp-json\/wp\/v2\/product_brand?post=70459"},{"taxonomy":"product_cat","embeddable":true,"href":"https:\/\/brandss.com.py\/index\/wp-json\/wp\/v2\/product_cat?post=70459"},{"taxonomy":"product_tag","embeddable":true,"href":"https:\/\/brandss.com.py\/index\/wp-json\/wp\/v2\/product_tag?post=70459"}],"curies":[{"name":"wp","href":"https:\/\/api.w.org\/{rel}","templated":true}]}}