{"id":70486,"date":"2025-02-10T11:30:47","date_gmt":"2025-02-10T11:30:47","guid":{"rendered":"https:\/\/brandss.com.py\/index\/?post_type=product&#038;p=70486"},"modified":"2025-02-10T11:31:17","modified_gmt":"2025-02-10T11:31:17","slug":"sujetador-deportivo-femenino-adidas-studio","status":"publish","type":"product","link":"https:\/\/brandss.com.py\/index\/producto\/sujetador-deportivo-femenino-adidas-studio\/","title":{"rendered":"SUJETADOR DEPORTIVO FEMENINO ADIDAS STUDIO"},"content":{"rendered":"<p><img loading=\"lazy\" decoding=\"async\" class=\"\" src=\"https:\/\/encrypted-tbn0.gstatic.com\/images?q=tbn:ANd9GcSGLJC-hmcfN9t5pvZRmFrTBktTfr4lpdWKTA&amp;s\" alt=\"Archivo:Adidas Logo.svg - Wikipedia, la enciclopedia libre\" width=\"76\" height=\"51\" \/><\/p>\n<h1>STUDIO<\/h1>\n<p class=\"PDPDescHighLight-Description\"><span>Fajas moldeadoras para deportistas. Este sujetador deportivo de sujeci\u00f3n media de adidas levanta, moldea y esculpe, a la vez que te da libertad de movimiento. \u00dasalo para bailar, hacer yoga o practicar barra. El tejido sin costuras se siente suave y sedoso sobre la piel. El soporte espec\u00edfico llega donde m\u00e1s lo necesitas, para que te sientas c\u00f3moda pero nunca restringida.<\/span><\/p>\n<p class=\"PDPDescHighLight-Description\"><span>Este producto est\u00e1 fabricado con Primegreen, una serie de materiales reciclados de alto rendimiento.<\/span><\/p>\n<ul class=\"a-unordered-list a-vertical a-spacing-small\">\n<li><span class=\"a-list-item a-size-base a-color-base\"><span>Dise\u00f1o de jersey con escote redondo.<\/span><\/span><\/li>\n<li><span class=\"a-list-item a-size-base a-color-base\"><span>Tejido sin costuras 86 % nailon reciclado \/ 14 % elastano.<\/span><\/span><\/li>\n<li><span class=\"a-list-item a-size-base a-color-base\"><span>Dise\u00f1o con efecto esculpido.<\/span><\/span><\/li>\n<li><span class=\"a-list-item a-size-base a-color-base\"><span>Tirantes tipo racerback y espalda con abertura.<\/span><\/span><\/li>\n<li><span class=\"a-list-item a-size-base a-color-base\"><span>Copas extra\u00edbles.<\/span><\/span><\/li>\n<li>Color: Azul.<\/li>\n<li>Modelo: GN9123.<\/li>\n<\/ul>\n","protected":false},"excerpt":{"rendered":"<p>STUDIO Fajas moldeadoras para deportistas. Este sujetador deportivo de sujeci\u00f3n media de adidas levanta, moldea y esculpe, a la vez<\/p>\n","protected":false},"featured_media":70487,"comment_status":"open","ping_status":"closed","template":"","meta":{"nf_dc_page":""},"product_brand":[],"product_cat":[73],"product_tag":[],"class_list":{"0":"post-70486","1":"product","2":"type-product","3":"status-publish","4":"has-post-thumbnail","6":"product_cat-femenino","8":"first","9":"instock","10":"shipping-taxable","11":"purchasable","12":"product-type-simple"},"_links":{"self":[{"href":"https:\/\/brandss.com.py\/index\/wp-json\/wp\/v2\/product\/70486","targetHints":{"allow":["GET"]}}],"collection":[{"href":"https:\/\/brandss.com.py\/index\/wp-json\/wp\/v2\/product"}],"about":[{"href":"https:\/\/brandss.com.py\/index\/wp-json\/wp\/v2\/types\/product"}],"replies":[{"embeddable":true,"href":"https:\/\/brandss.com.py\/index\/wp-json\/wp\/v2\/comments?post=70486"}],"version-history":[{"count":1,"href":"https:\/\/brandss.com.py\/index\/wp-json\/wp\/v2\/product\/70486\/revisions"}],"predecessor-version":[{"id":70494,"href":"https:\/\/brandss.com.py\/index\/wp-json\/wp\/v2\/product\/70486\/revisions\/70494"}],"wp:featuredmedia":[{"embeddable":true,"href":"https:\/\/brandss.com.py\/index\/wp-json\/wp\/v2\/media\/70487"}],"wp:attachment":[{"href":"https:\/\/brandss.com.py\/index\/wp-json\/wp\/v2\/media?parent=70486"}],"wp:term":[{"taxonomy":"product_brand","embeddable":true,"href":"https:\/\/brandss.com.py\/index\/wp-json\/wp\/v2\/product_brand?post=70486"},{"taxonomy":"product_cat","embeddable":true,"href":"https:\/\/brandss.com.py\/index\/wp-json\/wp\/v2\/product_cat?post=70486"},{"taxonomy":"product_tag","embeddable":true,"href":"https:\/\/brandss.com.py\/index\/wp-json\/wp\/v2\/product_tag?post=70486"}],"curies":[{"name":"wp","href":"https:\/\/api.w.org\/{rel}","templated":true}]}}