{"id":70527,"date":"2025-02-10T12:51:30","date_gmt":"2025-02-10T12:51:30","guid":{"rendered":"https:\/\/brandss.com.py\/index\/?post_type=product&#038;p=70527"},"modified":"2025-02-10T13:16:48","modified_gmt":"2025-02-10T13:16:48","slug":"calzado-deportivo-adidas-femenino-ultraboost-22-heat-rdy","status":"publish","type":"product","link":"https:\/\/brandss.com.py\/index\/producto\/calzado-deportivo-adidas-femenino-ultraboost-22-heat-rdy\/","title":{"rendered":"CALZADO DEPORTIVO ADIDAS FEMENINO ULTRABOOST 22 HEAT.RDY"},"content":{"rendered":"<p><img decoding=\"async\" src=\"https:\/\/encrypted-tbn0.gstatic.com\/images?q=tbn:ANd9GcSGLJC-hmcfN9t5pvZRmFrTBktTfr4lpdWKTA&amp;s\" alt=\"Archivo:Adidas Logo.svg - Wikipedia, la enciclopedia libre\" \/><\/p>\n<h1>GX8057-5<\/h1>\n<p>La<strong>\u00a0zapatilla\u00a0<\/strong><strong>adidas UltraBOOST 22 HEAT.RDY\u00a0<\/strong>para mujer es tu aliada perfecta para acompa\u00f1arte en tus sesiones de\u00a0<strong>running<\/strong>\u00a0en asfalto, ya que te ofrece una mayor propulsi\u00f3n. Este modelo es ideal para tus entrenamientos\u00a0veraniegos de larga distancia y maratones.<\/p>\n<p>Esta zapatilla adidas\u00a0dise\u00f1ada para la morfolog\u00eda femenina dispone de una curva del empeine m\u00e1s baja y un tal\u00f3n m\u00e1s ajustado. De este modelo, beneficias de una sujeci\u00f3n optimizada y de un confort duradero.<\/p>\n<p>Su mediasuela BOOST m\u00e1s resistente con c\u00e1psulas de energ\u00eda te ofrece una excelente amortiguaci\u00f3n y una\u00a0gran\u00a0reactividad. El sistema Linear Energy Push\u00a0aporta una mayor rigidez en el antepi\u00e9 para que te beneficies de un\u00a0retorno de energ\u00eda m\u00e1s din\u00e1mico.<\/p>\n<p>Su dise\u00f1o calcet\u00edn de\u00a0una sola pieza\u00a0y\u00a0su\u00a0upper Primeknit+ te garantizan una buena sujeci\u00f3n del pie y una mayor estabilidad a tu pisada.\u00a0La estructura flexible\u00a0a la altura del mediopi\u00e9 y su tal\u00f3n mejorado te\u00a0proporcionan un gran confort incluso en los momentos m\u00e1s intensos.<\/p>\n<p>El upper de esta\u00a0<strong>zapatilla\u00a0<\/strong><strong>adidas UltraBOOST 22 HEAT.RDY<\/strong>\u00a0cuenta con un forro HEAT.RDY que favorece la ventilaci\u00f3n para preservarte de los inconvenientes causados por las altas temperaturas. Adem\u00e1s, este empeine ha sido fabricado con un 50% de materiales Parley Ocean Plastic\u00a0para contribuir a la\u00a0protecci\u00f3n del planeta.<\/p>\n<p>Su suela Stretchweb con caucho natural Continental Better se basa en la biomec\u00e1nica femenina para evitar la hiperpronaci\u00f3n y\u00a0te asegura una adherencia ejemplar tanto en terrenos secos como h\u00famedos.<\/p>\n<p>&nbsp;<\/p>\n<p>Ventajas de la\u00a0<strong>zapatilla\u00a0<\/strong><strong>adidas UltraBOOST 22\u00a0<\/strong><strong>HEAT.RDY<\/strong><\/p>\n<ul>\n<li><strong>Dise\u00f1ada para la morfolog\u00eda femenina<\/strong><\/li>\n<li><strong>Forro HEAT.RDY<\/strong>: favorece la circulaci\u00f3n del aire y aporta frescor cuando suben las temperaturas<\/li>\n<li><strong>4% de retorno de energ\u00eda suplementario<\/strong><\/li>\n<li><strong>Mediasuela Boost<\/strong>:<strong>\u00a0<\/strong>amortiguaci\u00f3n, retorno de energ\u00eda y durabilidad<\/li>\n<li><strong>Linear Energy Push<\/strong>:<strong>\u00a0<\/strong>15% de rigidez suplementaria en el antepi\u00e9, reactividad y propulsi\u00f3n<\/li>\n<li><strong>Primeknit+:\u00a0<\/strong>ajuste, confort y sujeci\u00f3n<\/li>\n<li><strong>Curva del empeine m\u00e1s baja y tal\u00f3n m\u00e1s ajustado<\/strong>: evita las rozaduras y ofrece una mayor sujeci\u00f3n<\/li>\n<li><strong>Tal\u00f3n acolchado<\/strong>: evita las rozaduras y ofrece una sujeci\u00f3n fiable<\/li>\n<li><strong>Primeblue<\/strong>: materiales reciclados de\u00a0tejidos Parley Ocean Plastic<\/li>\n<li><strong>Dise\u00f1o calcet\u00edn de una sola pieza:\u00a0<\/strong>estabilidad, sujeci\u00f3n y confort<\/li>\n<li><strong>Tal\u00f3n acolchado y mejorado:\u00a0<\/strong>confort<\/li>\n<li><strong>Upper ventilado:\u00a0<\/strong>transpirabilidad<strong><br \/>\n<\/strong><\/li>\n<li><strong>Upper flexible en el mediopi\u00e9:\u00a0<\/strong>sujeci\u00f3n y confort<\/li>\n<li><strong>Tejido compuesto por un 50% de Parley Ocean Plastic y un 50% de poli\u00e9ster reciclado<\/strong><\/li>\n<li><strong>Refuerzo en el tal\u00f3n:\u00a0<\/strong>estabilidad<\/li>\n<li><strong>Suela Stretchweb Continental Better:\u00a0<\/strong>adherencia, tracci\u00f3n y flexibilidad<\/li>\n<li><strong>Caucho natural en la suela:\u00a0<\/strong>respeto al medio ambiente<\/li>\n<li><strong>Plantilla extra\u00edble<\/strong><\/li>\n<li><strong>Drop:\u00a0<\/strong>10 mm<\/li>\n<li><strong>Peso*:\u00a0<\/strong>288 g en talla 40<\/li>\n<li><strong>Color<\/strong>: negro, blanco y rosa<\/li>\n<\/ul>\n","protected":false},"excerpt":{"rendered":"<p>GX8057-5 La\u00a0zapatilla\u00a0adidas UltraBOOST 22 HEAT.RDY\u00a0para mujer es tu aliada perfecta para acompa\u00f1arte en tus sesiones de\u00a0running\u00a0en asfalto, ya que te<\/p>\n","protected":false},"featured_media":70545,"comment_status":"open","ping_status":"closed","template":"","meta":{"nf_dc_page":""},"product_brand":[],"product_cat":[73],"product_tag":[],"class_list":{"0":"post-70527","1":"product","2":"type-product","3":"status-publish","4":"has-post-thumbnail","6":"product_cat-femenino","8":"first","9":"instock","10":"shipping-taxable","11":"purchasable","12":"product-type-simple"},"_links":{"self":[{"href":"https:\/\/brandss.com.py\/index\/wp-json\/wp\/v2\/product\/70527","targetHints":{"allow":["GET"]}}],"collection":[{"href":"https:\/\/brandss.com.py\/index\/wp-json\/wp\/v2\/product"}],"about":[{"href":"https:\/\/brandss.com.py\/index\/wp-json\/wp\/v2\/types\/product"}],"replies":[{"embeddable":true,"href":"https:\/\/brandss.com.py\/index\/wp-json\/wp\/v2\/comments?post=70527"}],"version-history":[{"count":1,"href":"https:\/\/brandss.com.py\/index\/wp-json\/wp\/v2\/product\/70527\/revisions"}],"predecessor-version":[{"id":70532,"href":"https:\/\/brandss.com.py\/index\/wp-json\/wp\/v2\/product\/70527\/revisions\/70532"}],"wp:featuredmedia":[{"embeddable":true,"href":"https:\/\/brandss.com.py\/index\/wp-json\/wp\/v2\/media\/70545"}],"wp:attachment":[{"href":"https:\/\/brandss.com.py\/index\/wp-json\/wp\/v2\/media?parent=70527"}],"wp:term":[{"taxonomy":"product_brand","embeddable":true,"href":"https:\/\/brandss.com.py\/index\/wp-json\/wp\/v2\/product_brand?post=70527"},{"taxonomy":"product_cat","embeddable":true,"href":"https:\/\/brandss.com.py\/index\/wp-json\/wp\/v2\/product_cat?post=70527"},{"taxonomy":"product_tag","embeddable":true,"href":"https:\/\/brandss.com.py\/index\/wp-json\/wp\/v2\/product_tag?post=70527"}],"curies":[{"name":"wp","href":"https:\/\/api.w.org\/{rel}","templated":true}]}}