{"id":70541,"date":"2025-02-10T13:16:52","date_gmt":"2025-02-10T13:16:52","guid":{"rendered":"https:\/\/brandss.com.py\/index\/?post_type=product&#038;p=70541"},"modified":"2025-02-10T13:17:24","modified_gmt":"2025-02-10T13:17:24","slug":"campera-deportivo-masculino-adidas-juventus-3-stripes","status":"publish","type":"product","link":"https:\/\/brandss.com.py\/index\/producto\/campera-deportivo-masculino-adidas-juventus-3-stripes\/","title":{"rendered":"CAMPERA DEPORTIVO MASCULINO ADIDAS JUVENTUS 3 STRIPES"},"content":{"rendered":"<p><img loading=\"lazy\" decoding=\"async\" class=\"\" src=\"https:\/\/static.vecteezy.com\/system\/resources\/previews\/014\/414\/689\/non_2x\/adidas-new-logo-on-transparent-background-free-vector.jpg\" alt=\"nuevo logotipo de adidas sobre fondo transparente 14414689 Vector en  Vecteezy\" width=\"145\" height=\"145\" \/><\/p>\n<h1>JUVENTUS 3 STRIPES<\/h1>\n<h3 class=\"subtitle___9ljbp\"><span>Una sudadera informal para los fans de la Juventus.<\/span><\/h3>\n<p class=\"gl-vspace\"><span>Desde la forma en que pasan el bal\u00f3n hasta las rayas de la camiseta de local. Cuando hablamos del estilo de la Juventus, nos referimos a diferentes capas. Esta camiseta deportiva de f\u00fatbol de adidas tiene un dise\u00f1o tan limpio como el escudo del club. Ll\u00e9vala m\u00e1s all\u00e1 de las l\u00edneas de meta. AEROREADY absorbe la humedad y te mantiene seco. Este producto est\u00e1 fabricado con Primegreen, una serie de materiales reciclados de alto rendimiento.<\/span><\/p>\n<div class=\"accordion__header-text___2o9Im\">\n<h2 class=\"accordion-title___2sTgR\"><span>Cuidado<\/span><\/h2>\n<\/div>\n<div class=\"accordion__header-icon___2FuRa\"><\/div>\n<div class=\"accordion__content___29x9h\">\n<div class=\"content-padding___2kVWQ\">\n<div class=\"care___2GwB4\" data-auto-id=\"pdp-content-care\">\n<div class=\"care-instructions___3scEd\">\n<h4 class=\"care-title___2YJe1 gl-no-margin-bottom\">Instrucciones de lavado<\/h4>\n<ul>\n<li class=\"gl-vspace-bpall-small\"><img loading=\"lazy\" decoding=\"async\" src=\"https:\/\/www.adidas.com\/glass\/react\/21b7306\/assets\/img\/washing-instructions\/B1.svg\" alt=\"\" width=\"24\" height=\"24\" \/>No usa blanqueador<\/li>\n<li class=\"gl-vspace-bpall-small\"><img loading=\"lazy\" decoding=\"async\" src=\"https:\/\/www.adidas.com\/glass\/react\/21b7306\/assets\/img\/washing-instructions\/C2.svg\" alt=\"\" width=\"24\" height=\"24\" \/>Secar en secadora a temperatura baja<\/li>\n<li class=\"gl-vspace-bpall-small\"><img loading=\"lazy\" decoding=\"async\" src=\"https:\/\/www.adidas.com\/glass\/react\/21b7306\/assets\/img\/washing-instructions\/E1.svg\" alt=\"\" width=\"24\" height=\"24\" \/>No lavar en seco<\/li>\n<li class=\"gl-vspace-bpall-small\"><img loading=\"lazy\" decoding=\"async\" src=\"https:\/\/www.adidas.com\/glass\/react\/21b7306\/assets\/img\/washing-instructions\/D2.svg\" alt=\"\" width=\"24\" height=\"24\" \/>Retocar con plancha fr\u00eda<\/li>\n<li class=\"gl-vspace-bpall-small\"><img loading=\"lazy\" decoding=\"async\" src=\"https:\/\/www.adidas.com\/glass\/react\/21b7306\/assets\/img\/washing-instructions\/A5.svg\" alt=\"\" width=\"24\" height=\"24\" \/>Lavar a m\u00e1quina con agua tibia<\/li>\n<\/ul>\n<\/div>\n<div class=\"extra-instructions___2TR8b\">\n<h4 class=\"care-title___2YJe1 gl-no-margin-bottom\">Informaci\u00f3n de cuidados adicionales<\/h4>\n<ul class=\"gl-list margin___QweXS\">\n<li class=\"gl-vspace-bpall-small\">Utilice \u00fanicamente detergente suave<\/li>\n<li class=\"gl-vspace-bpall-small\">Lavar con los cierres cerrados<\/li>\n<li class=\"gl-vspace-bpall-small\">Lavar y planchar del rev\u00e9s.<\/li>\n<li class=\"gl-vspace-bpall-small\">Lavar con colores similares<\/li>\n<\/ul>\n<div class=\"accordion__header-text___2o9Im\">\n<h2 class=\"accordion-title___2sTgR\"><span>Detalles<\/span><\/h2>\n<\/div>\n<div class=\"accordion__header-icon___2FuRa\"><\/div>\n<div class=\"accordion__content___29x9h\">\n<div class=\"content-padding___2kVWQ\">\n<div class=\"bullets___3bsSs\" data-auto-id=\"specifications-section\">\n<ul class=\"gl-list\">\n<li class=\"gl-vspace-bpall-small\"><span>Ajuste regular.<\/span><\/li>\n<li class=\"gl-vspace-bpall-small\"><span>Cremallera completa con cuello alto acanalado.<\/span><\/li>\n<li class=\"gl-vspace-bpall-small\"><span>Tejido franc\u00e9s 100 % poli\u00e9ster reciclado.<\/span><\/li>\n<li class=\"gl-vspace-bpall-small\"><span>Absorbente de humedad.<\/span><\/li>\n<li class=\"gl-vspace-bpall-small\"><span>Bolsillos delanteros con cremallera.<\/span><\/li>\n<li class=\"gl-vspace-bpall-small\"><span>Pu\u00f1os y dobladillo acanalados.<\/span><\/li>\n<li class=\"gl-vspace-bpall-small\"><span>Escudo tejido de la Juventus.<\/span><\/li>\n<li class=\"gl-vspace-bpall-small\"><span>Ilustraci\u00f3n del club debajo del cuello trasero.<\/span><\/li>\n<li class=\"gl-vspace-bpall-small\"><span>Verde primario.<\/span><\/li>\n<li class=\"gl-vspace-bpall-small\"><span>Importado.<\/span><\/li>\n<li class=\"gl-vspace-bpall-small\"><span>Color: Negro \/Blanco.<\/span><\/li>\n<li class=\"gl-vspace-bpall-small\"><span>Modelo: GR2929.<\/span><\/li>\n<\/ul>\n<\/div>\n<\/div>\n<\/div>\n<\/div>\n<\/div>\n<\/div>\n<\/div>\n","protected":false},"excerpt":{"rendered":"<p>JUVENTUS 3 STRIPES Una sudadera informal para los fans de la Juventus. Desde la forma en que pasan el bal\u00f3n<\/p>\n","protected":false},"featured_media":70544,"comment_status":"open","ping_status":"closed","template":"","meta":{"nf_dc_page":""},"product_brand":[],"product_cat":[76],"product_tag":[],"class_list":{"0":"post-70541","1":"product","2":"type-product","3":"status-publish","4":"has-post-thumbnail","6":"product_cat-masculino","8":"first","9":"instock","10":"shipping-taxable","11":"purchasable","12":"product-type-simple"},"_links":{"self":[{"href":"https:\/\/brandss.com.py\/index\/wp-json\/wp\/v2\/product\/70541","targetHints":{"allow":["GET"]}}],"collection":[{"href":"https:\/\/brandss.com.py\/index\/wp-json\/wp\/v2\/product"}],"about":[{"href":"https:\/\/brandss.com.py\/index\/wp-json\/wp\/v2\/types\/product"}],"replies":[{"embeddable":true,"href":"https:\/\/brandss.com.py\/index\/wp-json\/wp\/v2\/comments?post=70541"}],"version-history":[{"count":1,"href":"https:\/\/brandss.com.py\/index\/wp-json\/wp\/v2\/product\/70541\/revisions"}],"predecessor-version":[{"id":70555,"href":"https:\/\/brandss.com.py\/index\/wp-json\/wp\/v2\/product\/70541\/revisions\/70555"}],"wp:featuredmedia":[{"embeddable":true,"href":"https:\/\/brandss.com.py\/index\/wp-json\/wp\/v2\/media\/70544"}],"wp:attachment":[{"href":"https:\/\/brandss.com.py\/index\/wp-json\/wp\/v2\/media?parent=70541"}],"wp:term":[{"taxonomy":"product_brand","embeddable":true,"href":"https:\/\/brandss.com.py\/index\/wp-json\/wp\/v2\/product_brand?post=70541"},{"taxonomy":"product_cat","embeddable":true,"href":"https:\/\/brandss.com.py\/index\/wp-json\/wp\/v2\/product_cat?post=70541"},{"taxonomy":"product_tag","embeddable":true,"href":"https:\/\/brandss.com.py\/index\/wp-json\/wp\/v2\/product_tag?post=70541"}],"curies":[{"name":"wp","href":"https:\/\/api.w.org\/{rel}","templated":true}]}}