{"id":70572,"date":"2025-02-10T13:44:53","date_gmt":"2025-02-10T13:44:53","guid":{"rendered":"https:\/\/brandss.com.py\/index\/?post_type=product&#038;p=70572"},"modified":"2025-02-10T13:45:37","modified_gmt":"2025-02-10T13:45:37","slug":"sujetador-deportivo-femenino-adidas-believe-this-3bar-logo","status":"publish","type":"product","link":"https:\/\/brandss.com.py\/index\/producto\/sujetador-deportivo-femenino-adidas-believe-this-3bar-logo\/","title":{"rendered":"SUJETADOR DEPORTIVO FEMENINO ADIDAS BELIEVE THIS 3BAR LOGO"},"content":{"rendered":"<p><img loading=\"lazy\" decoding=\"async\" class=\"\" src=\"https:\/\/static.vecteezy.com\/system\/resources\/previews\/014\/414\/689\/non_2x\/adidas-new-logo-on-transparent-background-free-vector.jpg\" alt=\"nuevo logotipo de adidas sobre fondo transparente 14414689 Vector en  Vecteezy\" width=\"106\" height=\"106\" \/><\/p>\n<h1>BELIEVE THIS<\/h1>\n<p>Puede que no creas que puedes hacer una repetici\u00f3n m\u00e1s, pero puedes. Puede que no creas que puedes subir esa \u00faltima colina, pero lo har\u00e1s. Este sujetador de entrenamiento de adidas ofrece un soporte medio para las sesiones m\u00e1s intensas. La tecnolog\u00eda AEROREADY absorbe el sudor para mantenerte seca. Entrenamiento completo, nivel superior desbloqueado.<\/p>\n<p><span>Descubre la comodidad y el estilo del deporte con el sujetador deportivo para mujer Adidas BT 3BAR LOGO B. Este sujetador deportivo es la elecci\u00f3n perfecta para tu estilo de vida activo, ya que proporciona excelente soporte y comodidad. La combinaci\u00f3n de dise\u00f1o moderno y materiales de calidad garantiza una satisfacci\u00f3n a largo plazo.<\/span><\/p>\n<ul>\n<li><strong><span>Composici\u00f3n del material de calidad:<\/span><\/strong><span>\u00a0El sujetador deportivo Adidas est\u00e1 fabricado con material transpirable y el\u00e1stico que garantiza la comodidad de la piel durante el ejercicio.<\/span><\/li>\n<li><strong><span>Aspecto elegante:<\/span><\/strong><span>\u00a0el dise\u00f1o con el ic\u00f3nico logotipo 3BAR le da un aspecto \u00fanico.<\/span><\/li>\n<li><strong><span>Dise\u00f1o funcional:<\/span><\/strong><span>\u00a0Las l\u00edneas de corte ergon\u00f3micas garantizan un ajuste \u00f3ptimo y libertad de movimiento.<\/span><\/li>\n<li>Ajuste ce\u00f1ido con soporte medio.<\/li>\n<li>Composici\u00f3n del material: 89% poli\u00e9ster reciclado + 11% elastano<\/li>\n<li>Color: azul menta \/blanco.<\/li>\n<li>Modelo: GR8025.<\/li>\n<\/ul>\n<p><span>S\u00e9 parte de la experiencia deportiva con el sujetador deportivo para mujer Adidas BT 3BAR LOGO B, que te apoyar\u00e1 durante cada entrenamiento. \u00a1Elige calidad y estilo al mismo tiempo!<\/span><\/p>\n<p>&nbsp;<\/p>\n","protected":false},"excerpt":{"rendered":"<p>BELIEVE THIS Puede que no creas que puedes hacer una repetici\u00f3n m\u00e1s, pero puedes. Puede que no creas que puedes<\/p>\n","protected":false},"featured_media":70576,"comment_status":"open","ping_status":"closed","template":"","meta":{"nf_dc_page":""},"product_brand":[],"product_cat":[73],"product_tag":[],"class_list":{"0":"post-70572","1":"product","2":"type-product","3":"status-publish","4":"has-post-thumbnail","6":"product_cat-femenino","8":"first","9":"instock","10":"shipping-taxable","11":"purchasable","12":"product-type-simple"},"_links":{"self":[{"href":"https:\/\/brandss.com.py\/index\/wp-json\/wp\/v2\/product\/70572","targetHints":{"allow":["GET"]}}],"collection":[{"href":"https:\/\/brandss.com.py\/index\/wp-json\/wp\/v2\/product"}],"about":[{"href":"https:\/\/brandss.com.py\/index\/wp-json\/wp\/v2\/types\/product"}],"replies":[{"embeddable":true,"href":"https:\/\/brandss.com.py\/index\/wp-json\/wp\/v2\/comments?post=70572"}],"version-history":[{"count":1,"href":"https:\/\/brandss.com.py\/index\/wp-json\/wp\/v2\/product\/70572\/revisions"}],"predecessor-version":[{"id":70589,"href":"https:\/\/brandss.com.py\/index\/wp-json\/wp\/v2\/product\/70572\/revisions\/70589"}],"wp:featuredmedia":[{"embeddable":true,"href":"https:\/\/brandss.com.py\/index\/wp-json\/wp\/v2\/media\/70576"}],"wp:attachment":[{"href":"https:\/\/brandss.com.py\/index\/wp-json\/wp\/v2\/media?parent=70572"}],"wp:term":[{"taxonomy":"product_brand","embeddable":true,"href":"https:\/\/brandss.com.py\/index\/wp-json\/wp\/v2\/product_brand?post=70572"},{"taxonomy":"product_cat","embeddable":true,"href":"https:\/\/brandss.com.py\/index\/wp-json\/wp\/v2\/product_cat?post=70572"},{"taxonomy":"product_tag","embeddable":true,"href":"https:\/\/brandss.com.py\/index\/wp-json\/wp\/v2\/product_tag?post=70572"}],"curies":[{"name":"wp","href":"https:\/\/api.w.org\/{rel}","templated":true}]}}