{"id":70598,"date":"2025-02-10T14:24:34","date_gmt":"2025-02-10T14:24:34","guid":{"rendered":"https:\/\/brandss.com.py\/index\/?post_type=product&#038;p=70598"},"modified":"2025-02-10T14:25:11","modified_gmt":"2025-02-10T14:25:11","slug":"legging-deportivo-femenino-adidas-techfit-adilife","status":"publish","type":"product","link":"https:\/\/brandss.com.py\/index\/producto\/legging-deportivo-femenino-adidas-techfit-adilife\/","title":{"rendered":"LEGGING DEPORTIVO FEMENINO ADIDAS TECHFIT ADILIFE"},"content":{"rendered":"<p><img loading=\"lazy\" decoding=\"async\" class=\"\" src=\"https:\/\/static.vecteezy.com\/system\/resources\/previews\/014\/414\/689\/non_2x\/adidas-new-logo-on-transparent-background-free-vector.jpg\" alt=\"nuevo logotipo de adidas sobre fondo transparente 14414689 Vector en  Vecteezy\" width=\"95\" height=\"95\" \/><\/p>\n<h1>TECHFIT ADILIFE<\/h1>\n<h3 class=\"subtitle___9ljbp\">Licras de entrenamiento con ajuste de compresi\u00f3n y bosillo de malla para smartphone<\/h3>\n<p class=\"gl-vspace\">Aumenta el n\u00famero de repeticiones en el gimnasio o mejora tus tiempos en tus intervalos de 400 metros. Estas licras adidas con tecnolog\u00eda Techfit te envuelven con una sensaci\u00f3n de compresi\u00f3n para los entrenamientos de velocidad y fuerza. La tecnolog\u00eda AEROREADY ayuda a mantener tu piel seca en todo momento y la cintura de pretina alta te proporciona mayor sujeci\u00f3n y un ajuste m\u00e1s c\u00f3modo.<\/p>\n<div class=\"highlight___3fa4r\">\n<div class=\"highlight-text___lgoJI\">\n<h3 class=\"highlight-text__headline___25B2G\">Transforma el problema en la soluci\u00f3n<\/h3>\n<p>Este producto est\u00e1 hecho con Primegreen, una serie de materiales reciclados de alto desempe\u00f1o.<\/p>\n<\/div>\n<\/div>\n<div class=\"highlight___3fa4r\">\n<div class=\"highlight-text___lgoJI\">\n<h3 class=\"highlight-text__headline___25B2G\">No pierdas la concentraci\u00f3n<\/h3>\n<p>Hechas en materiales absorbentes con tecnolog\u00eda de absorci\u00f3n adidas AEROREADY que manteniene tu piel seca mientras te mueves.<\/p>\n<\/div>\n<\/div>\n<div class=\"highlight___3fa4r\">\n<div class=\"highlight-text___lgoJI\">\n<h3 class=\"highlight-text__headline___25B2G\">Techfit<\/h3>\n<p>La tecnolog\u00eda Techfit concentra la energ\u00eda de tus m\u00fasculos para generar m\u00e1ximo poder explosivo, aceleraci\u00f3n y resistencia.<\/p>\n<div class=\"accordion__header-text___2o9Im\">\n<h2 class=\"accordion-title___2sTgR\">Caracter\u00edsticas<\/h2>\n<\/div>\n<div class=\"accordion__header-icon___2FuRa\"><\/div>\n<div class=\"accordion__content___29x9h\">\n<div class=\"content-padding___2kVWQ\">\n<div class=\"features-section___1pumR\">\n<div class=\"item___1X-1_\"><img decoding=\"async\" class=\"img_with_fallback___2aHBu feature-icon___3S9eQ alignleft\" src=\"https:\/\/brand.assets.adidas.com\/image\/upload\/waist_high_b13226f1e7.png\" alt=\"\" data-auto-id=\"image\" \/>&nbsp;<\/p>\n<p class=\"feature-icon-text___3Owgv\">Pretina alta.<\/p>\n<\/div>\n<div class=\"item___1X-1_\"><img decoding=\"async\" class=\"img_with_fallback___2aHBu feature-icon___3S9eQ alignleft\" src=\"https:\/\/brand.assets.adidas.com\/image\/upload\/lenght_full_2f07c9661d.png\" alt=\"\" data-auto-id=\"image\" \/>&nbsp;<\/p>\n<p class=\"feature-icon-text___3Owgv\">Largo completo.<\/p>\n<\/div>\n<div class=\"item___1X-1_\"><img decoding=\"async\" class=\"img_with_fallback___2aHBu feature-icon___3S9eQ alignleft\" src=\"https:\/\/brand.assets.adidas.com\/image\/upload\/tech_aeroready_c05f642f69.png\" alt=\"\" data-auto-id=\"image\" \/>&nbsp;<\/p>\n<p class=\"feature-icon-text___3Owgv\">AEROREADY<\/p>\n<p class=\"feature-icon-summary-small___31Rc0\">controla la humedad.<\/p>\n<\/div>\n<\/div>\n<\/div>\n<p>&nbsp;<\/p>\n<\/div>\n<\/div>\n<\/div>\n<div class=\"accordion__header-text___2o9Im\">\n<h2><\/h2>\n<h2 class=\"accordion-title___2sTgR\">Cuidados<\/h2>\n<\/div>\n<div class=\"accordion__header-icon___2FuRa\"><\/div>\n<div class=\"accordion__content___29x9h\">\n<div class=\"content-padding___2kVWQ\">\n<div class=\"care___2GwB4\" data-auto-id=\"pdp-content-care\">\n<div class=\"care-instructions___3scEd\">\n<h4 class=\"care-title___2YJe1 gl-no-margin-bottom\">Instrucciones de lavado<\/h4>\n<ul>\n<li class=\"gl-vspace-bpall-small\"><img loading=\"lazy\" decoding=\"async\" src=\"https:\/\/www.adidas.pe\/glass\/react\/21b7306\/assets\/img\/washing-instructions\/B1.svg\" alt=\"\" width=\"24\" height=\"24\" \/>No usar blanqueador<\/li>\n<li class=\"gl-vspace-bpall-small\"><img loading=\"lazy\" decoding=\"async\" src=\"https:\/\/www.adidas.pe\/glass\/react\/21b7306\/assets\/img\/washing-instructions\/C2.svg\" alt=\"\" width=\"24\" height=\"24\" \/>Secar a potencia baja<\/li>\n<li class=\"gl-vspace-bpall-small\"><img loading=\"lazy\" decoding=\"async\" src=\"https:\/\/www.adidas.pe\/glass\/react\/21b7306\/assets\/img\/washing-instructions\/E1.svg\" alt=\"\" width=\"24\" height=\"24\" \/>No lavar en seco<\/li>\n<li class=\"gl-vspace-bpall-small\"><img loading=\"lazy\" decoding=\"async\" src=\"https:\/\/www.adidas.pe\/glass\/react\/21b7306\/assets\/img\/washing-instructions\/D2.svg\" alt=\"\" width=\"24\" height=\"24\" \/>Retoque con plancha fria<\/li>\n<li class=\"gl-vspace-bpall-small\"><img loading=\"lazy\" decoding=\"async\" src=\"https:\/\/www.adidas.pe\/glass\/react\/21b7306\/assets\/img\/washing-instructions\/A4.svg\" alt=\"\" width=\"24\" height=\"24\" \/>Lavado a maquina agua fria ciclo delicado<\/li>\n<\/ul>\n<\/div>\n<div class=\"extra-instructions___2TR8b\">\n<h4 class=\"care-title___2YJe1 gl-no-margin-bottom\">Informaci\u00f3n adicional sobre el cuidado<\/h4>\n<ul class=\"gl-list margin___QweXS\">\n<li class=\"gl-vspace-bpall-small\">No usar suavizante<\/li>\n<li class=\"gl-vspace-bpall-small\">Usar \u00fanicamente detergente suave<\/li>\n<li class=\"gl-vspace-bpall-small\">Lavar y planchar al rev\u00e9s<\/li>\n<li class=\"gl-vspace-bpall-small\">Lavar colores oscuros por separado<\/li>\n<\/ul>\n<div class=\"accordion__header-text___2o9Im\">\n<h2 class=\"accordion-title___2sTgR\">Detalles<\/h2>\n<\/div>\n<div class=\"accordion__header-icon___2FuRa\"><\/div>\n<div class=\"accordion__content___29x9h\">\n<div class=\"content-padding___2kVWQ\">\n<div class=\"bullets___3bsSs\" data-auto-id=\"specifications-section\">\n<ul class=\"gl-list\">\n<li class=\"gl-vspace-bpall-small\">Corte ajustado.<\/li>\n<li class=\"gl-vspace-bpall-small\">Cintura el\u00e1stica.<\/li>\n<li class=\"gl-vspace-bpall-small\">Tejido entrelazado 85 % poli\u00e9ster reciclado, 15 % elastano.<\/li>\n<li class=\"gl-vspace-bpall-small\">Absorbentes.<\/li>\n<li class=\"gl-vspace-bpall-small\">Pretina Alta.<\/li>\n<li class=\"gl-vspace-bpall-small\">Bolsillo en malla Power-mesh.<\/li>\n<li class=\"gl-vspace-bpall-small\">Primegreen.<\/li>\n<li class=\"gl-vspace-bpall-small\">Color: Victory Crimson.<\/li>\n<li class=\"gl-vspace-bpall-small\">Modelo: GR8032.<\/li>\n<\/ul>\n<\/div>\n<\/div>\n<\/div>\n<\/div>\n<\/div>\n<\/div>\n<\/div>\n","protected":false},"excerpt":{"rendered":"<p>TECHFIT ADILIFE Licras de entrenamiento con ajuste de compresi\u00f3n y bosillo de malla para smartphone Aumenta el n\u00famero de repeticiones<\/p>\n","protected":false},"featured_media":70600,"comment_status":"open","ping_status":"closed","template":"","meta":{"nf_dc_page":""},"product_brand":[],"product_cat":[73],"product_tag":[],"class_list":{"0":"post-70598","1":"product","2":"type-product","3":"status-publish","4":"has-post-thumbnail","6":"product_cat-femenino","8":"first","9":"instock","10":"shipping-taxable","11":"purchasable","12":"product-type-simple"},"_links":{"self":[{"href":"https:\/\/brandss.com.py\/index\/wp-json\/wp\/v2\/product\/70598","targetHints":{"allow":["GET"]}}],"collection":[{"href":"https:\/\/brandss.com.py\/index\/wp-json\/wp\/v2\/product"}],"about":[{"href":"https:\/\/brandss.com.py\/index\/wp-json\/wp\/v2\/types\/product"}],"replies":[{"embeddable":true,"href":"https:\/\/brandss.com.py\/index\/wp-json\/wp\/v2\/comments?post=70598"}],"version-history":[{"count":1,"href":"https:\/\/brandss.com.py\/index\/wp-json\/wp\/v2\/product\/70598\/revisions"}],"predecessor-version":[{"id":70614,"href":"https:\/\/brandss.com.py\/index\/wp-json\/wp\/v2\/product\/70598\/revisions\/70614"}],"wp:featuredmedia":[{"embeddable":true,"href":"https:\/\/brandss.com.py\/index\/wp-json\/wp\/v2\/media\/70600"}],"wp:attachment":[{"href":"https:\/\/brandss.com.py\/index\/wp-json\/wp\/v2\/media?parent=70598"}],"wp:term":[{"taxonomy":"product_brand","embeddable":true,"href":"https:\/\/brandss.com.py\/index\/wp-json\/wp\/v2\/product_brand?post=70598"},{"taxonomy":"product_cat","embeddable":true,"href":"https:\/\/brandss.com.py\/index\/wp-json\/wp\/v2\/product_cat?post=70598"},{"taxonomy":"product_tag","embeddable":true,"href":"https:\/\/brandss.com.py\/index\/wp-json\/wp\/v2\/product_tag?post=70598"}],"curies":[{"name":"wp","href":"https:\/\/api.w.org\/{rel}","templated":true}]}}