{"id":70616,"date":"2025-02-10T14:45:44","date_gmt":"2025-02-10T14:45:44","guid":{"rendered":"https:\/\/brandss.com.py\/index\/?post_type=product&#038;p=70616"},"modified":"2026-01-26T11:28:51","modified_gmt":"2026-01-26T11:28:51","slug":"calzado-deportivo-adidas-masculino-alphatorsion-2-0","status":"publish","type":"product","link":"https:\/\/brandss.com.py\/index\/producto\/calzado-deportivo-adidas-masculino-alphatorsion-2-0\/","title":{"rendered":"CALZADO DEPORTIVO ADIDAS MASCULINO ALPHATORSION 2.0"},"content":{"rendered":"<p><img decoding=\"async\" src=\"https:\/\/encrypted-tbn0.gstatic.com\/images?q=tbn:ANd9GcSGLJC-hmcfN9t5pvZRmFrTBktTfr4lpdWKTA&amp;s\" alt=\"Archivo:Adidas Logo.svg - Wikipedia, la enciclopedia libre\" \/><\/p>\n<h1>GY0591<\/h1>\n<h3><strong>Caracter\u00edsticas<\/strong><\/h3>\n<h4><strong>Dise\u00f1o y Construcci\u00f3n<\/strong><\/h4>\n<ul>\n<li><strong>Parte superior de malla transpirable<\/strong>, que mantiene los pies frescos y c\u00f3modos en todo momento.<\/li>\n<li><strong>Dise\u00f1o de 360\u00b0 Torsion System<\/strong>, que mejora la estabilidad en movimientos multidireccionales, brindando un mejor control en cada pisada.<\/li>\n<li><strong>Refuerzos sint\u00e9ticos<\/strong> estrat\u00e9gicos que proporcionan durabilidad y ajuste seguro.<\/li>\n<\/ul>\n<h4><strong>Amortiguaci\u00f3n y Confort<\/strong><\/h4>\n<ul>\n<li><strong>Entresuela Bounce<\/strong>, que ofrece una amortiguaci\u00f3n reactiva para una mayor comodidad y retorno de energ\u00eda.<\/li>\n<li><strong>Ajuste ergon\u00f3mico<\/strong>, dise\u00f1ado para adaptarse al pie y mejorar la flexibilidad en movimientos r\u00e1pidos.<\/li>\n<li><strong>Leng\u00fceta acolchada y collar reforzado<\/strong>, para un ajuste c\u00f3modo y seguro.<\/li>\n<\/ul>\n<h4><strong>Suela y Tracci\u00f3n<\/strong><\/h4>\n<ul>\n<li><strong>Suela de caucho de alta resistencia<\/strong>, con patrones de tracci\u00f3n optimizados para mayor agarre en distintas superficies.<\/li>\n<li><strong>Estructura liviana<\/strong>, que permite una movilidad \u00e1gil sin sacrificar estabilidad.<\/li>\n<\/ul>\n<h3><strong>\u00bfPara Qui\u00e9n es Ideal?<\/strong><\/h3>\n<p>Este modelo es perfecto para <strong>atletas y entusiastas del fitness<\/strong> que buscan un calzado que les brinde soporte y comodidad en cualquier tipo de entrenamiento, ya sea en el gimnasio, al aire libre o en carreras cortas. Su dise\u00f1o moderno tambi\u00e9n lo hace ideal para quienes desean un <strong>calzado deportivo con estilo<\/strong> para el d\u00eda a d\u00eda.<\/p>\n<p>Los <strong>Adidas Alphatorsion 2.0<\/strong> son una excelente elecci\u00f3n para quienes buscan <strong>versatilidad, estabilidad y amortiguaci\u00f3n<\/strong>, asegurando un desempe\u00f1o \u00f3ptimo en cada actividad.<\/p>\n","protected":false},"excerpt":{"rendered":"<p>GY0591 Caracter\u00edsticas Dise\u00f1o y Construcci\u00f3n Parte superior de malla transpirable, que mantiene los pies frescos y c\u00f3modos en todo momento.<\/p>\n","protected":false},"featured_media":70623,"comment_status":"open","ping_status":"closed","template":"","meta":{"nf_dc_page":""},"product_brand":[],"product_cat":[76],"product_tag":[],"class_list":{"0":"post-70616","1":"product","2":"type-product","3":"status-publish","4":"has-post-thumbnail","6":"product_cat-masculino","8":"first","9":"outofstock","10":"shipping-taxable","11":"purchasable","12":"product-type-simple"},"_links":{"self":[{"href":"https:\/\/brandss.com.py\/index\/wp-json\/wp\/v2\/product\/70616","targetHints":{"allow":["GET"]}}],"collection":[{"href":"https:\/\/brandss.com.py\/index\/wp-json\/wp\/v2\/product"}],"about":[{"href":"https:\/\/brandss.com.py\/index\/wp-json\/wp\/v2\/types\/product"}],"replies":[{"embeddable":true,"href":"https:\/\/brandss.com.py\/index\/wp-json\/wp\/v2\/comments?post=70616"}],"version-history":[{"count":1,"href":"https:\/\/brandss.com.py\/index\/wp-json\/wp\/v2\/product\/70616\/revisions"}],"predecessor-version":[{"id":70634,"href":"https:\/\/brandss.com.py\/index\/wp-json\/wp\/v2\/product\/70616\/revisions\/70634"}],"wp:featuredmedia":[{"embeddable":true,"href":"https:\/\/brandss.com.py\/index\/wp-json\/wp\/v2\/media\/70623"}],"wp:attachment":[{"href":"https:\/\/brandss.com.py\/index\/wp-json\/wp\/v2\/media?parent=70616"}],"wp:term":[{"taxonomy":"product_brand","embeddable":true,"href":"https:\/\/brandss.com.py\/index\/wp-json\/wp\/v2\/product_brand?post=70616"},{"taxonomy":"product_cat","embeddable":true,"href":"https:\/\/brandss.com.py\/index\/wp-json\/wp\/v2\/product_cat?post=70616"},{"taxonomy":"product_tag","embeddable":true,"href":"https:\/\/brandss.com.py\/index\/wp-json\/wp\/v2\/product_tag?post=70616"}],"curies":[{"name":"wp","href":"https:\/\/api.w.org\/{rel}","templated":true}]}}