{"id":70676,"date":"2025-02-10T16:49:09","date_gmt":"2025-02-10T16:49:09","guid":{"rendered":"https:\/\/brandss.com.py\/index\/?post_type=product&#038;p=70676"},"modified":"2025-02-10T16:52:30","modified_gmt":"2025-02-10T16:52:30","slug":"sujetador-deportivo-femenino-adidas-believe-this","status":"publish","type":"product","link":"https:\/\/brandss.com.py\/index\/producto\/sujetador-deportivo-femenino-adidas-believe-this\/","title":{"rendered":"SUJETADOR DEPORTIVO FEMENINO ADIDAS BELIEVE THIS"},"content":{"rendered":"<p><img loading=\"lazy\" decoding=\"async\" class=\"\" src=\"https:\/\/static.vecteezy.com\/system\/resources\/previews\/014\/414\/689\/non_2x\/adidas-new-logo-on-transparent-background-free-vector.jpg\" alt=\"nuevo logotipo de adidas sobre fondo transparente 14414689 Vector en  Vecteezy\" width=\"99\" height=\"99\" \/><\/p>\n<h1>BELIEVE THIS<\/h1>\n<div class=\"accordion__header-icon___2FuRa\"><\/div>\n<div class=\"accordion__content___29x9h\">\n<div class=\"content-padding___2kVWQ\">\n<div class=\"description___29WFI\">\n<div class=\"text-content___13aRm\">\n<h3 class=\"subtitle___9ljbp\">Un sujetador de sujeci\u00f3n media con dise\u00f1o de tiras en la espalda.<\/h3>\n<p class=\"gl-vspace\">Tu cuerpo te lleva a donde te lleve la m\u00fasica. La mejor parte de aprender una nueva rutina es el crecimiento que experimentas. Este sujetador de sujeci\u00f3n media de adidas controla el rebote a medida que te mueves para que puedas estirarte y fluir con confianza. El sistema de gesti\u00f3n de la humedad AEROREADY te mantiene seca mientras sudas. Las inserciones de malla ofrecen transpirabilidad en las zonas de mayor transpiraci\u00f3n. Porque cuando est\u00e1s solo con la m\u00fasica, es hora de entrar en onda.<\/p>\n<div class=\"accordion__header-text___2o9Im\">\n<h2 class=\"accordion-title___2sTgR\">Caracter\u00edsticas<\/h2>\n<\/div>\n<div class=\"accordion__header-icon___2FuRa\"><\/div>\n<div class=\"accordion__content___29x9h\">\n<div class=\"content-padding___2kVWQ\">\n<div class=\"features-section___1pumR\">\n<div class=\"item___1X-1_\"><img decoding=\"async\" class=\"img_with_fallback___2aHBu feature-icon___3S9eQ\" src=\"https:\/\/brand.assets.adidas.com\/image\/upload\/support_medium_36d9aa7bf3.jpg\" alt=\"\" data-auto-id=\"image\" \/><\/p>\n<p class=\"feature-icon-text___3Owgv\">Soporte medio<\/p>\n<p class=\"feature-icon-summary-small___31Rc0\">Soporte medio<\/p>\n<\/div>\n<div class=\"item___1X-1_\"><img decoding=\"async\" class=\"img_with_fallback___2aHBu feature-icon___3S9eQ\" src=\"https:\/\/brand.assets.adidas.com\/image\/upload\/straps_non_detachable_e84b4539d9.jpg\" alt=\"\" data-auto-id=\"image\" \/><\/p>\n<p class=\"feature-icon-text___3Owgv\">Correas no desmontables<\/p>\n<p class=\"feature-icon-summary-small___31Rc0\">Correas no desmontables<\/p>\n<\/div>\n<div class=\"item___1X-1_\"><img decoding=\"async\" class=\"img_with_fallback___2aHBu feature-icon___3S9eQ\" src=\"https:\/\/brand.assets.adidas.com\/image\/upload\/padding_removable_cf1ca6b7b1.jpg\" alt=\"\" data-auto-id=\"image\" \/><\/p>\n<p class=\"feature-icon-text___3Owgv\">Acolchado extra\u00edble<\/p>\n<div class=\"accordion__header-text___2o9Im\">\n<h2 class=\"accordion-title___2sTgR\">Cuidado<\/h2>\n<\/div>\n<div class=\"accordion__header-icon___2FuRa\"><\/div>\n<div class=\"accordion__content___29x9h\">\n<div class=\"content-padding___2kVWQ\">\n<div class=\"care___2GwB4\" data-auto-id=\"pdp-content-care\">\n<div class=\"care-instructions___3scEd\">\n<h4 class=\"care-title___2YJe1 gl-no-margin-bottom\">Instrucciones de lavado<\/h4>\n<ul>\n<li class=\"gl-vspace-bpall-small\"><img loading=\"lazy\" decoding=\"async\" src=\"https:\/\/www.adidas.com.my\/glass\/react\/21b7306\/assets\/img\/washing-instructions\/B1.svg\" alt=\"\" width=\"24\" height=\"24\" \/>No usa blanqueador<\/li>\n<li class=\"gl-vspace-bpall-small\"><img loading=\"lazy\" decoding=\"async\" src=\"https:\/\/www.adidas.com.my\/glass\/react\/21b7306\/assets\/img\/washing-instructions\/C1.svg\" alt=\"\" width=\"24\" height=\"24\" \/>No secar en secadora<\/li>\n<li class=\"gl-vspace-bpall-small\"><img loading=\"lazy\" decoding=\"async\" src=\"https:\/\/www.adidas.com.my\/glass\/react\/21b7306\/assets\/img\/washing-instructions\/E1.svg\" alt=\"\" width=\"24\" height=\"24\" \/>No lavar en seco<\/li>\n<li class=\"gl-vspace-bpall-small\"><img loading=\"lazy\" decoding=\"async\" src=\"https:\/\/www.adidas.com.my\/glass\/react\/21b7306\/assets\/img\/washing-instructions\/D1.svg\" alt=\"\" width=\"24\" height=\"24\" \/>No planchar<\/li>\n<li class=\"gl-vspace-bpall-small\"><img loading=\"lazy\" decoding=\"async\" src=\"https:\/\/www.adidas.com.my\/glass\/react\/21b7306\/assets\/img\/washing-instructions\/A4.svg\" alt=\"\" width=\"24\" height=\"24\" \/>Lavar a m\u00e1quina en ciclo delicado con agua fr\u00eda.<\/li>\n<\/ul>\n<\/div>\n<div class=\"extra-instructions___2TR8b\">\n<h4 class=\"care-title___2YJe1 gl-no-margin-bottom\">Informaci\u00f3n de cuidados adicionales<\/h4>\n<ul class=\"gl-list margin___QweXS\">\n<li class=\"gl-vspace-bpall-small\">No utilice suavizante de telas.<\/li>\n<li class=\"gl-vspace-bpall-small\">Utilice \u00fanicamente detergente suave<\/li>\n<li class=\"gl-vspace-bpall-small\">Lavar por separado<\/li>\n<\/ul>\n<section class=\"content-item___3yeDy content-visibility-auto full-width-never___3eH3H overflow___16dqW visible accordion-content-item___27JBt\">\n<div id=\"navigation-target-specifications\">\n<div class=\"accordion___14pj8 accordion--open___14Ep0\" data-testid=\"accordion\">\n<div class=\"accordion__header-text___2o9Im\">\n<h2 class=\"accordion-title___2sTgR\"><span>Detalles<\/span><\/h2>\n<\/div>\n<div class=\"accordion__header-icon___2FuRa\"><\/div>\n<div class=\"accordion__content___29x9h\">\n<div class=\"content-padding___2kVWQ\">\n<div class=\"bullets___3bsSs\" data-auto-id=\"specifications-section\">\n<ul class=\"gl-list\">\n<li class=\"gl-vspace-bpall-small\"><span>Ajuste ce\u00f1ido.<\/span><\/li>\n<li class=\"gl-vspace-bpall-small\"><span>Cuello redondo.<\/span><\/li>\n<li class=\"gl-vspace-bpall-small\"><span>Jersey sencillo 75 % poli\u00e9ster reciclado, 25 % elastano.<\/span><\/li>\n<li class=\"gl-vspace-bpall-small\"><span>Malla transpirable de alta resistencia.<\/span><\/li>\n<li class=\"gl-vspace-bpall-small\"><span>Absorbente de humedad.<\/span><\/li>\n<li class=\"gl-vspace-bpall-small\"><span>Espalda con tiras.<\/span><\/li>\n<li class=\"gl-vspace-bpall-small\"><span>Estilo jersey de sujeci\u00f3n media.<\/span><\/li>\n<li class=\"gl-vspace-bpall-small\"><span>Acolchado extra\u00edble.<\/span><\/li>\n<li class=\"gl-vspace-bpall-small\"><span>Banda de dobladillo transpirable.<\/span><\/li>\n<li class=\"gl-vspace-bpall-small\"><span>Jersey sencillo.<\/span><\/li>\n<li class=\"gl-vspace-bpall-small\"><span>Color: Negro \/ Carmes\u00ed Victoria.<\/span><\/li>\n<li class=\"gl-vspace-bpall-small\"><span>Modelo: GR8183.<\/span><\/li>\n<\/ul>\n<\/div>\n<\/div>\n<\/div>\n<\/div>\n<\/div>\n<\/section>\n<\/div>\n<\/div>\n<\/div>\n<\/div>\n<\/div>\n<\/div>\n<\/div>\n<\/div>\n<\/div>\n<\/div>\n<\/div>\n<\/div>\n","protected":false},"excerpt":{"rendered":"<p>BELIEVE THIS Un sujetador de sujeci\u00f3n media con dise\u00f1o de tiras en la espalda. Tu cuerpo te lleva a donde<\/p>\n","protected":false},"featured_media":70678,"comment_status":"open","ping_status":"closed","template":"","meta":{"nf_dc_page":""},"product_brand":[],"product_cat":[73],"product_tag":[],"class_list":{"0":"post-70676","1":"product","2":"type-product","3":"status-publish","4":"has-post-thumbnail","6":"product_cat-femenino","8":"first","9":"instock","10":"shipping-taxable","11":"purchasable","12":"product-type-simple"},"_links":{"self":[{"href":"https:\/\/brandss.com.py\/index\/wp-json\/wp\/v2\/product\/70676","targetHints":{"allow":["GET"]}}],"collection":[{"href":"https:\/\/brandss.com.py\/index\/wp-json\/wp\/v2\/product"}],"about":[{"href":"https:\/\/brandss.com.py\/index\/wp-json\/wp\/v2\/types\/product"}],"replies":[{"embeddable":true,"href":"https:\/\/brandss.com.py\/index\/wp-json\/wp\/v2\/comments?post=70676"}],"version-history":[{"count":1,"href":"https:\/\/brandss.com.py\/index\/wp-json\/wp\/v2\/product\/70676\/revisions"}],"predecessor-version":[{"id":70684,"href":"https:\/\/brandss.com.py\/index\/wp-json\/wp\/v2\/product\/70676\/revisions\/70684"}],"wp:featuredmedia":[{"embeddable":true,"href":"https:\/\/brandss.com.py\/index\/wp-json\/wp\/v2\/media\/70678"}],"wp:attachment":[{"href":"https:\/\/brandss.com.py\/index\/wp-json\/wp\/v2\/media?parent=70676"}],"wp:term":[{"taxonomy":"product_brand","embeddable":true,"href":"https:\/\/brandss.com.py\/index\/wp-json\/wp\/v2\/product_brand?post=70676"},{"taxonomy":"product_cat","embeddable":true,"href":"https:\/\/brandss.com.py\/index\/wp-json\/wp\/v2\/product_cat?post=70676"},{"taxonomy":"product_tag","embeddable":true,"href":"https:\/\/brandss.com.py\/index\/wp-json\/wp\/v2\/product_tag?post=70676"}],"curies":[{"name":"wp","href":"https:\/\/api.w.org\/{rel}","templated":true}]}}