{"id":70789,"date":"2025-02-11T11:09:09","date_gmt":"2025-02-11T11:09:09","guid":{"rendered":"https:\/\/brandss.com.py\/index\/?post_type=product&#038;p=70789"},"modified":"2025-02-11T11:10:52","modified_gmt":"2025-02-11T11:10:52","slug":"chaqueta-deportivo-femenino-adidas-branded-elastic-layering-con-capucha","status":"publish","type":"product","link":"https:\/\/brandss.com.py\/index\/producto\/chaqueta-deportivo-femenino-adidas-branded-elastic-layering-con-capucha\/","title":{"rendered":"CHAQUETA DEPORTIVO FEMENINO ADIDAS BRANDED ELASTIC LAYERING CON CAPUCHA"},"content":{"rendered":"<p><img loading=\"lazy\" decoding=\"async\" class=\"\" src=\"https:\/\/static.vecteezy.com\/system\/resources\/previews\/014\/414\/689\/non_2x\/adidas-new-logo-on-transparent-background-free-vector.jpg\" alt=\"nuevo logotipo de adidas sobre fondo transparente 14414689 Vector en  Vecteezy\" width=\"81\" height=\"81\" \/><\/p>\n<h1>BRANDED ELASTIC LAYERING<\/h1>\n<p><span>Cuando corres, quieres una chaqueta que te mantenga seco cuando empiezas a sudar. Esta chaqueta de entrenamiento de adidas est\u00e1 confeccionada con tecnolog\u00eda AEROREADY que absorbe la humedad para mantenerte c\u00f3modo durante todo el entrenamiento. La cinturilla con la marca y el cierre completo permiten combinarla con otras prendas.<\/span><\/p>\n<ul>\n<li><span>Ajuste regular.<\/span><\/li>\n<li>Color: Wonder white \/White.<\/li>\n<li>Modelo: GS5356.<\/li>\n<\/ul>\n","protected":false},"excerpt":{"rendered":"<p>BRANDED ELASTIC LAYERING Cuando corres, quieres una chaqueta que te mantenga seco cuando empiezas a sudar. Esta chaqueta de entrenamiento<\/p>\n","protected":false},"featured_media":70790,"comment_status":"open","ping_status":"closed","template":"","meta":{"nf_dc_page":""},"product_brand":[],"product_cat":[73],"product_tag":[],"class_list":{"0":"post-70789","1":"product","2":"type-product","3":"status-publish","4":"has-post-thumbnail","6":"product_cat-femenino","8":"first","9":"instock","10":"shipping-taxable","11":"purchasable","12":"product-type-simple"},"_links":{"self":[{"href":"https:\/\/brandss.com.py\/index\/wp-json\/wp\/v2\/product\/70789","targetHints":{"allow":["GET"]}}],"collection":[{"href":"https:\/\/brandss.com.py\/index\/wp-json\/wp\/v2\/product"}],"about":[{"href":"https:\/\/brandss.com.py\/index\/wp-json\/wp\/v2\/types\/product"}],"replies":[{"embeddable":true,"href":"https:\/\/brandss.com.py\/index\/wp-json\/wp\/v2\/comments?post=70789"}],"version-history":[{"count":1,"href":"https:\/\/brandss.com.py\/index\/wp-json\/wp\/v2\/product\/70789\/revisions"}],"predecessor-version":[{"id":70801,"href":"https:\/\/brandss.com.py\/index\/wp-json\/wp\/v2\/product\/70789\/revisions\/70801"}],"wp:featuredmedia":[{"embeddable":true,"href":"https:\/\/brandss.com.py\/index\/wp-json\/wp\/v2\/media\/70790"}],"wp:attachment":[{"href":"https:\/\/brandss.com.py\/index\/wp-json\/wp\/v2\/media?parent=70789"}],"wp:term":[{"taxonomy":"product_brand","embeddable":true,"href":"https:\/\/brandss.com.py\/index\/wp-json\/wp\/v2\/product_brand?post=70789"},{"taxonomy":"product_cat","embeddable":true,"href":"https:\/\/brandss.com.py\/index\/wp-json\/wp\/v2\/product_cat?post=70789"},{"taxonomy":"product_tag","embeddable":true,"href":"https:\/\/brandss.com.py\/index\/wp-json\/wp\/v2\/product_tag?post=70789"}],"curies":[{"name":"wp","href":"https:\/\/api.w.org\/{rel}","templated":true}]}}