{"id":70881,"date":"2025-02-11T13:18:28","date_gmt":"2025-02-11T13:18:28","guid":{"rendered":"https:\/\/brandss.com.py\/index\/?post_type=product&#038;p=70881"},"modified":"2026-04-11T13:21:32","modified_gmt":"2026-04-11T13:21:32","slug":"sujetador-deportivo-femenino-adidas-3","status":"publish","type":"product","link":"https:\/\/brandss.com.py\/index\/producto\/sujetador-deportivo-femenino-adidas-3\/","title":{"rendered":"SUJETADOR DEPORTIVO FEMENINO ADIDAS"},"content":{"rendered":"<p><img decoding=\"async\" src=\"https:\/\/encrypted-tbn0.gstatic.com\/images?q=tbn:ANd9GcSGLJC-hmcfN9t5pvZRmFrTBktTfr4lpdWKTA&amp;s\" alt=\"Archivo:Adidas Logo.svg - Wikipedia, la enciclopedia libre\" \/><\/p>\n<h1>GU9523<\/h1>\n<div class=\"flex-1 overflow-hidden @container\/thread translate-y-[2rem] -mt-[2rem] pb-[1.5rem]\">\n<div class=\"h-full\">\n<div class=\"react-scroll-to-bottom--css-pckqz-79elbk h-full\">\n<div class=\"react-scroll-to-bottom--css-pckqz-1n7m0yu\">\n<div class=\"flex flex-col text-sm md:pb-9\">\n<article class=\"w-full text-token-text-primary focus-visible:outline-2 focus-visible:outline-offset-[-4px]\" dir=\"auto\" data-testid=\"conversation-turn-15\" data-scroll-anchor=\"true\">\n<div class=\"m-auto text-base py-[18px] px-6\">\n<div class=\"mx-auto flex flex-1 gap-4 text-base md:gap-5 lg:gap-6 md:max-w-3xl lg:max-w-[40rem] xl:max-w-[48rem]\">\n<div class=\"group\/conversation-turn relative flex w-full min-w-0 flex-col agent-turn @xs\/thread:px-0 @sm\/thread:px-1.5 @md\/thread:px-4\">\n<div class=\"flex-col gap-1 md:gap-3\">\n<div class=\"flex max-w-full flex-col flex-grow\">\n<div class=\"min-h-8 text-message flex w-full flex-col items-end gap-2 whitespace-normal break-words text-start [.text-message+&amp;]:mt-5\" dir=\"auto\" data-message-author-role=\"assistant\" data-message-id=\"af68ca49-bb20-4a9f-9d3d-b78361a7c85b\" data-message-model-slug=\"gpt-4o\">\n<div class=\"flex w-full flex-col gap-1 empty:hidden first:pt-[3px]\">\n<div class=\"markdown prose w-full break-words dark:prose-invert light\">\n<p data-start=\"92\" data-end=\"475\">Eleva tu rendimiento con este <strong data-start=\"122\" data-end=\"152\">sujetador deportivo Adidas<\/strong>, dise\u00f1ado para brindarte <strong data-start=\"178\" data-end=\"227\">sujeci\u00f3n, transpirabilidad y un ajuste c\u00f3modo<\/strong> en cada entrenamiento. Su dise\u00f1o sin costuras y su confecci\u00f3n en materiales t\u00e9cnicos de alto rendimiento te permitir\u00e1n moverte con <strong data-start=\"359\" data-end=\"377\">total libertad<\/strong>, mientras que su est\u00e9tica moderna y minimalista le da un toque sofisticado a tu look deportivo.<\/p>\n<hr data-start=\"477\" data-end=\"480\" \/>\n<h3 data-start=\"482\" data-end=\"516\"><strong data-start=\"486\" data-end=\"514\">\ud83d\udd39 Caracter\u00edsticas Clave<\/strong><\/h3>\n<p data-start=\"517\" data-end=\"1111\">\u2714 <strong data-start=\"519\" data-end=\"548\">Material t\u00e9cnico premium:<\/strong> combinaci\u00f3n de poli\u00e9ster reciclado, nailon y elastano para elasticidad y confort<br data-start=\"629\" data-end=\"632\" \/>\u2714 <strong data-start=\"634\" data-end=\"675\">Tejido transpirable Adidas Aeroready:<\/strong> absorbe el sudor y mantiene la piel seca<br data-start=\"716\" data-end=\"719\" \/>\u2714 <strong data-start=\"721\" data-end=\"745\">Dise\u00f1o sin costuras:<\/strong> reduce la fricci\u00f3n y ofrece una sensaci\u00f3n de segunda piel<br data-start=\"803\" data-end=\"806\" \/>\u2714 <strong data-start=\"808\" data-end=\"844\">Banda inferior ancha y el\u00e1stica:<\/strong> mayor estabilidad y ajuste seguro<br data-start=\"878\" data-end=\"881\" \/>\u2714 <strong data-start=\"883\" data-end=\"959\">Correas anchas para mejor distribuci\u00f3n del peso y confort en los hombros<\/strong><br data-start=\"959\" data-end=\"962\" \/>\u2714 <strong data-start=\"964\" data-end=\"989\">Ajuste de compresi\u00f3n:<\/strong> ideal para entrenamientos de bajo a medio impacto<br data-start=\"1039\" data-end=\"1042\" \/>\u2714 <strong data-start=\"1044\" data-end=\"1063\">Dise\u00f1o moderno:<\/strong> estampado sutil que aporta un toque de estilo<\/p>\n<hr data-start=\"1113\" data-end=\"1116\" \/>\n<h3 data-start=\"1118\" data-end=\"1142\"><strong data-start=\"1122\" data-end=\"1140\">\ud83d\udd39 Ideal Para:<\/strong><\/h3>\n<p data-start=\"1143\" data-end=\"1461\">\ud83e\uddd8 <strong data-start=\"1146\" data-end=\"1165\">Yoga y pilates:<\/strong> libertad de movimiento sin restricciones<br data-start=\"1206\" data-end=\"1209\" \/>\ud83c\udfc3 <strong data-start=\"1212\" data-end=\"1247\">Entrenamientos de bajo impacto:<\/strong> trotar, caminar o sesiones de estiramiento<br data-start=\"1290\" data-end=\"1293\" \/>\ud83c\udfcb\ufe0f <strong data-start=\"1297\" data-end=\"1320\">Gimnasio y fitness:<\/strong> estabilidad y comodidad en cada repetici\u00f3n<br data-start=\"1363\" data-end=\"1366\" \/>\ud83d\udc83 <strong data-start=\"1369\" data-end=\"1391\">Estilo athleisure:<\/strong> perfecto para combinar con leggings y llevar un look deportivo chic<\/p>\n<hr data-start=\"1463\" data-end=\"1466\" \/>\n<h3 data-start=\"1468\" data-end=\"1505\"><strong data-start=\"1472\" data-end=\"1503\">\ud83d\udd39 Cuidados y Mantenimiento<\/strong><\/h3>\n<p data-start=\"1506\" data-end=\"1791\">\ud83d\udfe1 <strong data-start=\"1509\" data-end=\"1536\">Lavar a m\u00e1quina en fr\u00edo<\/strong> con programa para prendas delicadas<br data-start=\"1572\" data-end=\"1575\" \/>\ud83d\udfe1 <strong data-start=\"1578\" data-end=\"1600\">No usar suavizante<\/strong> para preservar la transpirabilidad del tejido<br data-start=\"1646\" data-end=\"1649\" \/>\ud83d\udfe1 <strong data-start=\"1652\" data-end=\"1686\">Lavar del rev\u00e9s y por separado<\/strong> para evitar el desgaste<br data-start=\"1710\" data-end=\"1713\" \/>\ud83d\udfe1 <strong data-start=\"1716\" data-end=\"1740\">Secado al aire libre<\/strong> para mantener la elasticidad y la forma original<\/p>\n<p data-start=\"1793\" data-end=\"1963\">Este <strong data-start=\"1798\" data-end=\"1818\">sujetador Adidas<\/strong> es la combinaci\u00f3n perfecta entre <strong data-start=\"1852\" data-end=\"1888\">tecnolog\u00eda, rendimiento y dise\u00f1o<\/strong>, ideal para quienes buscan <strong data-start=\"1916\" data-end=\"1960\">comodidad y estilo en cada entrenamiento<\/strong>.<\/p>\n<p data-start=\"1965\" data-end=\"2028\" data-is-last-node=\"\">\ud83d\udca5 <strong data-start=\"1968\" data-end=\"2028\" data-is-last-node=\"\">Mu\u00e9vete con confianza y siente la diferencia con Adidas.<\/strong><\/p>\n<\/div>\n<\/div>\n<\/div>\n<\/div>\n<div class=\"mb-2 flex gap-3 empty:hidden -ml-2\">\n<div class=\"items-center justify-start rounded-xl p-1 flex\">\n<div class=\"flex items-center\"><\/div>\n<\/div>\n<\/div>\n<\/div>\n<\/div>\n<\/div>\n<\/div>\n<\/article>\n<\/div>\n<\/div>\n<\/div>\n<\/div>\n<\/div>\n","protected":false},"excerpt":{"rendered":"<p>GU9523 Eleva tu rendimiento con este sujetador deportivo Adidas, dise\u00f1ado para brindarte sujeci\u00f3n, transpirabilidad y un ajuste c\u00f3modo en cada<\/p>\n","protected":false},"featured_media":70882,"comment_status":"open","ping_status":"closed","template":"","meta":{"nf_dc_page":""},"product_brand":[],"product_cat":[73],"product_tag":[],"class_list":{"0":"post-70881","1":"product","2":"type-product","3":"status-publish","4":"has-post-thumbnail","6":"product_cat-femenino","8":"first","9":"outofstock","10":"shipping-taxable","11":"purchasable","12":"product-type-simple"},"_links":{"self":[{"href":"https:\/\/brandss.com.py\/index\/wp-json\/wp\/v2\/product\/70881","targetHints":{"allow":["GET"]}}],"collection":[{"href":"https:\/\/brandss.com.py\/index\/wp-json\/wp\/v2\/product"}],"about":[{"href":"https:\/\/brandss.com.py\/index\/wp-json\/wp\/v2\/types\/product"}],"replies":[{"embeddable":true,"href":"https:\/\/brandss.com.py\/index\/wp-json\/wp\/v2\/comments?post=70881"}],"version-history":[{"count":1,"href":"https:\/\/brandss.com.py\/index\/wp-json\/wp\/v2\/product\/70881\/revisions"}],"predecessor-version":[{"id":70888,"href":"https:\/\/brandss.com.py\/index\/wp-json\/wp\/v2\/product\/70881\/revisions\/70888"}],"wp:featuredmedia":[{"embeddable":true,"href":"https:\/\/brandss.com.py\/index\/wp-json\/wp\/v2\/media\/70882"}],"wp:attachment":[{"href":"https:\/\/brandss.com.py\/index\/wp-json\/wp\/v2\/media?parent=70881"}],"wp:term":[{"taxonomy":"product_brand","embeddable":true,"href":"https:\/\/brandss.com.py\/index\/wp-json\/wp\/v2\/product_brand?post=70881"},{"taxonomy":"product_cat","embeddable":true,"href":"https:\/\/brandss.com.py\/index\/wp-json\/wp\/v2\/product_cat?post=70881"},{"taxonomy":"product_tag","embeddable":true,"href":"https:\/\/brandss.com.py\/index\/wp-json\/wp\/v2\/product_tag?post=70881"}],"curies":[{"name":"wp","href":"https:\/\/api.w.org\/{rel}","templated":true}]}}